{"id":3,"date":"2021-06-29T13:29:16","date_gmt":"2021-06-29T13:29:16","guid":{"rendered":"https:\/\/harma.ee\/?page_id=3"},"modified":"2022-01-07T09:29:04","modified_gmt":"2022-01-07T07:29:04","slug":"privaatsuspoliitika","status":"publish","type":"page","link":"https:\/\/harma.ee\/en\/privaatsuspoliitika\/","title":{"rendered":"Privaatsuspoliitika"},"content":{"rendered":"\t\t<div data-elementor-type=\"wp-page\" data-elementor-id=\"3\" class=\"elementor elementor-3\">\n\t\t\t\t\t\t\t\t\t<section class=\"elementor-section elementor-top-section elementor-element elementor-element-217ba912 elementor-section-boxed elementor-section-height-default elementor-section-height-default\" data-id=\"217ba912\" data-element_type=\"section\">\n\t\t\t\t\t\t<div class=\"elementor-container elementor-column-gap-default\">\n\t\t\t\t\t<div class=\"elementor-column elementor-col-100 elementor-top-column elementor-element elementor-element-350e8e2e\" data-id=\"350e8e2e\" data-element_type=\"column\">\n\t\t\t<div class=\"elementor-widget-wrap elementor-element-populated\">\n\t\t\t\t\t\t\t\t<div class=\"elementor-element elementor-element-352d6b03 elementor-widget elementor-widget-text-editor\" data-id=\"352d6b03\" data-element_type=\"widget\" data-widget_type=\"text-editor.default\">\n\t\t\t\t<div class=\"elementor-widget-container\">\n\t\t\t<style>\/*! elementor - v3.13.3 - 28-05-2023 *\/\n.elementor-widget-text-editor.elementor-drop-cap-view-stacked .elementor-drop-cap{background-color:#69727d;color:#fff}.elementor-widget-text-editor.elementor-drop-cap-view-framed .elementor-drop-cap{color:#69727d;border:3px solid;background-color:transparent}.elementor-widget-text-editor:not(.elementor-drop-cap-view-default) .elementor-drop-cap{margin-top:8px}.elementor-widget-text-editor:not(.elementor-drop-cap-view-default) .elementor-drop-cap-letter{width:1em;height:1em}.elementor-widget-text-editor .elementor-drop-cap{float:left;text-align:center;line-height:1;font-size:50px}.elementor-widget-text-editor .elementor-drop-cap-letter{display:inline-block}<\/style>\t\t\t\t<p><\/p>\n<h1 class=\"nm-block-heading has-text-align-center\">\u00a0<\/h1>\n<h1 class=\"nm-block-heading has-text-align-center\">Privaatsuspoliitika<\/h1>\n<p><\/p>\n<p><\/p>\n<p>Viimase muudatuse kuup\u00e4ev: 07.01.2022<\/p>\n<p><\/p>\n<p><\/p>\n<p>Meie klientide isikuandmete kaitse on Vipex AS-le oluline prioriteet. K\u00e4esolev privaatsuspoliitika sisaldab kasulikku infot selle kohta, kuidas ja milleks Vipex AS isikuandmeid kogub, t\u00f6\u00f6tleb ja jagab. \u201eIsikuandmed\u201c on mis tahes teave tuvastatud v\u00f5i tuvastatava f\u00fc\u00fcsilise isiku kohta, n\u00e4iteks nimi, aadress, e-posti aadress jpm.<\/p>\n<p><\/p>\n<p><\/p>\n<p>AS Vipex on 1990. aastal asutatud rahvusvaheliselt tegutsev tootmis- ja kaubandusettev\u00f5te. Oleme \u00fched juhtivad k\u00f5rgekvaliteediliste ehitus- ja siseviimistlusmaterjalide, looduskivitoodete, vannitoam\u00f6\u00f6bli, sanitaartehnika ning kodu- ja laiatarbekaupade tootjaid\/turustajaid meie regioonis.<\/p>\n<p><\/p>\n<p><\/p>\n<p>Vipex AS t\u00f6\u00f6tleb isikuandmeid, et pakkuda klientidele oma tooteid.<\/p>\n<p><\/p>\n<p><\/p>\n<p><strong>1. KELLE ANDMEID ME T\u00d6\u00d6TLEME?<\/strong>\u00a0<\/p>\n<p><\/p>\n<p><\/p>\n<p>Vipex AS t\u00f6\u00f6tleb oma klientide- ja hankijate kontaktisikute isikuandmeid. Lisaks t\u00f6\u00f6tleb Vipex AS ka t\u00f6\u00f6le kandideerijate isikuandmeid.<\/p>\n<p><\/p>\n<p><\/p>\n<p><strong>2. VASTUTAV T\u00d6\u00d6TLEJA<\/strong>\u00a0<br \/>Vipex AS on isikuandmete vastutav t\u00f6\u00f6tleja.<\/p>\n<p><\/p>\n<p><\/p>\n<p><strong>2.1. T\u00f6\u00f6tlemise eesm\u00e4rk ja \u00f5iguslik alus<\/strong>\u00a0<\/p>\n<p><\/p>\n<p><\/p>\n<p>Klientide ja hankijate esindajate ja kontaktiskute andmeid t\u00f6\u00f6tleme me selleks, et pakkuda klientidele oma tooteid, sellisel eesm\u00e4rgil andmete t\u00f6\u00f6tlemise \u00f5iguslikuks aluseks on Vipex AS \u00f5igustatud huvi ning hankija v\u00f5i kliendi vaheline leping.<\/p>\n<p><\/p>\n<p><\/p>\n<p>T\u00f6\u00f6le kandideerijate isikuandmeid t\u00f6\u00f6tleme me selleks, et hinnata kandidaadi kompetentse ning teha kindlaks, kas ta sobib Vipex AS t\u00f6\u00f6tajaks. Kui andmeid t\u00f6\u00f6deldakse sel eesm\u00e4rgil, on t\u00f6\u00f6tlemise \u00f5iguslikuks aluseks olenevalt olukorrast kas Vipex AS \u00f5igustatud huvi v\u00f5i andmesubjekti n\u00f5usolek.<\/p>\n<p><\/p>\n<p><\/p>\n<p><strong>2.2. Kuidas me andmeid kogume?<\/strong>\u00a0<\/p>\n<p><\/p>\n<p><\/p>\n<p>\u00dcldjuhul kogume me isikuandmeid otse andmesubjektidelt, st klientide esindajatelt, meie tooteid kasutavatelt klientide t\u00f6\u00f6tajatelt, t\u00f6\u00f6le kandideerijatelt jt.<\/p>\n<p><\/p>\n<p><\/p>\n<p><strong>2.3. T\u00f6\u00f6deldavate isikuandmete liigid<\/strong>\u00a0<\/p>\n<p><\/p>\n<p><\/p>\n<p>Vipex AS v\u00f5ib t\u00f6\u00f6delda j\u00e4rgmisi isikuandmeid:<\/p>\n<p><\/p>\n<p><\/p>\n<ul class=\"nm-block-list\">\n<li>kontaktandmed, sealhulgas nimi, aadress, telefoninumber ja e-posti aadress;<\/li>\n<li>s\u00fcnniaeg, vanus ja sugu;<\/li>\n<li>t\u00f6\u00f6kohaandmed, sealhulgas t\u00f6\u00f6andja, ametinimetus, ametikoht ja t\u00f6\u00f6alased eelistused;<\/li>\n<li>finantsandmed,<\/li>\n<li>muud isikuandmed, mille te olete teinud avalikult k\u00e4ttesaadavaks v\u00f5i meile k\u00e4ttesaadavaks kolmandate isikute sotsiaalv\u00f5rgustikes nagu LinkedIn, Facebook jt.<\/li>\n<\/ul>\n<p><\/p>\n<p><\/p>\n<p>Vipex AS ei t\u00f6\u00f6tle vastutava t\u00f6\u00f6tlejana isikuandmete eriliike.\u00a0<\/p>\n<p><\/p>\n<p><\/p>\n<p><strong>2.4. Isikuandmete jagamine<\/strong>\u00a0<\/p>\n<p><\/p>\n<p><\/p>\n<p><strong>\u00c4ripartnerid<\/strong>\u00a0<\/p>\n<p><\/p>\n<p><\/p>\n<p>V\u00f5ime jagada teatud liiki isikuandmeid oma \u00e4ripartneritega, kui see on meie \u00e4ri seisukohalt vajalik ja \u00f5igusp\u00e4rane ning jagamine on koosk\u00f5las kehtivate isikuandmete kaitse \u00f5igusaktidega. V\u00f5ime isikuandmeid jagada seoses meie klientidele toodete v\u00f5i teenuste pakkumisega. Isikuandmete sel viisil t\u00f6\u00f6tlemise \u00f5iguslikuks aluseks on meie \u00f5igustatud huvi.<\/p>\n<p><\/p>\n<p><\/p>\n<p><strong>Ametiasutused<\/strong>\u00a0<\/p>\n<p><\/p>\n<p><\/p>\n<p>Seadusega ette n\u00e4htud juhtudel v\u00f5ivad n\u00e4iteks politsei ja muud ametiasutused n\u00f5uda Vipex AS teatud liiki isikuandmete avaldamist. Vipex AS annab f\u00fc\u00fcsiliste isikute isikuandmeid ametiasutustele koosk\u00f5las kehtivate \u00f5igusaktidega. Sel juhul on isikuandmete t\u00f6\u00f6tlemise \u00f5iguslikuks aluseks seadusej\u00e4rgse kohustuse t\u00e4itmine.<\/p>\n<p><\/p>\n<p><\/p>\n<p><strong>\u00dchinemised ja \u00fclev\u00f5tmised<\/strong>\u00a0<\/p>\n<p><\/p>\n<p><\/p>\n<p>Vipex AS-ga seotud v\u00f5imalike \u00fchinemiste v\u00f5i \u00fclev\u00f5tmiste korral saab omandaja (sealhulgas tema n\u00f5ustajad) k\u00f5ik asjaomase Vipex AS ettev\u00f5tte valduses olevad andmed, kaasa arvatud isikuandmed. Sel juhul s\u00f5lmib Vipex AS nende isikutega konfidentsiaalsuslepingu. Isikuandmete sel viisil t\u00f6\u00f6tlemise \u00f5iguslikuks aluseks on meie \u00f5igustatud huvi v\u00f5i seadusej\u00e4rgse kohustuse t\u00e4itmine.<\/p>\n<p><\/p>\n<p><\/p>\n<p><strong>3. ANDMESUBJEKTIDE \u00d5IGUSED<\/strong>\u00a0<\/p>\n<p><\/p>\n<p><\/p>\n<p><strong>3.1. Turundusteated<\/strong>\u00a0<\/p>\n<p><\/p>\n<p><\/p>\n<p>Kui te ei soovi saada Vipex AS-lt turundusteateid, on teil v\u00f5imalik neist loobuda:<\/p>\n<p><\/p>\n<p><\/p>\n<ul class=\"nm-block-list\">\n<li>j\u00e4rgides iga turundusteate jaluses olevaid loobumisjuhiseid;<\/li>\n<li>v\u00f5ttes meiega \u00fchendust e-posti aadressil\u00a0<a href=\"mailto:info@harma.ee\">info@harma.ee<\/a>.<\/li>\n<\/ul>\n<p><\/p>\n<p><\/p>\n<p><strong>3.2. \u00dcldised \u00f5igused<\/strong>\u00a0<\/p>\n<p><\/p>\n<p><\/p>\n<p>Andmesubjektil on \u00f5igus n\u00f5uda juurdep\u00e4\u00e4su oma isikuandmetele, nende parandamist, kustutamist v\u00f5i t\u00f6\u00f6tlemise piiramist ning \u00f5igus esitada t\u00f6\u00f6tlemise kohta vastuv\u00e4iteid ja n\u00f5uda andmete \u00fclekandmist. Samuti on andmesubjektidel \u00f5igus esitada kaebus j\u00e4relevalveasutusele.<\/p>\n<p><\/p>\n<p><\/p>\n<ul class=\"nm-block-list\">\n<li>Parandamis\u00f5igus on andmesubjekti \u00f5igus n\u00f5uda, et temaga seotud eba\u00f5iged isikuandmed p\u00f5hjendamatu viivituseta parandataks.<\/li>\n<li>Kustutamis\u00f5igus on andmesubjekti \u00f5igus n\u00f5uda, et tema isikuandmed p\u00f5hjendamatu viivituseta kustutataks, kui on t\u00e4idetud teatud lisatingimused.<\/li>\n<li>Teatud juhtudel on andmesubjektil \u00f5igus piirata enda isikuandmete t\u00f6\u00f6tlemist.<\/li>\n<li>Andmesubjektil on \u00f5igus tutvuda isikuandmetega, mida me tema kohta s\u00e4ilitame ja mida ta on meile andnud, ning \u00f5igus edastada need andmed teisele vastutavale t\u00f6\u00f6tlejale, kui see on tehniliselt v\u00f5imalik ning t\u00f6\u00f6tlemine toimub n\u00f5usoleku v\u00f5i lepingu alusel ja automatiseeritult.<\/li>\n<li>Andmesubjektil on \u00f5igus oma konkreetsest olukorrast l\u00e4htudes esitada igal ajal vastuv\u00e4iteid enda isikuandmete t\u00f6\u00f6tlemise suhtes, mis toimub \u00f5igusaktide vastavate s\u00e4tete alusel, sealhulgas nende s\u00e4tete alusel toimuva profiilianal\u00fc\u00fcsi suhtes.<\/li>\n<li>Kui isikuandmete t\u00f6\u00f6tlemise aluseks on andmesubjekti n\u00f5usolek, on andmesubjektil \u00f5igus see n\u00f5usolek igal ajal tagasi v\u00f5tta, ilma et see m\u00f5jutaks enne tagasiv\u00f5tmist n\u00f5usoleku alusel toimunud t\u00f6\u00f6tlemise seaduslikkust.<\/li>\n<\/ul>\n<p><\/p>\n<p><\/p>\n<p>Kui soovite kasutada nimetatud \u00f5igusi, palume v\u00f5tta meiega \u00fchendust aadressil\u00a0<a href=\"mailto:info@harma.ee\">info@harma.ee<\/a>.<\/p>\n<p><\/p>\n<p><\/p>\n<p><strong>4. ANDMETE TURVALISUS JA S\u00c4ILITAMIST\u00c4HTAJAD<\/strong>\u00a0<\/p>\n<p><\/p>\n<p><\/p>\n<p><strong>4.1. Isikuandmete turvalisus<\/strong>\u00a0<\/p>\n<p><\/p>\n<p><\/p>\n<p>Isikuandmete turvaline s\u00e4ilitamine on Vipex AS k\u00f5rgeim prioriteet. P\u00fc\u00fcame teha k\u00f5ik v\u00f5imaliku, et v\u00e4ltida loata juurdep\u00e4\u00e4su, avaldamist ja muud \u00f5igusvastast t\u00f6\u00f6tlemist. Kaitseme isikuandmete konfidentsiaalsust ja puutumatust ning tagame andmetele juurdep\u00e4\u00e4su koosk\u00f5las kehtivate \u00f5igusaktidega.<\/p>\n<p><\/p>\n<p><\/p>\n<p>Oleme meie kogutavate ja t\u00f6\u00f6deldavate isikuandmete kaitseks kehtestanud m\u00f5istlikud ja piisavad organisatsioonilised meetmed ning tehnilised ja f\u00fc\u00fcsilised piirangud. Kasutatavad meetmed s\u00f5ltuvad isikuandmete liigist ja nende avalikukssaamise v\u00f5imalikest tagaj\u00e4rgedest.<\/p>\n<p><\/p>\n<p><\/p>\n<p><strong>4.2. S\u00e4ilitamist\u00e4htaeg \u2013 kui kaua me teie isikuandmeid s\u00e4ilitame?<\/strong>\u00a0<\/p>\n<p><\/p>\n<p><\/p>\n<p>Vipex AS s\u00e4ilitab isikuandmeid \u00fcksnes nii kaua, kui see on nende kogumise eesm\u00e4rgi saavutamiseks vajalik. S\u00e4ilitamist\u00e4htaeg s\u00f5ltub ka vajadusest vastata andmesubjektide p\u00e4ringutele, lahendada probleeme ning t\u00e4ita seadusej\u00e4rgseid dokumentide s\u00e4ilitamise n\u00f5udeid.<\/p>\n<p><\/p>\n<p><\/p>\n<p>Kui me isikuandmeid enam ei vaja ja \u00f5igusaktid nende s\u00e4ilitamist ei n\u00f5ua, kustutame me need isikuandmed. V\u00f5ime j\u00e4tkata k\u00f5nesolevate andmete kasutamist statistilistel eesm\u00e4rkidel, kuid \u00fcksnes pseudon\u00fcmiseeritud v\u00f5i anon\u00fcmiseeritud kujul.<\/p>\n<p><\/p>\n<p><\/p>\n<p><strong>5.\u00a0ANDMET\u00d6\u00d6TLEJATE KOHUSTUSED<\/strong>\u00a0<\/p>\n<p><\/p>\n<p><\/p>\n<p><strong>5.1 Vastutava t\u00f6\u00f6tleja kohustused<\/strong>\u00a0<br \/>Vastutav t\u00f6\u00f6tleja on kohustatud hindama ja juhtima isikuandmete t\u00f6\u00f6tlemisega seotud riske ning t\u00e4itma andmesubjektide teavitamisega seotud \u00fclesandeid.<\/p>\n<p><\/p>\n<p><\/p>\n<p><strong>5.2 Volitatud t\u00f6\u00f6tleja kohstused<\/strong>\u00a0<br \/>Volitatud t\u00f6\u00f6tleja peab l\u00e4htuma vastavalt vastutava t\u00f6\u00f6tleja poolt m\u00e4\u00e4ratud kohustustest.<\/p>\n<p><\/p>\n<p><\/p>\n<p><strong>6. TEAVITUSE MUUDATUSED<\/strong>\u00a0<\/p>\n<p><\/p>\n<p><\/p>\n<p>Vipex AS v\u00f5ib k\u00e4esolevat privaatsusteavitust igal ajal muuta v\u00f5i kohandada. Kui me seda teeme, avaldame ajakohastatud teavitust siinsamas uue versioonikuup\u00e4evaga. Privaatsusteavituse ja privaatsusp\u00f5him\u00f5tete olulistest sisulistest muudatustest v\u00f5ime enne nende j\u00f5ustumist teavitada e-posti teel, teadetega meie veebisaidil ja\/v\u00f5i meie lehek\u00fclgedel sotsiaalmeedias. Sellegipoolest palume kasutajatel aeg-ajalt k\u00fclastada seda lehek\u00fclge ning tutvuda ka privaatsusteavituse v\u00e4iksemate muudatustega.<\/p>\n<p><\/p>\n<p><\/p>\n<p><strong>7.\u00a0KONTAKTANDMED<\/strong>\u00a0<\/p>\n<p><\/p>\n<p><\/p>\n<p>Teie tagasiside, arvamused ja ettepanekud on meile olulised. Probleemide, m\u00e4rkuste v\u00f5i k\u00fcsimuste korral palume v\u00f5tta meiega \u00fchendust aadressil\u00a0<a href=\"mailto:info@vipex.ee\">info@harma.ee<\/a>. Meiega saate \u00fchendust v\u00f5tta ka tavapostiga aadressil Kriidi 10, 11415 Tallinn, Eesti v\u00f5i telefoninumbril +372 620 1000.<\/p>\n<p><\/p>\n<p><\/p>\n<p>Kogu selleteemaline suhtlus on konfidentsiaalne. Meie esindaja osutab abi probleemide lahendamisel ja v\u00f5ib v\u00f5tta \u00fchendust p\u00e4ringu saatnud v\u00f5i tagasisidet andnud isikuga. P\u00fc\u00fcame lahendada k\u00f5ik kaebused ja probleemid kiiresti ja korrektselt.<\/p>\n<p>\u00a0<\/p>\n<p>\u00a0<\/p>\n<p><\/p>\t\t\t\t\t\t<\/div>\n\t\t\t\t<\/div>\n\t\t\t\t\t<\/div>\n\t\t<\/div>\n\t\t\t\t\t\t\t<\/div>\n\t\t<\/section>\n\t\t\t\t\t\t\t<\/div>\n\t\t","protected":false},"excerpt":{"rendered":"<p>\u00a0 Privaatsuspoliitika Viimase muudatuse kuup\u00e4ev: 07.01.2022 Meie klientide isikuandmete kaitse on Vipex AS-le oluline prioriteet. K\u00e4esolev privaatsuspoliitika sisaldab kasulikku infot selle kohta, kuidas ja milleks Vipex AS isikuandmeid kogub, t\u00f6\u00f6tleb ja jagab. \u201eIsikuandmed\u201c on mis tahes teave tuvastatud v\u00f5i tuvastatava f\u00fc\u00fcsilise isiku kohta, n\u00e4iteks nimi, aadress, e-posti aadress jpm. AS Vipex on 1990. aastal asutatud &hellip;<\/p>\n","protected":false},"author":1,"featured_media":0,"parent":0,"menu_order":0,"comment_status":"closed","ping_status":"open","template":"","meta":[],"acf":[],"_links":{"self":[{"href":"https:\/\/harma.ee\/en\/wp-json\/wp\/v2\/pages\/3"}],"collection":[{"href":"https:\/\/harma.ee\/en\/wp-json\/wp\/v2\/pages"}],"about":[{"href":"https:\/\/harma.ee\/en\/wp-json\/wp\/v2\/types\/page"}],"author":[{"embeddable":true,"href":"https:\/\/harma.ee\/en\/wp-json\/wp\/v2\/users\/1"}],"replies":[{"embeddable":true,"href":"https:\/\/harma.ee\/en\/wp-json\/wp\/v2\/comments?post=3"}],"version-history":[{"count":12,"href":"https:\/\/harma.ee\/en\/wp-json\/wp\/v2\/pages\/3\/revisions"}],"predecessor-version":[{"id":5385,"href":"https:\/\/harma.ee\/en\/wp-json\/wp\/v2\/pages\/3\/revisions\/5385"}],"wp:attachment":[{"href":"https:\/\/harma.ee\/en\/wp-json\/wp\/v2\/media?parent=3"}],"curies":[{"name":"wp","href":"https:\/\/api.w.org\/{rel}","templated":true}]}}