{"id":8791,"date":"2023-04-20T12:49:48","date_gmt":"2023-04-20T10:49:48","guid":{"rendered":"https:\/\/harma.ee\/harma-sanitaryware-slider\/"},"modified":"2023-08-03T07:18:04","modified_gmt":"2023-08-03T05:18:04","slug":"harma-sanitaryware-slider","status":"publish","type":"page","link":"https:\/\/harma.ee\/en\/harma-sanitaryware-slider\/","title":{"rendered":"Harma sanitaryware slider"},"content":{"rendered":"\n\n\n\n\n\n\n\n\n\n<div class=\"n2_clear\"><ss3-force-full-width data-overflow-x=\"body\" data-horizontal-selector=\"body\"><div class=\"n2-section-smartslider fitvidsignore  n2_clear\" data-ssid=\"3\"><div id=\"n2-ss-3-align\" class=\"n2-ss-align\"><div class=\"n2-padding\"><div id=\"n2-ss-3\" data-creator=\"Smart Slider 3\" data-responsive=\"fullwidth\" class=\"n2-ss-slider n2-ow n2-has-hover n2notransition  \">\n\n\n\n<div class=\"n2-ss-slider-wrapper-inside\">\n        <div class=\"n2-ss-slider-1 n2_ss__touch_element n2-ow\">\n            <div class=\"n2-ss-slider-2 n2-ow\">\n                                                <div class=\"n2-ss-slider-3 n2-ow\">\n\n                    <div class=\"n2-ss-slide-backgrounds n2-ow-all\"><div class=\"n2-ss-slide-background\" data-public-id=\"1\" data-mode=\"fill\"><div class=\"n2-ss-slide-background-image\" data-blur=\"0\" data-opacity=\"100\" data-x=\"50\" data-y=\"50\" data-alt=\"Harma massaa\u017eivannide valik peegeldab aastatepikkust kogemust ja klientide eelistusi. Pakume Teile m\u00f5istlikus hinnaklassis kvaliteetseid tooteid ning rahva poolt omaks v\u00f5etud ajatuid disaine.\" data-title=\"Massaa\u017eivannid\"><picture class=\"skip-lazy\" data-skip-lazy=\"1\"><img decoding=\"async\" src=\"\/\/harma.ee\/wp-content\/uploads\/2023\/04\/harma-kabiinid.jpg\" alt=\"Harma massaa\u017eivannide valik peegeldab aastatepikkust kogemust ja klientide eelistusi. Pakume Teile m\u00f5istlikus hinnaklassis kvaliteetseid tooteid ning rahva poolt omaks v\u00f5etud ajatuid disaine.\" title=\"Massaa\u017eivannid\" loading=\"lazy\" class=\"skip-lazy\" data-skip-lazy=\"1\"><\/picture><\/div><div data-color=\"RGBA(255,255,255,0)\" style=\"background-color: RGBA(255,255,255,0);\" class=\"n2-ss-slide-background-color\"><\/div><\/div><div class=\"n2-ss-slide-background\" data-public-id=\"2\" data-mode=\"fill\"><div class=\"n2-ss-slide-background-image\" data-blur=\"0\" data-opacity=\"100\" data-x=\"50\" data-y=\"50\" data-alt=\"Harma massaa\u017eivannide valik peegeldab aastatepikkust kogemust ja klientide eelistusi. Pakume Teile m\u00f5istlikus hinnaklassis kvaliteetseid tooteid ning rahva poolt omaks v\u00f5etud ajatuid disaine.\" data-title=\"Massaa\u017eivannid\"><picture class=\"skip-lazy\" data-skip-lazy=\"1\"><img decoding=\"async\" src=\"\/\/harma.ee\/wp-content\/uploads\/2023\/04\/harma-vannid.jpg\" alt=\"Harma massaa\u017eivannide valik peegeldab aastatepikkust kogemust ja klientide eelistusi. Pakume Teile m\u00f5istlikus hinnaklassis kvaliteetseid tooteid ning rahva poolt omaks v\u00f5etud ajatuid disaine.\" title=\"Massaa\u017eivannid\" loading=\"lazy\" class=\"skip-lazy\" data-skip-lazy=\"1\"><\/picture><\/div><div data-color=\"RGBA(255,255,255,0)\" style=\"background-color: RGBA(255,255,255,0);\" class=\"n2-ss-slide-background-color\"><\/div><\/div><div class=\"n2-ss-slide-background\" data-public-id=\"3\" data-mode=\"fill\"><div class=\"n2-ss-slide-background-image\" data-blur=\"0\" data-opacity=\"100\" data-x=\"50\" data-y=\"50\" data-alt=\"Harma du\u0161ikabiinide valik on loodud spetsiaalselt P\u00f5hjamaade turu jaoks. Need tooted on sertifitseeritud, kindla vastupidavusega ja kasutusmugavusega. J\u00e4tkuv tootearendus tagab selle tooteperekonna valiku pideva suurenemise.\" data-title=\"Du\u0161ikabiinid\"><picture class=\"skip-lazy\" data-skip-lazy=\"1\"><img decoding=\"async\" src=\"\/\/harma.ee\/wp-content\/uploads\/2023\/04\/harma-hero-kabiin.jpg\" alt=\"Harma du\u0161ikabiinide valik on loodud spetsiaalselt P\u00f5hjamaade turu jaoks. Need tooted on sertifitseeritud, kindla vastupidavusega ja kasutusmugavusega. J\u00e4tkuv tootearendus tagab selle tooteperekonna valiku pideva suurenemise.\" title=\"Du\u0161ikabiinid\" loading=\"lazy\" class=\"skip-lazy\" data-skip-lazy=\"1\"><\/picture><\/div><div data-color=\"RGBA(255,255,255,0)\" style=\"background-color: RGBA(255,255,255,0);\" class=\"n2-ss-slide-background-color\"><\/div><\/div><div class=\"n2-ss-slide-background\" data-public-id=\"4\" data-mode=\"fill\"><div class=\"n2-ss-slide-background-image\" data-blur=\"0\" data-opacity=\"100\" data-x=\"50\" data-y=\"50\" data-alt=\"Harma segistid on disaini, kasutusmugavuse ja parimate materjalide koosk\u00f5la. Harma segistite valikus on sarjad mis on m\u00f5eldud ka k\u00f5ige n\u00f5udlikuma kasutaja vajaduste rahuldamiseks. Lisaks segistitele pakume ka hulganisti lisatarvikuid.\" data-title=\"Segistid\"><picture class=\"skip-lazy\" data-skip-lazy=\"1\"><img decoding=\"async\" src=\"\/\/harma.ee\/wp-content\/uploads\/2023\/04\/harma-segistid.jpg\" alt=\"Harma segistid on disaini, kasutusmugavuse ja parimate materjalide koosk\u00f5la. Harma segistite valikus on sarjad mis on m\u00f5eldud ka k\u00f5ige n\u00f5udlikuma kasutaja vajaduste rahuldamiseks. Lisaks segistitele pakume ka hulganisti lisatarvikuid.\" title=\"Segistid\" loading=\"lazy\" class=\"skip-lazy\" data-skip-lazy=\"1\"><\/picture><\/div><div data-color=\"RGBA(255,255,255,0)\" style=\"background-color: RGBA(255,255,255,0);\" class=\"n2-ss-slide-background-color\"><\/div><\/div><\/div>                    <div class=\"n2-ss-slider-4 n2-ow\">\n                        <svg xmlns=\"http:\/\/www.w3.org\/2000\/svg\" viewBox=\"0 0 1664 950\" data-related-device=\"desktopPortrait\" class=\"n2-ow n2-ss-preserve-size n2-ss-preserve-size--slider n2-ss-slide-limiter\"><\/svg><div data-first=\"1\" data-slide-duration=\"0\" data-id=\"7\" data-slide-public-id=\"1\" data-title=\"Welcome\" class=\"n2-ss-slide n2-ow  n2-ss-slide-7\"><div role=\"note\" class=\"n2-ss-slide--focus\" tabindex=\"-1\">Welcome<\/div><div class=\"n2-ss-layers-container n2-ss-slide-limiter n2-ow\"><div class=\"n2-ss-layer n2-ow n-uc-KVc9uYegIKcC\" data-sstype=\"slide\" data-pm=\"default\"><div class=\"n2-ss-layer n2-ow n-uc-sePsvXSMXwvl\" data-pm=\"default\" data-sstype=\"content\" data-hasbackground=\"1\"><div class=\"n2-ss-section-main-content n2-ss-layer-with-background n2-ss-layer-content n2-ow n-uc-sePsvXSMXwvl-inner\"><div class=\"n2-ss-layer n2-ow n-uc-Dr2p1cOLJPNX\" data-pm=\"normal\" data-sstype=\"layer\"><h1 id=\"n2-ss-3item1\" class=\"n2-font-313d44f4cda2fde0b632473b67ceb43c-hover   n2-ss-item-content n2-ss-text n2-ow\" style=\"display:block;\">Welcome!<\/h1><\/div><div class=\"n2-ss-layer n2-ow frontpage-text n-uc-voWuR3ozFubF\" data-pm=\"normal\" data-sstype=\"layer\"><div class=\"n2-ss-item-content n2-ss-text n2-ow-all\"><div class=\"\"><p class=\"n2-font-9312d1905d989f7595270063d942ffb8-paragraph   \">We are glad that you are visiting our Harma brand website. Here you can get an overview of the sanitary engineering products we offer, information about spare parts and advice on smooth installation.<\/p>\n<\/div><\/div><\/div><\/div><\/div><\/div><\/div><\/div><div data-slide-duration=\"0\" data-id=\"8\" data-slide-public-id=\"2\" data-title=\"Massage bathtubs\" data-haslink=\"1\" data-href=\"\/massaazivannid\" tabindex=\"0\" role=\"button\" data-n2click=\"url\" data-force-pointer=\"\" class=\"n2-ss-slide n2-ow  n2-ss-slide-8\"><div role=\"note\" class=\"n2-ss-slide--focus\">Massage bathtubs<\/div><div class=\"n2-ss-layers-container n2-ss-slide-limiter n2-ow\"><div class=\"n2-ss-layer n2-ow n-uc-knAwKZdvfCGV\" data-sstype=\"slide\" data-pm=\"default\"><div class=\"n2-ss-layer n2-ow n-uc-VK2g2Nie97uW\" data-pm=\"default\" data-sstype=\"content\" data-hasbackground=\"1\"><div class=\"n2-ss-section-main-content n2-ss-layer-with-background n2-ss-layer-content n2-ow n-uc-VK2g2Nie97uW-inner\"><div class=\"n2-ss-layer n2-ow n-uc-h0ucIh53ihpk\" data-pm=\"normal\" data-sstype=\"layer\"><h1 id=\"n2-ss-3item3\" class=\"  n2-ss-item-content n2-ss-text n2-ow\" style=\"display:block;\"><a class=\"n2-ow n2-font-313d44f4cda2fde0b632473b67ceb43c-hover \" style=\"display:block;\" href=\"\/massaazivannid\">Massage bathtubs<\/a><\/h1><\/div><div class=\"n2-ss-layer n2-ow n-uc-uVetJVeqzQB5\" data-pm=\"normal\" data-sstype=\"layer\"><div class=\"n2-ss-item-content n2-ss-text n2-ow-all\"><div class=\"\"><p class=\"n2-font-9312d1905d989f7595270063d942ffb8-paragraph   \">Harma massage bathtubs range reflects many years of experience and customer preferences. We offer you high quality products with reasonable prices and timeless designs accepted by the people.<\/p>\n<\/div><\/div><\/div><\/div><\/div><\/div><\/div><\/div><div data-slide-duration=\"0\" data-id=\"9\" data-slide-public-id=\"3\" data-title=\"Shower cabins\" data-haslink=\"1\" data-href=\"\/dusikabiinid\" tabindex=\"0\" role=\"button\" data-n2click=\"url\" data-force-pointer=\"\" class=\"n2-ss-slide n2-ow  n2-ss-slide-9\"><div role=\"note\" class=\"n2-ss-slide--focus\">Shower cabins<\/div><div class=\"n2-ss-layers-container n2-ss-slide-limiter n2-ow\"><div class=\"n2-ss-layer n2-ow n-uc-imY9cuSj3ImN\" data-sstype=\"slide\" data-pm=\"default\"><div class=\"n2-ss-layer n2-ow n-uc-AKdR8KeffTnU\" data-pm=\"default\" data-sstype=\"content\" data-hasbackground=\"1\"><div class=\"n2-ss-section-main-content n2-ss-layer-with-background n2-ss-layer-content n2-ow n-uc-AKdR8KeffTnU-inner\"><div class=\"n2-ss-layer n2-ow n-uc-nxajD4uMyYx1\" data-pm=\"normal\" data-sstype=\"layer\"><div id=\"n2-ss-3item5\" class=\"  n2-ss-item-content n2-ss-text n2-ow\" style=\"display:block;\"><a class=\"n2-ow n2-font-313d44f4cda2fde0b632473b67ceb43c-hover \" style=\"display:block;\" href=\"\/dusikabiinid\">Shower cabins<\/a><\/div><\/div><div class=\"n2-ss-layer n2-ow n-uc-ccyqptIB74r0\" data-pm=\"normal\" data-sstype=\"layer\"><div class=\"n2-ss-item-content n2-ss-text n2-ow-all\"><div class=\"\"><p class=\"n2-font-9312d1905d989f7595270063d942ffb8-paragraph   \">Harma range of shower cabins is designed specifically for the Nordic market. These products are certified, with insured longevity and ease of use. Ongoing product development ensures the continuous increase in the selection of this product range.<\/p>\n<\/div><\/div><\/div><\/div><\/div><\/div><\/div><\/div><div data-slide-duration=\"0\" data-id=\"10\" data-slide-public-id=\"4\" data-title=\"Mixers\" data-haslink=\"1\" data-href=\"\/segistid\" tabindex=\"0\" role=\"button\" data-n2click=\"url\" data-force-pointer=\"\" class=\"n2-ss-slide n2-ow  n2-ss-slide-10\"><div role=\"note\" class=\"n2-ss-slide--focus\">Mixers<\/div><div class=\"n2-ss-layers-container n2-ss-slide-limiter n2-ow\"><div class=\"n2-ss-layer n2-ow n-uc-F0viKiVg6iWh\" data-sstype=\"slide\" data-pm=\"default\"><div class=\"n2-ss-layer n2-ow n-uc-jSfKelvmwNxe\" data-pm=\"default\" data-sstype=\"content\" data-hasbackground=\"1\"><div class=\"n2-ss-section-main-content n2-ss-layer-with-background n2-ss-layer-content n2-ow n-uc-jSfKelvmwNxe-inner\"><div class=\"n2-ss-layer n2-ow n-uc-MyS1Pctxrkkh\" data-pm=\"normal\" data-sstype=\"layer\"><div id=\"n2-ss-3item7\" class=\"  n2-ss-item-content n2-ss-text n2-ow\" style=\"display:block;\"><a class=\"n2-ow n2-font-313d44f4cda2fde0b632473b67ceb43c-hover \" style=\"display:block;\" href=\"\/segistid\">Mixers<\/a><\/div><\/div><div class=\"n2-ss-layer n2-ow n-uc-D1ON7DhrUSKH\" data-pm=\"normal\" data-sstype=\"layer\"><div class=\"n2-ss-item-content n2-ss-text n2-ow-all\"><div class=\"\"><p class=\"n2-font-9312d1905d989f7595270063d942ffb8-paragraph   \">Harma faucets combine design, ease of use and the harmony of best materials. The range of Harma mixers includes series, which are designed to cover the needs of even the most demanding user. In addition to mixers, we also offer a wide range of accessories for them.<\/p>\n<\/div><\/div><\/div><\/div><\/div><\/div><\/div><\/div>                    <\/div>\n\n                                    <\/div>\n            <\/div>\n        <\/div>\n        <div class=\"n2-ss-slider-controls n2-ss-slider-controls-absolute-left-center\"><div style=\"--widget-offset:40px;\" class=\"n2-ss-widget n2-ss-control-bullet n2-ow-all n2-ss-control-bullet-vertical\" data-hide-mobileportrait=\"1\"><div class=\" nextend-bullet-bar n2-bar-justify-content-center\"><div class=\"n2-bullet n2-style-1bdfea35823a3d5f8b9ffe362de7dc82-dot \" style=\"visibility:hidden;\"><\/div><\/div><\/div><\/div><\/div><\/div><ss3-loader><\/ss3-loader><\/div><\/div><div class=\"n2_clear\"><\/div><\/div><\/ss3-force-full-width><\/div>","protected":false},"excerpt":{"rendered":"","protected":false},"author":2,"featured_media":0,"parent":0,"menu_order":0,"comment_status":"closed","ping_status":"closed","template":"","meta":[],"acf":[],"_links":{"self":[{"href":"https:\/\/harma.ee\/en\/wp-json\/wp\/v2\/pages\/8791"}],"collection":[{"href":"https:\/\/harma.ee\/en\/wp-json\/wp\/v2\/pages"}],"about":[{"href":"https:\/\/harma.ee\/en\/wp-json\/wp\/v2\/types\/page"}],"author":[{"embeddable":true,"href":"https:\/\/harma.ee\/en\/wp-json\/wp\/v2\/users\/2"}],"replies":[{"embeddable":true,"href":"https:\/\/harma.ee\/en\/wp-json\/wp\/v2\/comments?post=8791"}],"version-history":[{"count":4,"href":"https:\/\/harma.ee\/en\/wp-json\/wp\/v2\/pages\/8791\/revisions"}],"predecessor-version":[{"id":11461,"href":"https:\/\/harma.ee\/en\/wp-json\/wp\/v2\/pages\/8791\/revisions\/11461"}],"wp:attachment":[{"href":"https:\/\/harma.ee\/en\/wp-json\/wp\/v2\/media?parent=8791"}],"curies":[{"name":"wp","href":"https:\/\/api.w.org\/{rel}","templated":true}]}}