{"id":6467,"date":"2021-06-29T12:31:14","date_gmt":"2021-06-29T10:31:14","guid":{"rendered":"https:\/\/harma.ee\/valamusegisti-harma-gold-collection-mn02bg\/"},"modified":"2026-01-28T11:31:17","modified_gmt":"2026-01-28T09:31:17","slug":"washbasin-mixer-harma-gold-collection-mn02bg","status":"publish","type":"product","link":"https:\/\/harma.ee\/en\/washbasin-mixer-harma-gold-collection-mn02bg\/","title":{"rendered":"Basin mixer Harma Gold collection MN02BG"},"content":{"rendered":"<p data-start=\"0\" data-end=\"183\">Harma Gold collection mixers are minimalist, luxurious and durable. The range includes kitchen, basin, bath and shower mixers.<\/p>\n","protected":false},"excerpt":{"rendered":"<p>Harma Gold collection-i segistid on minimalistlikud, luksuslikud ja vastupidavad. Sari pakub k\u00f5iki segisti t\u00fc\u00fcpe: k\u00f6\u00f6gisegistit, valamusegistit, vannisegistit ja du\u0161isegistit.<\/p>\n","protected":false},"featured_media":3354,"template":"","meta":[],"product_cat":[1090,381,390],"product_tag":[287],"acf":[],"_links":{"self":[{"href":"https:\/\/harma.ee\/en\/wp-json\/wp\/v2\/product\/6467"}],"collection":[{"href":"https:\/\/harma.ee\/en\/wp-json\/wp\/v2\/product"}],"about":[{"href":"https:\/\/harma.ee\/en\/wp-json\/wp\/v2\/types\/product"}],"wp:featuredmedia":[{"embeddable":true,"href":"https:\/\/harma.ee\/en\/wp-json\/wp\/v2\/media\/3354"}],"wp:attachment":[{"href":"https:\/\/harma.ee\/en\/wp-json\/wp\/v2\/media?parent=6467"}],"wp:term":[{"taxonomy":"product_cat","embeddable":true,"href":"https:\/\/harma.ee\/en\/wp-json\/wp\/v2\/product_cat?post=6467"},{"taxonomy":"product_tag","embeddable":true,"href":"https:\/\/harma.ee\/en\/wp-json\/wp\/v2\/product_tag?post=6467"}],"curies":[{"name":"wp","href":"https:\/\/api.w.org\/{rel}","templated":true}]}}