{"id":6541,"date":"2021-06-29T14:30:47","date_gmt":"2021-06-29T12:30:47","guid":{"rendered":"https:\/\/harma.ee\/dusivoolik-harma-stf-0089-pvc-1-7-m-kilepakendis\/"},"modified":"2023-07-15T18:18:07","modified_gmt":"2023-07-15T16:18:07","slug":"shower-hose-harma-stf-0089-pvc-1-7-m-in-plastic-packaging","status":"publish","type":"product","link":"https:\/\/harma.ee\/en\/shower-hose-harma-stf-0089-pvc-1-7-m-in-plastic-packaging\/","title":{"rendered":"Du\u0161ivoolik Harma STF (0089 PVC, 1.7 m) kilepakendis"},"content":{"rendered":"<p>The selection of Harma hand showers, shower hoses and shower lifts offer a versatile and modern assortment with sleekness and sturdiness being the defining feature.The selection of Harma hand showers, shower hoses and shower lifts offer a versatile and modern assortment with sleekness and sturdiness being the defining The selection of Harma hand showers, shower hoses and shower lifts offer a versatile and modern assortment with sleekness and sturdiness being the defining feature.feature.<\/p>\n","protected":false},"excerpt":{"rendered":"<p>Harma k\u00e4sidu\u0161\u0161ide, du\u0161ivoolikute ja du\u0161it\u00f5stukite valik pakub mitmek\u00fclgset ja kaasaegset sortimenti, mille m\u00e4\u00e4ravaks jooneks on puhtus ja vastupidavus.<\/p>\n","protected":false},"featured_media":7103,"template":"","meta":[],"product_cat":[423],"product_tag":[341],"acf":[],"_links":{"self":[{"href":"https:\/\/harma.ee\/en\/wp-json\/wp\/v2\/product\/6541"}],"collection":[{"href":"https:\/\/harma.ee\/en\/wp-json\/wp\/v2\/product"}],"about":[{"href":"https:\/\/harma.ee\/en\/wp-json\/wp\/v2\/types\/product"}],"wp:featuredmedia":[{"embeddable":true,"href":"https:\/\/harma.ee\/en\/wp-json\/wp\/v2\/media\/7103"}],"wp:attachment":[{"href":"https:\/\/harma.ee\/en\/wp-json\/wp\/v2\/media?parent=6541"}],"wp:term":[{"taxonomy":"product_cat","embeddable":true,"href":"https:\/\/harma.ee\/en\/wp-json\/wp\/v2\/product_cat?post=6541"},{"taxonomy":"product_tag","embeddable":true,"href":"https:\/\/harma.ee\/en\/wp-json\/wp\/v2\/product_tag?post=6541"}],"curies":[{"name":"wp","href":"https:\/\/api.w.org\/{rel}","templated":true}]}}