{"id":5204,"date":"2015-08-12T12:42:39","date_gmt":"2015-08-12T10:42:39","guid":{"rendered":"https:\/\/harma.ee\/contact\/"},"modified":"2021-12-01T16:14:05","modified_gmt":"2021-12-01T14:14:05","slug":"ottaa-yhteytta","status":"publish","type":"page","link":"https:\/\/harma.ee\/fi\/ottaa-yhteytta\/","title":{"rendered":"Ottaa yhteytt\u00e4"},"content":{"rendered":"\t\t<div data-elementor-type=\"wp-page\" data-elementor-id=\"5204\" class=\"elementor elementor-5204 elementor-544\">\n\t\t\t\t\t\t\t\t\t<section class=\"elementor-section elementor-top-section elementor-element elementor-element-941a454 elementor-section-boxed elementor-section-height-default elementor-section-height-default\" data-id=\"941a454\" data-element_type=\"section\">\n\t\t\t\t\t\t<div class=\"elementor-container elementor-column-gap-default\">\n\t\t\t\t\t<div class=\"elementor-column elementor-col-100 elementor-top-column elementor-element elementor-element-20c7ac4\" data-id=\"20c7ac4\" data-element_type=\"column\">\n\t\t\t<div class=\"elementor-widget-wrap elementor-element-populated\">\n\t\t\t\t\t\t\t\t<div class=\"elementor-element elementor-element-25ba074 elementor-widget elementor-widget-spacer\" data-id=\"25ba074\" data-element_type=\"widget\" data-widget_type=\"spacer.default\">\n\t\t\t\t<div class=\"elementor-widget-container\">\n\t\t\t<style>\/*! elementor - v3.13.3 - 28-05-2023 *\/\n.elementor-column .elementor-spacer-inner{height:var(--spacer-size)}.e-con{--container-widget-width:100%}.e-con-inner>.elementor-widget-spacer,.e-con>.elementor-widget-spacer{width:var(--container-widget-width,var(--spacer-size));--align-self:var(--container-widget-align-self,initial);--flex-shrink:0}.e-con-inner>.elementor-widget-spacer>.elementor-widget-container,.e-con-inner>.elementor-widget-spacer>.elementor-widget-container>.elementor-spacer,.e-con>.elementor-widget-spacer>.elementor-widget-container,.e-con>.elementor-widget-spacer>.elementor-widget-container>.elementor-spacer{height:100%}.e-con-inner>.elementor-widget-spacer>.elementor-widget-container>.elementor-spacer>.elementor-spacer-inner,.e-con>.elementor-widget-spacer>.elementor-widget-container>.elementor-spacer>.elementor-spacer-inner{height:var(--container-widget-height,var(--spacer-size))}<\/style>\t\t<div class=\"elementor-spacer\">\n\t\t\t<div class=\"elementor-spacer-inner\"><\/div>\n\t\t<\/div>\n\t\t\t\t<\/div>\n\t\t\t\t<\/div>\n\t\t\t\t<div class=\"elementor-element elementor-element-2df0956 elementor-widget elementor-widget-shortcode\" data-id=\"2df0956\" data-element_type=\"widget\" data-widget_type=\"shortcode.default\">\n\t\t\t\t<div class=\"elementor-widget-container\">\n\t\t\t\t\t<div class=\"elementor-shortcode\"><div class='fluentform fluentform_wrapper_4'><form data-form_id=\"4\" id=\"fluentform_4\" class=\"frm-fluent-form fluent_form_4 ff-el-form-top ff_form_instance_4_1 ff-form-loading ff_has_v3_recptcha\" data-form_instance=\"ff_form_instance_4_1\" method=\"POST\" data-recptcha_key=\"6LcVBIQfAAAAACpxo7kNCdqvJ-htOYVhIQ2leuU2\" ><fieldset style=\"border: none!important;margin: 0!important;padding: 0!important;background-color: transparent!important;\n                                 box-shadow: none!important;outline: none!important;\">\n                    <legend class=\"ff_screen_reader_title\" style=\"margin: 0!important;padding: 0!important;height: 0!important;text-indent: -999999px;width: 0!important;\">Yhteydenottolomake<\/legend><input type='hidden' name='__fluent_form_embded_post_id' value='5204' \/><input type=\"hidden\" id=\"_fluentform_4_fluentformnonce\" name=\"_fluentform_4_fluentformnonce\" value=\"730c306064\" \/><input type=\"hidden\" name=\"_wp_http_referer\" value=\"\/fi\/wp-json\/wp\/v2\/pages\/5204\" \/><div class='ff-el-group ff-el-form-hide_label'><div class=\"ff-el-input--label asterisk-right\"><label for='ff_4_name' aria-label=\"Nimi\">Nimi<\/label> <\/div><div class='ff-el-input--content'><input type=\"text\" name=\"name\" class=\"ff-el-form-control\" placeholder=\"Nimi...\" data-name=\"name\" id=\"ff_4_name\"  aria-invalid=\"false\" aria-required=false><\/div><\/div><div class='ff-el-group ff-el-form-hide_label'><div class=\"ff-el-input--label ff-el-is-required asterisk-right\"><label for='ff_4_email' aria-label=\"Email\">Email<\/label> <\/div><div class='ff-el-input--content'><input type=\"email\" name=\"email\" id=\"ff_4_email\" class=\"ff-el-form-control\" placeholder=\"*S\u00e4hk\u00f6posti...\" data-name=\"email\"  aria-invalid=\"false\" aria-required=true><\/div><\/div><div class='ff-el-group ff-el-form-hide_label'><div class=\"ff-el-input--label asterisk-right\"><label for='ff_4_subject' aria-label=\"Pealkiri\">Pealkiri<\/label> <\/div><div class='ff-el-input--content'><input type=\"text\" name=\"subject\" class=\"ff-el-form-control\" placeholder=\"Aihe...\" data-name=\"subject\" id=\"ff_4_subject\"  aria-invalid=\"false\" aria-required=false><\/div><\/div><div class='ff-el-group ff-el-form-hide_label'><div class='ff-el-input--content'><textarea aria-invalid=\"false\" aria-required=true name=\"message\" id=\"ff_4_message\" class=\"ff-el-form-control\" placeholder=\"*Viesti...\" rows=\"4\" cols=\"2\" data-name=\"message\" ><\/textarea><\/div><\/div><div class='ff-el-group ff-text-left ff_submit_btn_wrapper'><button type=\"submit\" class=\"ff-btn ff-btn-submit ff-btn-md ff_btn_style wpf_has_custom_css\" >L\u00e4hett\u00e4\u00e4<\/button><\/div><\/fieldset><\/form><div id='fluentform_4_errors' class='ff-errors-in-stack ff_form_instance_4_1 ff-form-loading_errors ff_form_instance_4_1_errors'><\/div><\/div>        <script type=\"text\/javascript\">\n            window.fluent_form_ff_form_instance_4_1 = {\"id\":\"4\",\"settings\":{\"layout\":{\"labelPlacement\":\"top\",\"helpMessagePlacement\":\"with_label\",\"errorMessagePlacement\":\"inline\",\"cssClassName\":\"\",\"asteriskPlacement\":\"asterisk-right\"},\"restrictions\":{\"denyEmptySubmission\":{\"enabled\":false}}},\"form_instance\":\"ff_form_instance_4_1\",\"form_id_selector\":\"fluentform_4\",\"rules\":{\"name\":{\"required\":{\"value\":false,\"message\":\"This field is required\"}},\"email\":{\"required\":{\"value\":true,\"message\":\"This field is required\"},\"email\":{\"value\":true,\"message\":\"This field must contain a valid email\"}},\"subject\":{\"required\":{\"value\":false,\"message\":\"This field is required\"}},\"message\":{\"required\":{\"value\":true,\"message\":\"This field is required\"}},\"recaptcha\":[]}};\n                    <\/script>\n        <\/div>\n\t\t\t\t<\/div>\n\t\t\t\t<\/div>\n\t\t\t\t\t<\/div>\n\t\t<\/div>\n\t\t\t\t\t\t\t<\/div>\n\t\t<\/section>\n\t\t\t\t<section class=\"elementor-section elementor-top-section elementor-element elementor-element-2852ede elementor-section-boxed elementor-section-height-default elementor-section-height-default\" data-id=\"2852ede\" data-element_type=\"section\">\n\t\t\t\t\t\t<div class=\"elementor-container elementor-column-gap-extended\">\n\t\t\t\t\t<div class=\"elementor-column elementor-col-100 elementor-top-column elementor-element elementor-element-acdbd75\" data-id=\"acdbd75\" data-element_type=\"column\">\n\t\t\t<div class=\"elementor-widget-wrap elementor-element-populated\">\n\t\t\t\t\t\t\t\t<div class=\"elementor-element elementor-element-7a672f6 elementor-widget elementor-widget-heading\" data-id=\"7a672f6\" data-element_type=\"widget\" data-widget_type=\"heading.default\">\n\t\t\t\t<div class=\"elementor-widget-container\">\n\t\t\t<style>\/*! elementor - v3.13.3 - 28-05-2023 *\/\n.elementor-heading-title{padding:0;margin:0;line-height:1}.elementor-widget-heading .elementor-heading-title[class*=elementor-size-]>a{color:inherit;font-size:inherit;line-height:inherit}.elementor-widget-heading .elementor-heading-title.elementor-size-small{font-size:15px}.elementor-widget-heading .elementor-heading-title.elementor-size-medium{font-size:19px}.elementor-widget-heading .elementor-heading-title.elementor-size-large{font-size:29px}.elementor-widget-heading .elementor-heading-title.elementor-size-xl{font-size:39px}.elementor-widget-heading .elementor-heading-title.elementor-size-xxl{font-size:59px}<\/style><h2 class=\"elementor-heading-title elementor-size-default\">Haluaisimme puhua kanssasi.<\/h2>\t\t<\/div>\n\t\t\t\t<\/div>\n\t\t\t\t\t<\/div>\n\t\t<\/div>\n\t\t\t\t\t\t\t<\/div>\n\t\t<\/section>\n\t\t\t\t<section class=\"elementor-section elementor-top-section elementor-element elementor-element-089834f elementor-section-boxed elementor-section-height-default elementor-section-height-default\" data-id=\"089834f\" data-element_type=\"section\">\n\t\t\t\t\t\t<div class=\"elementor-container elementor-column-gap-extended\">\n\t\t\t\t\t<div class=\"elementor-column elementor-col-33 elementor-top-column elementor-element elementor-element-87e6166\" data-id=\"87e6166\" data-element_type=\"column\">\n\t\t\t<div class=\"elementor-widget-wrap elementor-element-populated\">\n\t\t\t\t\t\t\t\t<div class=\"elementor-element elementor-element-82d61f1 elementor-widget elementor-widget-nm-feature\" data-id=\"82d61f1\" data-element_type=\"widget\" data-widget_type=\"nm-feature.default\">\n\t\t\t\t<div class=\"elementor-widget-container\">\n\t\t\t\r\n\t\t\t<div class=\"nm-feature layout-icon_left icon-style-simple bottom-spacing-small\"><div class=\"nm-feature-icon\"><i class=\"pe-7s-paper-plane\"><\/i><\/div>\r\n\t\t\t\t<div class=\"nm-feature-content\"><h2>Ota yhteytt\u00e4<\/h2>\r\n\t\t\t\t\t<div class=\"wpb_text_column\"><p>+372 620 1000<\/p>\n<\/div><a href=\"mailto:info@harma.fi\" title=\"info@harma.fi\" class=\"vc_btn vc_btn_md vc_btn_link\"><span class=\"vc_btn_title\">info@harma.fi<\/span><\/a>\r\n\t\t\t\t<\/div>\r\n\t\t\t<\/div>\t\t<\/div>\n\t\t\t\t<\/div>\n\t\t\t\t\t<\/div>\n\t\t<\/div>\n\t\t\t\t<div class=\"elementor-column elementor-col-33 elementor-top-column elementor-element elementor-element-38a8554\" data-id=\"38a8554\" data-element_type=\"column\">\n\t\t\t<div class=\"elementor-widget-wrap elementor-element-populated\">\n\t\t\t\t\t\t\t\t<div class=\"elementor-element elementor-element-d1356b8 elementor-widget elementor-widget-nm-feature\" data-id=\"d1356b8\" data-element_type=\"widget\" data-widget_type=\"nm-feature.default\">\n\t\t\t\t<div class=\"elementor-widget-container\">\n\t\t\t\r\n\t\t\t<div class=\"nm-feature layout-icon_left icon-style-simple bottom-spacing-small\"><div class=\"nm-feature-icon\"><i class=\"pe-7s-map-marker\"><\/i><\/div>\r\n\t\t\t\t<div class=\"nm-feature-content\"><h2>Tule k\u00e4ym\u00e4\u00e4n meill\u00e4!<\/h2>\r\n\t\t\t\t\t<div class=\"wpb_text_column\"><p>Kriidi 10, 11415, Tallinn<br \/>\nmaanantaista perjantaihin 8:00-17:00<\/p>\n<\/div><a href=\"https:\/\/www.google.ee\/maps\/dir\/\/Kriidi+10,+Lasnam%C3%A4e+linnaosa,+Lasnam%C3%A4e,+11415+Harju+maakond\/@59.3829712,25.3027286,10z\/data=!4m9!4m8!1m0!1m5!1m1!1s0x4692eca3f3cfd6f3:0x1199305576970e30!2m2!1d24.8288833!2d59.4263287!3e0\" title=\"Ohjeet\" class=\"vc_btn vc_btn_md vc_btn_link\" target=\"_blank\" rel=\"noopener\"><span class=\"vc_btn_title\">Ohjeet<\/span><\/a>\r\n\t\t\t\t<\/div>\r\n\t\t\t<\/div>\t\t<\/div>\n\t\t\t\t<\/div>\n\t\t\t\t\t<\/div>\n\t\t<\/div>\n\t\t\t\t<div class=\"elementor-column elementor-col-33 elementor-top-column elementor-element elementor-element-12e3bbf\" data-id=\"12e3bbf\" data-element_type=\"column\">\n\t\t\t<div class=\"elementor-widget-wrap elementor-element-populated\">\n\t\t\t\t\t\t\t\t<div class=\"elementor-element elementor-element-3029f1f elementor-widget elementor-widget-nm-feature\" data-id=\"3029f1f\" data-element_type=\"widget\" data-widget_type=\"nm-feature.default\">\n\t\t\t\t<div class=\"elementor-widget-container\">\n\t\t\t\r\n\t\t\t<div class=\"nm-feature layout-icon_left icon-style-simple bottom-spacing-small\"><div class=\"nm-feature-icon\"><i class=\"pe-7s-portfolio\"><\/i><\/div>\r\n\t\t\t\t<div class=\"nm-feature-content\"><h2>Tule meille t\u00f6ihin?<\/h2>\r\n\t\t\t\t\t<div class=\"wpb_text_column\"><\/div><a href=\"mailto:info@harma.fi\" title=\"info@harma.fi\" class=\"vc_btn vc_btn_md vc_btn_link\"><span class=\"vc_btn_title\">info@harma.fi<\/span><\/a>\r\n\t\t\t\t<\/div>\r\n\t\t\t<\/div>\t\t<\/div>\n\t\t\t\t<\/div>\n\t\t\t\t\t<\/div>\n\t\t<\/div>\n\t\t\t\t\t\t\t<\/div>\n\t\t<\/section>\n\t\t\t\t\t\t\t<\/div>\n\t\t","protected":false},"excerpt":{"rendered":"<p>Haluaisimme puhua kanssasi. Ota yhteytt\u00e4 +372 620 1000 info@harma.fi Tule k\u00e4ym\u00e4\u00e4n meill\u00e4! Kriidi 10, 11415, Tallinn maanantaista perjantaihin 8:00-17:00 Ohjeet Tule meille t\u00f6ihin? info@harma.fi<\/p>\n","protected":false},"author":2,"featured_media":0,"parent":0,"menu_order":0,"comment_status":"closed","ping_status":"closed","template":"","meta":[],"acf":[],"_links":{"self":[{"href":"https:\/\/harma.ee\/fi\/wp-json\/wp\/v2\/pages\/5204"}],"collection":[{"href":"https:\/\/harma.ee\/fi\/wp-json\/wp\/v2\/pages"}],"about":[{"href":"https:\/\/harma.ee\/fi\/wp-json\/wp\/v2\/types\/page"}],"author":[{"embeddable":true,"href":"https:\/\/harma.ee\/fi\/wp-json\/wp\/v2\/users\/2"}],"replies":[{"embeddable":true,"href":"https:\/\/harma.ee\/fi\/wp-json\/wp\/v2\/comments?post=5204"}],"version-history":[{"count":10,"href":"https:\/\/harma.ee\/fi\/wp-json\/wp\/v2\/pages\/5204\/revisions"}],"predecessor-version":[{"id":5323,"href":"https:\/\/harma.ee\/fi\/wp-json\/wp\/v2\/pages\/5204\/revisions\/5323"}],"wp:attachment":[{"href":"https:\/\/harma.ee\/fi\/wp-json\/wp\/v2\/media?parent=5204"}],"curies":[{"name":"wp","href":"https:\/\/api.w.org\/{rel}","templated":true}]}}