{"id":8793,"date":"2023-04-20T12:49:48","date_gmt":"2023-04-20T10:49:48","guid":{"rendered":"https:\/\/harma.ee\/harma-saniteettilaitteet-slider\/"},"modified":"2023-08-03T07:32:30","modified_gmt":"2023-08-03T05:32:30","slug":"harma-saniteettilaitteet-slider","status":"publish","type":"page","link":"https:\/\/harma.ee\/fi\/harma-saniteettilaitteet-slider\/","title":{"rendered":"Harma Saniteettilaitteet slider"},"content":{"rendered":"<div class=\"n2_clear\"><ss3-force-full-width data-overflow-x=\"body\" data-horizontal-selector=\"body\"><div class=\"n2-section-smartslider fitvidsignore  n2_clear\" data-ssid=\"4\"><div id=\"n2-ss-4-align\" class=\"n2-ss-align\"><div class=\"n2-padding\"><div id=\"n2-ss-4\" data-creator=\"Smart Slider 3\" data-responsive=\"fullwidth\" class=\"n2-ss-slider n2-ow n2-has-hover n2notransition  \">\n\n\n\n<div class=\"n2-ss-slider-wrapper-inside\">\n        <div class=\"n2-ss-slider-1 n2_ss__touch_element n2-ow\">\n            <div class=\"n2-ss-slider-2 n2-ow\">\n                                                <div class=\"n2-ss-slider-3 n2-ow\">\n\n                    <div class=\"n2-ss-slide-backgrounds n2-ow-all\"><div class=\"n2-ss-slide-background\" data-public-id=\"1\" data-mode=\"fill\"><div class=\"n2-ss-slide-background-image\" data-blur=\"0\" data-opacity=\"100\" data-x=\"50\" data-y=\"50\" data-alt=\"Harma massaa\u017eivannide valik peegeldab aastatepikkust kogemust ja klientide eelistusi. Pakume Teile m\u00f5istlikus hinnaklassis kvaliteetseid tooteid ning rahva poolt omaks v\u00f5etud ajatuid disaine.\" data-title=\"Massaa\u017eivannid\"><picture class=\"skip-lazy\" data-skip-lazy=\"1\"><img decoding=\"async\" src=\"\/\/harma.ee\/wp-content\/uploads\/2023\/04\/harma-kabiinid.jpg\" alt=\"Harma massaa\u017eivannide valik peegeldab aastatepikkust kogemust ja klientide eelistusi. Pakume Teile m\u00f5istlikus hinnaklassis kvaliteetseid tooteid ning rahva poolt omaks v\u00f5etud ajatuid disaine.\" title=\"Massaa\u017eivannid\" loading=\"lazy\" class=\"skip-lazy\" data-skip-lazy=\"1\"><\/picture><\/div><div data-color=\"RGBA(255,255,255,0)\" style=\"background-color: RGBA(255,255,255,0);\" class=\"n2-ss-slide-background-color\"><\/div><\/div><div class=\"n2-ss-slide-background\" data-public-id=\"2\" data-mode=\"fill\"><div class=\"n2-ss-slide-background-image\" data-blur=\"0\" data-opacity=\"100\" data-x=\"50\" data-y=\"50\" data-alt=\"Harma massaa\u017eivannide valik peegeldab aastatepikkust kogemust ja klientide eelistusi. Pakume Teile m\u00f5istlikus hinnaklassis kvaliteetseid tooteid ning rahva poolt omaks v\u00f5etud ajatuid disaine.\" data-title=\"Massaa\u017eivannid\"><picture class=\"skip-lazy\" data-skip-lazy=\"1\"><img decoding=\"async\" src=\"\/\/harma.ee\/wp-content\/uploads\/2023\/04\/harma-vannid.jpg\" alt=\"Harma massaa\u017eivannide valik peegeldab aastatepikkust kogemust ja klientide eelistusi. Pakume Teile m\u00f5istlikus hinnaklassis kvaliteetseid tooteid ning rahva poolt omaks v\u00f5etud ajatuid disaine.\" title=\"Massaa\u017eivannid\" loading=\"lazy\" class=\"skip-lazy\" data-skip-lazy=\"1\"><\/picture><\/div><div data-color=\"RGBA(255,255,255,0)\" style=\"background-color: RGBA(255,255,255,0);\" class=\"n2-ss-slide-background-color\"><\/div><\/div><div class=\"n2-ss-slide-background\" data-public-id=\"3\" data-mode=\"fill\"><div class=\"n2-ss-slide-background-image\" data-blur=\"0\" data-opacity=\"100\" data-x=\"50\" data-y=\"50\" data-alt=\"Harma du\u0161ikabiinide valik on loodud spetsiaalselt P\u00f5hjamaade turu jaoks. Need tooted on sertifitseeritud, kindla vastupidavusega ja kasutusmugavusega. J\u00e4tkuv tootearendus tagab selle tooteperekonna valiku pideva suurenemise.\" data-title=\"Du\u0161ikabiinid\"><picture class=\"skip-lazy\" data-skip-lazy=\"1\"><img decoding=\"async\" src=\"\/\/harma.ee\/wp-content\/uploads\/2023\/04\/harma-hero-kabiin.jpg\" alt=\"Harma du\u0161ikabiinide valik on loodud spetsiaalselt P\u00f5hjamaade turu jaoks. Need tooted on sertifitseeritud, kindla vastupidavusega ja kasutusmugavusega. J\u00e4tkuv tootearendus tagab selle tooteperekonna valiku pideva suurenemise.\" title=\"Du\u0161ikabiinid\" loading=\"lazy\" class=\"skip-lazy\" data-skip-lazy=\"1\"><\/picture><\/div><div data-color=\"RGBA(255,255,255,0)\" style=\"background-color: RGBA(255,255,255,0);\" class=\"n2-ss-slide-background-color\"><\/div><\/div><div class=\"n2-ss-slide-background\" data-public-id=\"4\" data-mode=\"fill\"><div class=\"n2-ss-slide-background-image\" data-blur=\"0\" data-opacity=\"100\" data-x=\"50\" data-y=\"50\" data-alt=\"Harma segistid on disaini, kasutusmugavuse ja parimate materjalide koosk\u00f5la. Harma segistite valikus on sarjad mis on m\u00f5eldud ka k\u00f5ige n\u00f5udlikuma kasutaja vajaduste rahuldamiseks. Lisaks segistitele pakume ka hulganisti lisatarvikuid.\" data-title=\"Segistid\"><picture class=\"skip-lazy\" data-skip-lazy=\"1\"><img decoding=\"async\" src=\"\/\/harma.ee\/wp-content\/uploads\/2023\/04\/harma-segistid.jpg\" alt=\"Harma segistid on disaini, kasutusmugavuse ja parimate materjalide koosk\u00f5la. Harma segistite valikus on sarjad mis on m\u00f5eldud ka k\u00f5ige n\u00f5udlikuma kasutaja vajaduste rahuldamiseks. Lisaks segistitele pakume ka hulganisti lisatarvikuid.\" title=\"Segistid\" loading=\"lazy\" class=\"skip-lazy\" data-skip-lazy=\"1\"><\/picture><\/div><div data-color=\"RGBA(255,255,255,0)\" style=\"background-color: RGBA(255,255,255,0);\" class=\"n2-ss-slide-background-color\"><\/div><\/div><\/div>                    <div class=\"n2-ss-slider-4 n2-ow\">\n                        <svg xmlns=\"http:\/\/www.w3.org\/2000\/svg\" viewBox=\"0 0 1664 950\" data-related-device=\"desktopPortrait\" class=\"n2-ow n2-ss-preserve-size n2-ss-preserve-size--slider n2-ss-slide-limiter\"><\/svg><div data-first=\"1\" data-slide-duration=\"0\" data-id=\"11\" data-slide-public-id=\"1\" data-title=\"Tervetuloa!\" class=\"n2-ss-slide n2-ow  n2-ss-slide-11\"><div role=\"note\" class=\"n2-ss-slide--focus\" tabindex=\"-1\">Tervetuloa!<\/div><div class=\"n2-ss-layers-container n2-ss-slide-limiter n2-ow\"><div class=\"n2-ss-layer n2-ow n-uc-oLJ7AWyUqmax\" data-sstype=\"slide\" data-pm=\"default\"><div class=\"n2-ss-layer n2-ow n-uc-vYKxDaIjV8eD\" data-pm=\"default\" data-sstype=\"content\" data-hasbackground=\"1\"><div class=\"n2-ss-section-main-content n2-ss-layer-with-background n2-ss-layer-content n2-ow n-uc-vYKxDaIjV8eD-inner\"><div class=\"n2-ss-layer n2-ow n-uc-i6bOycdlVLUN\" data-pm=\"normal\" data-sstype=\"layer\"><h2 id=\"n2-ss-4item1\" class=\"n2-font-313d44f4cda2fde0b632473b67ceb43c-hover   n2-ss-item-content n2-ss-text n2-ow\" style=\"display:block;\">Tervetuloa!<\/h2><\/div><div class=\"n2-ss-layer n2-ow frontpage-text n-uc-l7EfQPNBMkkw\" data-pm=\"normal\" data-sstype=\"layer\"><div class=\"n2-ss-item-content n2-ss-text n2-ow-all\"><div class=\"\"><p class=\"n2-font-9312d1905d989f7595270063d942ffb8-paragraph   \">Olemme iloisia, ett\u00e4 vierailet Harma-br\u00e4ndin verkkosivuilla. T\u00e4\u00e4lt\u00e4 saat yleiskatsauksen tarjoamistamme saniteettituotteista, tietoa varaosista ja neuvoja sujuvaan asennukseen.<\/p>\n<\/div><\/div><\/div><\/div><\/div><\/div><\/div><\/div><div data-slide-duration=\"0\" data-id=\"12\" data-slide-public-id=\"2\" data-title=\"Poreammeet\" data-haslink=\"1\" data-href=\"\/massaazivannid\" tabindex=\"0\" role=\"button\" data-n2click=\"url\" data-force-pointer=\"\" class=\"n2-ss-slide n2-ow  n2-ss-slide-12\"><div role=\"note\" class=\"n2-ss-slide--focus\">Poreammeet<\/div><div class=\"n2-ss-layers-container n2-ss-slide-limiter n2-ow\"><div class=\"n2-ss-layer n2-ow n-uc-Gr4jLuSmiel2\" data-sstype=\"slide\" data-pm=\"default\"><div class=\"n2-ss-layer n2-ow n-uc-KeEwh1gvrPkB\" data-pm=\"default\" data-sstype=\"content\" data-hasbackground=\"1\"><div class=\"n2-ss-section-main-content n2-ss-layer-with-background n2-ss-layer-content n2-ow n-uc-KeEwh1gvrPkB-inner\"><div class=\"n2-ss-layer n2-ow n-uc-EyKdxNH0XrED\" data-pm=\"normal\" data-sstype=\"layer\"><h1 id=\"n2-ss-4item3\" class=\"  n2-ss-item-content n2-ss-text n2-ow\" style=\"display:block;\"><a class=\"n2-ow n2-font-313d44f4cda2fde0b632473b67ceb43c-hover \" style=\"display:block;\" href=\"\/massaazivannid\">Poreammeet<\/a><\/h1><\/div><div class=\"n2-ss-layer n2-ow n-uc-xiZbC1BvrIIh\" data-pm=\"normal\" data-sstype=\"layer\"><div class=\"n2-ss-item-content n2-ss-text n2-ow-all\"><div class=\"\"><p class=\"n2-font-9312d1905d989f7595270063d942ffb8-paragraph   \">Harma -poreammeet heijastavat monen vuoden kokemusta ja asiakkaiden mieltymyksi\u00e4. Tarjoamme sinulle korkealaatuisia tuotteita kohtuullisin hinnoin ja ajattomia malleja, jotka ovat saavuttaneet k\u00e4ytt\u00e4jien ehdottoman hyv\u00e4ksynn\u00e4n.<\/p>\n<\/div><\/div><\/div><\/div><\/div><\/div><\/div><\/div><div data-slide-duration=\"0\" data-id=\"13\" data-slide-public-id=\"3\" data-title=\"Suihkukaapit\" data-haslink=\"1\" data-href=\"\/dusikabiinid\" tabindex=\"0\" role=\"button\" data-n2click=\"url\" data-force-pointer=\"\" class=\"n2-ss-slide n2-ow  n2-ss-slide-13\"><div role=\"note\" class=\"n2-ss-slide--focus\">Suihkukaapit<\/div><div class=\"n2-ss-layers-container n2-ss-slide-limiter n2-ow\"><div class=\"n2-ss-layer n2-ow n-uc-vMB6xiecsy39\" data-sstype=\"slide\" data-pm=\"default\"><div class=\"n2-ss-layer n2-ow n-uc-q1mc9HUmWDjM\" data-pm=\"default\" data-sstype=\"content\" data-hasbackground=\"1\"><div class=\"n2-ss-section-main-content n2-ss-layer-with-background n2-ss-layer-content n2-ow n-uc-q1mc9HUmWDjM-inner\"><div class=\"n2-ss-layer n2-ow n-uc-2zLmvG8OoK49\" data-pm=\"normal\" data-sstype=\"layer\"><div id=\"n2-ss-4item5\" class=\"  n2-ss-item-content n2-ss-text n2-ow\" style=\"display:block;\"><a class=\"n2-ow n2-font-313d44f4cda2fde0b632473b67ceb43c-hover \" style=\"display:block;\" href=\"\/dusikabiinid\">Suihkukaapit<\/a><\/div><\/div><div class=\"n2-ss-layer n2-ow n-uc-2ewvY3ZZQMyH\" data-pm=\"normal\" data-sstype=\"layer\"><div class=\"n2-ss-item-content n2-ss-text n2-ow-all\"><div class=\"\"><p class=\"n2-font-9312d1905d989f7595270063d942ffb8-paragraph   \">Harma -suihkukaapit on suunniteltu erityisesti Pohjoismaiden markkinoille. Kaikki tuotteet ovat sertifioituja, ja niille ominaista on pitk\u00e4ik\u00e4isyys ja helppok\u00e4ytt\u00f6isyys. Jatkuva tuotekehitys takaa t\u00e4m\u00e4n tuotevalikoiman pysyv\u00e4n kasvun.<\/p>\n<\/div><\/div><\/div><\/div><\/div><\/div><\/div><\/div><div data-slide-duration=\"0\" data-id=\"14\" data-slide-public-id=\"4\" data-title=\"Hanat\" data-haslink=\"1\" data-href=\"\/segistid\" tabindex=\"0\" role=\"button\" data-n2click=\"url\" data-force-pointer=\"\" class=\"n2-ss-slide n2-ow  n2-ss-slide-14\"><div role=\"note\" class=\"n2-ss-slide--focus\">Hanat<\/div><div class=\"n2-ss-layers-container n2-ss-slide-limiter n2-ow\"><div class=\"n2-ss-layer n2-ow n-uc-QcYYvqZ8Lp43\" data-sstype=\"slide\" data-pm=\"default\"><div class=\"n2-ss-layer n2-ow n-uc-mPNUtExhQ7XN\" data-pm=\"default\" data-sstype=\"content\" data-hasbackground=\"1\"><div class=\"n2-ss-section-main-content n2-ss-layer-with-background n2-ss-layer-content n2-ow n-uc-mPNUtExhQ7XN-inner\"><div class=\"n2-ss-layer n2-ow n-uc-WhVJpqa1CSw0\" data-pm=\"normal\" data-sstype=\"layer\"><div id=\"n2-ss-4item7\" class=\"  n2-ss-item-content n2-ss-text n2-ow\" style=\"display:block;\"><a class=\"n2-ow n2-font-313d44f4cda2fde0b632473b67ceb43c-hover \" style=\"display:block;\" href=\"\/segistid\">Hanat<\/a><\/div><\/div><div class=\"n2-ss-layer n2-ow n-uc-P737J3Ft02gs\" data-pm=\"normal\" data-sstype=\"layer\"><div class=\"n2-ss-item-content n2-ss-text n2-ow-all\"><div class=\"\"><p class=\"n2-font-9312d1905d989f7595270063d942ffb8-paragraph   \">Harma -hanoissa yhdistyv\u00e4t muotoilu, helppok\u00e4ytt\u00f6isyys ja parhaiden materiaalien harmonia. Harma -hanojen valikoima sis\u00e4lt\u00e4\u00e4 sarjoja, jotka on suunniteltu t\u00e4ytt\u00e4m\u00e4\u00e4n vaativimmankin k\u00e4ytt\u00e4j\u00e4n tarpeet. Hanojen lis\u00e4ksi tarjoamme niihin my\u00f6s laajan valikoiman lis\u00e4varusteita.<\/p>\n<\/div><\/div><\/div><\/div><\/div><\/div><\/div><\/div>                    <\/div>\n\n                                    <\/div>\n            <\/div>\n        <\/div>\n        <div class=\"n2-ss-slider-controls n2-ss-slider-controls-absolute-left-center\"><div style=\"--widget-offset:40px;\" class=\"n2-ss-widget n2-ss-control-bullet n2-ow-all n2-ss-control-bullet-vertical\" data-hide-mobileportrait=\"1\"><div class=\" nextend-bullet-bar n2-bar-justify-content-center\"><div class=\"n2-bullet n2-style-1bdfea35823a3d5f8b9ffe362de7dc82-dot \" style=\"visibility:hidden;\"><\/div><\/div><\/div><\/div><\/div><\/div><ss3-loader><\/ss3-loader><\/div><\/div><div class=\"n2_clear\"><\/div><\/div><\/ss3-force-full-width><\/div>","protected":false},"excerpt":{"rendered":"","protected":false},"author":2,"featured_media":0,"parent":0,"menu_order":0,"comment_status":"closed","ping_status":"closed","template":"","meta":[],"acf":[],"_links":{"self":[{"href":"https:\/\/harma.ee\/fi\/wp-json\/wp\/v2\/pages\/8793"}],"collection":[{"href":"https:\/\/harma.ee\/fi\/wp-json\/wp\/v2\/pages"}],"about":[{"href":"https:\/\/harma.ee\/fi\/wp-json\/wp\/v2\/types\/page"}],"author":[{"embeddable":true,"href":"https:\/\/harma.ee\/fi\/wp-json\/wp\/v2\/users\/2"}],"replies":[{"embeddable":true,"href":"https:\/\/harma.ee\/fi\/wp-json\/wp\/v2\/comments?post=8793"}],"version-history":[{"count":4,"href":"https:\/\/harma.ee\/fi\/wp-json\/wp\/v2\/pages\/8793\/revisions"}],"predecessor-version":[{"id":11465,"href":"https:\/\/harma.ee\/fi\/wp-json\/wp\/v2\/pages\/8793\/revisions\/11465"}],"wp:attachment":[{"href":"https:\/\/harma.ee\/fi\/wp-json\/wp\/v2\/media?parent=8793"}],"curies":[{"name":"wp","href":"https:\/\/api.w.org\/{rel}","templated":true}]}}