{"id":10862,"date":"2021-06-29T14:30:42","date_gmt":"2021-06-29T12:30:42","guid":{"rendered":"https:\/\/harma.ee\/suihkunurkka-harma-dn029-90x90x200cm-pyorea-6mm-harmaa-turvalasi-2\/"},"modified":"2023-09-08T14:31:04","modified_gmt":"2023-09-08T12:31:04","slug":"suihkunurkka-harma-dn029-90x90x200cm-pyorea-6mm-harmaa-turvalasi","status":"publish","type":"product","link":"https:\/\/harma.ee\/fi\/suihkunurkka-harma-dn029-90x90x200cm-pyorea-6mm-harmaa-turvalasi\/","title":{"rendered":"Suihkunurkka Harma DN029 90x90x200cm py\u00f6re\u00e4, 6mm harmaa turvalasi"},"content":{"rendered":"<p>Py\u00f6re\u00e4n muotoinen Harma suihkunurkkaus DN029 kromiprofiileilla, k\u00e4\u00e4nt\u00f6ovilla ja 6 mm paksulla, harmaalla karkaistulla lasilla on t\u00e4ydellinen moderni suihkuratkaisu jokaiseen kylpyhuoneeseen. <\/p>\n","protected":false},"excerpt":{"rendered":"<p>Py\u00f6re\u00e4n muotoinen Harma suihkunurkkaus DN029 kromiprofiileilla, k\u00e4\u00e4nt\u00f6ovilla ja 6 mm paksulla, harmaalla karkaistulla lasilla on t\u00e4ydellinen moderni suihkuratkaisu jokaiseen kylpyhuoneeseen. <\/p>\n","protected":false},"featured_media":3846,"template":"","meta":[],"product_cat":[373],"product_tag":[],"acf":[],"_links":{"self":[{"href":"https:\/\/harma.ee\/fi\/wp-json\/wp\/v2\/product\/10862"}],"collection":[{"href":"https:\/\/harma.ee\/fi\/wp-json\/wp\/v2\/product"}],"about":[{"href":"https:\/\/harma.ee\/fi\/wp-json\/wp\/v2\/types\/product"}],"wp:featuredmedia":[{"embeddable":true,"href":"https:\/\/harma.ee\/fi\/wp-json\/wp\/v2\/media\/3846"}],"wp:attachment":[{"href":"https:\/\/harma.ee\/fi\/wp-json\/wp\/v2\/media?parent=10862"}],"wp:term":[{"taxonomy":"product_cat","embeddable":true,"href":"https:\/\/harma.ee\/fi\/wp-json\/wp\/v2\/product_cat?post=10862"},{"taxonomy":"product_tag","embeddable":true,"href":"https:\/\/harma.ee\/fi\/wp-json\/wp\/v2\/product_tag?post=10862"}],"curies":[{"name":"wp","href":"https:\/\/api.w.org\/{rel}","templated":true}]}}