{"id":10865,"date":"2021-06-29T14:30:42","date_gmt":"2021-06-29T12:30:42","guid":{"rendered":"https:\/\/harma.ee\/suihkunurkka-harma-dn028-90x90x200cm-pyorea-6mm-kirkas-turvalasi\/"},"modified":"2023-09-08T14:30:14","modified_gmt":"2023-09-08T12:30:14","slug":"suihkunurkka-harma-dn028-90x90x200cm-pyorea-6mm-kirkas-turvalasi","status":"publish","type":"product","link":"https:\/\/harma.ee\/fi\/suihkunurkka-harma-dn028-90x90x200cm-pyorea-6mm-kirkas-turvalasi\/","title":{"rendered":"Suihkunurkka Harma DN028 90x90x200cm py\u00f6re\u00e4, 6mm kirkas turvalasi"},"content":{"rendered":"<p>Py\u00f6re\u00e4n muotoinen Harma suihkunurkkaus DN028 kromiprofiileilla, k\u00e4\u00e4nt\u00f6ovilla ja 6 mm paksulla kirkkaalla karkaistulla lasilla on t\u00e4ydellinen moderni suihkuratkaisu jokaiseen kylpyhuoneeseen. <\/p>\n","protected":false},"excerpt":{"rendered":"<p>Py\u00f6re\u00e4n muotoinen Harma suihkunurkkaus DN028 kromiprofiileilla, k\u00e4\u00e4nt\u00f6ovilla ja 6 mm paksulla kirkkaalla karkaistulla lasilla on t\u00e4ydellinen moderni suihkuratkaisu jokaiseen kylpyhuoneeseen. <\/p>\n","protected":false},"featured_media":3838,"template":"","meta":[],"product_cat":[373],"product_tag":[],"acf":[],"_links":{"self":[{"href":"https:\/\/harma.ee\/fi\/wp-json\/wp\/v2\/product\/10865"}],"collection":[{"href":"https:\/\/harma.ee\/fi\/wp-json\/wp\/v2\/product"}],"about":[{"href":"https:\/\/harma.ee\/fi\/wp-json\/wp\/v2\/types\/product"}],"wp:featuredmedia":[{"embeddable":true,"href":"https:\/\/harma.ee\/fi\/wp-json\/wp\/v2\/media\/3838"}],"wp:attachment":[{"href":"https:\/\/harma.ee\/fi\/wp-json\/wp\/v2\/media?parent=10865"}],"wp:term":[{"taxonomy":"product_cat","embeddable":true,"href":"https:\/\/harma.ee\/fi\/wp-json\/wp\/v2\/product_cat?post=10865"},{"taxonomy":"product_tag","embeddable":true,"href":"https:\/\/harma.ee\/fi\/wp-json\/wp\/v2\/product_tag?post=10865"}],"curies":[{"name":"wp","href":"https:\/\/api.w.org\/{rel}","templated":true}]}}