{"id":10885,"date":"2023-07-15T17:56:00","date_gmt":"2023-07-15T15:56:00","guid":{"rendered":"https:\/\/harma.ee\/?post_type=product&#038;p=10885"},"modified":"2023-09-08T14:25:08","modified_gmt":"2023-09-08T12:25:08","slug":"suihkunurkka-harma-dn031-90x90x200cm-nelio-6mm-hall-turvalasi","status":"publish","type":"product","link":"https:\/\/harma.ee\/fi\/suihkunurkka-harma-dn031-90x90x200cm-nelio-6mm-hall-turvalasi\/","title":{"rendered":"Suihkunurkka Harma DN031 90x90x200cm neli\u00f6, 6mm harmaa turvalasi"},"content":{"rendered":"<p>Neli\u00f6n muotoinen Harma suihkunurkkaus DN031 kromiprofiileilla, k\u00e4\u00e4nt\u00f6ovilla ja 6 mm paksulla, harmaalla karkaistulla lasilla on ihanteellinen moderni suihkuratkaisu mihin tahansa kylpyhuoneeseen. <\/p>\n","protected":false},"excerpt":{"rendered":"<p>Neli\u00f6n muotoinen Harma suihkunurkkaus DN031 kromiprofiileilla, k\u00e4\u00e4nt\u00f6ovilla ja 6 mm paksulla, harmaalla karkaistulla lasilla on ihanteellinen moderni suihkuratkaisu mihin tahansa kylpyhuoneeseen. <\/p>\n","protected":false},"featured_media":3832,"template":"","meta":[],"product_cat":[373],"product_tag":[],"acf":[],"_links":{"self":[{"href":"https:\/\/harma.ee\/fi\/wp-json\/wp\/v2\/product\/10885"}],"collection":[{"href":"https:\/\/harma.ee\/fi\/wp-json\/wp\/v2\/product"}],"about":[{"href":"https:\/\/harma.ee\/fi\/wp-json\/wp\/v2\/types\/product"}],"wp:featuredmedia":[{"embeddable":true,"href":"https:\/\/harma.ee\/fi\/wp-json\/wp\/v2\/media\/3832"}],"wp:attachment":[{"href":"https:\/\/harma.ee\/fi\/wp-json\/wp\/v2\/media?parent=10885"}],"wp:term":[{"taxonomy":"product_cat","embeddable":true,"href":"https:\/\/harma.ee\/fi\/wp-json\/wp\/v2\/product_cat?post=10885"},{"taxonomy":"product_tag","embeddable":true,"href":"https:\/\/harma.ee\/fi\/wp-json\/wp\/v2\/product_tag?post=10885"}],"curies":[{"name":"wp","href":"https:\/\/api.w.org\/{rel}","templated":true}]}}