{"id":32459,"date":"2025-07-25T13:14:28","date_gmt":"2025-07-25T11:14:28","guid":{"rendered":"https:\/\/harma.ee\/suihkukappi-harma-solid-90x90x230-cm-matala-tarjotin-3-kpl\/"},"modified":"2025-09-19T11:19:52","modified_gmt":"2025-09-19T09:19:52","slug":"suihkukappi-harma-solid-90x90x230-cm-matala-tarjotin-3-kpl","status":"publish","type":"product","link":"https:\/\/harma.ee\/fi\/suihkukappi-harma-solid-90x90x230-cm-matala-tarjotin-3-kpl\/","title":{"rendered":"Suihkukaappi Harma, SOLID 90x90x210-230 cm; matala pohja (3 kpl)."},"content":{"rendered":"<p>Nosta kylpyhuoneesi ilme uudelle tasolle Harma SOLID -suihkukaapilla. Matalaprofiilinen allas helpottaa sis\u00e4\u00e4nk\u00e4ynti\u00e4, ja t\u00e4ysin l\u00e4pin\u00e4kyv\u00e4t lasipaneelit mustassa alumiinirungossa luovat avaran, minimalistisen tunnelman. Kehyksett\u00f6m\u00e4t liukuovet liikkuvat \u00e4\u00e4nett\u00f6m\u00e4sti piilotetuilla kiskoilla, ja sile\u00e4t pinnat puhdistuvat hetkess\u00e4. Helppo asentaa tavallisilla ty\u00f6kaluilla ja tehty kest\u00e4m\u00e4\u00e4n \u2013 tuo spa-tunnelman kotiisi.   <\/p>\n","protected":false},"excerpt":{"rendered":"<p>Harma SOLID kulmasuihkukaappi: matala allas helppoon kulkuun, l\u00e4pin\u00e4kyv\u00e4t lasipaneelit alumiinirungossa, kehyksett\u00f6m\u00e4t liukuovet. Nopea asennus. <\/p>\n","protected":false},"featured_media":38813,"template":"","meta":[],"product_cat":[365],"product_tag":[1113],"acf":[],"_links":{"self":[{"href":"https:\/\/harma.ee\/fi\/wp-json\/wp\/v2\/product\/32459"}],"collection":[{"href":"https:\/\/harma.ee\/fi\/wp-json\/wp\/v2\/product"}],"about":[{"href":"https:\/\/harma.ee\/fi\/wp-json\/wp\/v2\/types\/product"}],"wp:featuredmedia":[{"embeddable":true,"href":"https:\/\/harma.ee\/fi\/wp-json\/wp\/v2\/media\/38813"}],"wp:attachment":[{"href":"https:\/\/harma.ee\/fi\/wp-json\/wp\/v2\/media?parent=32459"}],"wp:term":[{"taxonomy":"product_cat","embeddable":true,"href":"https:\/\/harma.ee\/fi\/wp-json\/wp\/v2\/product_cat?post=32459"},{"taxonomy":"product_tag","embeddable":true,"href":"https:\/\/harma.ee\/fi\/wp-json\/wp\/v2\/product_tag?post=32459"}],"curies":[{"name":"wp","href":"https:\/\/api.w.org\/{rel}","templated":true}]}}