{"id":38468,"date":"2026-02-20T13:01:49","date_gmt":"2026-02-20T11:01:49","guid":{"rendered":"https:\/\/harma.ee\/dusikabiin-harma-vision-90x90x225cm-3-pakki\/"},"modified":"2026-03-06T10:36:43","modified_gmt":"2026-03-06T08:36:43","slug":"dusikabiin-harma-vision-90x90x225cm-3-pakki","status":"publish","type":"product","link":"https:\/\/harma.ee\/fi\/dusikabiin-harma-vision-90x90x225cm-3-pakki\/","title":{"rendered":"Suihkukaappi Harma Vision 90x90x225 cm 3 pakkausta"},"content":{"rendered":"<p>Harma Vision -suihkukaappi 90\u00d790\u00d7225 cm on kokonaisvaltainen ratkaisu, joka toimitetaan kolmessa pakkauksessa. Rakenteessa on valkoiseksi maalattu runko ja valkoinen suihkuallas. Takapaneeli on valmistettu 4 mm valkoisesta karkaistusta lasista ja siin\u00e4 on 40 cm peilikaista. Taka sivupaneeli on 4 mm valkoista karkaistua lasia. Etuosan kiinte\u00e4 paneeli on 4 mm kirkasta karkaistua lasia ja k\u00e4\u00e4nnett\u00e4v\u00e4 ovi 5 mm kirkasta karkaistua lasia, mik\u00e4 mahdollistaa joustavan asennuksen. Mukana ovat kromattu sadesuihku, kromattu k\u00e4sisuihku kalkinestotoiminnolla, hylly sek\u00e4 pyyhepidike kahvalla.<\/p>\n","protected":false},"excerpt":{"rendered":"<p>Harma Vision 90\u00d790\u00d7225 cm suihkukaappi valkoisella rungolla. 4\u20135 mm karkaistu lasi, sadesuihku, k\u00e4sisuihku, hylly ja pyyhepidike.<\/p>\n","protected":false},"featured_media":38817,"template":"","meta":[],"product_cat":[365],"product_tag":[1113],"acf":[],"_links":{"self":[{"href":"https:\/\/harma.ee\/fi\/wp-json\/wp\/v2\/product\/38468"}],"collection":[{"href":"https:\/\/harma.ee\/fi\/wp-json\/wp\/v2\/product"}],"about":[{"href":"https:\/\/harma.ee\/fi\/wp-json\/wp\/v2\/types\/product"}],"wp:featuredmedia":[{"embeddable":true,"href":"https:\/\/harma.ee\/fi\/wp-json\/wp\/v2\/media\/38817"}],"wp:attachment":[{"href":"https:\/\/harma.ee\/fi\/wp-json\/wp\/v2\/media?parent=38468"}],"wp:term":[{"taxonomy":"product_cat","embeddable":true,"href":"https:\/\/harma.ee\/fi\/wp-json\/wp\/v2\/product_cat?post=38468"},{"taxonomy":"product_tag","embeddable":true,"href":"https:\/\/harma.ee\/fi\/wp-json\/wp\/v2\/product_tag?post=38468"}],"curies":[{"name":"wp","href":"https:\/\/api.w.org\/{rel}","templated":true}]}}