{"id":38480,"date":"2026-02-20T13:11:32","date_gmt":"2026-02-20T11:11:32","guid":{"rendered":"https:\/\/harma.ee\/dusialus-harma-dna42-120x80x15cm-vasak-poolne-dusinurgale-s28dn040\/"},"modified":"2026-03-06T10:34:32","modified_gmt":"2026-03-06T08:34:32","slug":"dusialus-harma-dna42-120x80x15cm-vasak-poolne-dusinurgale-s28dn040","status":"publish","type":"product","link":"https:\/\/harma.ee\/fi\/dusialus-harma-dna42-120x80x15cm-vasak-poolne-dusinurgale-s28dn040\/","title":{"rendered":"Suihkuallas Harma DNA42 120x80x15 cm vasen suihkunurkkaan S28DN040"},"content":{"rendered":"<p>Suihkuallas Harma DNA42 120x80x15 cm on vasenk\u00e4tinen suorakaiteen muotoinen suihkuallas, joka on suunniteltu k\u00e4ytett\u00e4v\u00e4ksi suihkunurkan S28DN040 kanssa. Koko 120&#215;80 cm tarjoaa tilavan suihkutilan ja 15 cm korkeus mahdollistaa tukevan asennuksen sek\u00e4 yhteensopivuuden kyseisen suihkunurkan kanssa. T\u00e4m\u00e4 malli on tarkoitettu vasemmanpuoleiseen asennukseen, kun pidempi sivu sijoittuu vasemmalle.<\/p>\n","protected":false},"excerpt":{"rendered":"<p>Suihkuallas Harma DNA42 120x80x15 cm, vasen, suihkunurkkaan S28DN040. Suorakaide 120&#215;80 cm, korkeus 15 cm, asennus vasemmalle.<\/p>\n","protected":false},"featured_media":38829,"template":"","meta":[],"product_cat":[367],"product_tag":[1134],"acf":[],"_links":{"self":[{"href":"https:\/\/harma.ee\/fi\/wp-json\/wp\/v2\/product\/38480"}],"collection":[{"href":"https:\/\/harma.ee\/fi\/wp-json\/wp\/v2\/product"}],"about":[{"href":"https:\/\/harma.ee\/fi\/wp-json\/wp\/v2\/types\/product"}],"wp:featuredmedia":[{"embeddable":true,"href":"https:\/\/harma.ee\/fi\/wp-json\/wp\/v2\/media\/38829"}],"wp:attachment":[{"href":"https:\/\/harma.ee\/fi\/wp-json\/wp\/v2\/media?parent=38480"}],"wp:term":[{"taxonomy":"product_cat","embeddable":true,"href":"https:\/\/harma.ee\/fi\/wp-json\/wp\/v2\/product_cat?post=38480"},{"taxonomy":"product_tag","embeddable":true,"href":"https:\/\/harma.ee\/fi\/wp-json\/wp\/v2\/product_tag?post=38480"}],"curies":[{"name":"wp","href":"https:\/\/api.w.org\/{rel}","templated":true}]}}