{"id":38493,"date":"2026-02-20T13:17:42","date_gmt":"2026-02-20T11:17:42","guid":{"rendered":"https:\/\/harma.ee\/dusialus-harma-dna41-120x80x15cm-parem-poolne-dusinurgale-s28dn040\/"},"modified":"2026-03-06T10:29:23","modified_gmt":"2026-03-06T08:29:23","slug":"dusialus-harma-dna41-120x80x15cm-parem-poolne-dusinurgale-s28dn040","status":"publish","type":"product","link":"https:\/\/harma.ee\/fi\/dusialus-harma-dna41-120x80x15cm-parem-poolne-dusinurgale-s28dn040\/","title":{"rendered":"Suihkuallas Harma DNA41 120x80x15 cm oikea suihkunurkkaan S28DN040"},"content":{"rendered":"<p>Suihkuallas Harma DNA41 120x80x15 cm on oikeak\u00e4tinen suorakaiteen muotoinen suihkuallas, joka on suunniteltu k\u00e4ytett\u00e4v\u00e4ksi suihkunurkan S28DN040 kanssa. Koko 120&#215;80 cm tarjoaa mukavan suihkutilan ja 15 cm korkeus mahdollistaa vakaan asennuksen sek\u00e4 yhteensopivuuden kyseisen suihkunurkan kanssa. T\u00e4m\u00e4 malli on tarkoitettu oikeanpuoleiseen asennukseen, kun pidempi sivu sijoittuu oikealle.<\/p>\n","protected":false},"excerpt":{"rendered":"<p>Suihkuallas Harma DNA41 120x80x15 cm, oikea, suihkunurkkaan S28DN040. Suorakaide 120&#215;80 cm, korkeus 15 cm, asennus oikealle.<\/p>\n","protected":false},"featured_media":38825,"template":"","meta":[],"product_cat":[367],"product_tag":[1138],"acf":[],"_links":{"self":[{"href":"https:\/\/harma.ee\/fi\/wp-json\/wp\/v2\/product\/38493"}],"collection":[{"href":"https:\/\/harma.ee\/fi\/wp-json\/wp\/v2\/product"}],"about":[{"href":"https:\/\/harma.ee\/fi\/wp-json\/wp\/v2\/types\/product"}],"wp:featuredmedia":[{"embeddable":true,"href":"https:\/\/harma.ee\/fi\/wp-json\/wp\/v2\/media\/38825"}],"wp:attachment":[{"href":"https:\/\/harma.ee\/fi\/wp-json\/wp\/v2\/media?parent=38493"}],"wp:term":[{"taxonomy":"product_cat","embeddable":true,"href":"https:\/\/harma.ee\/fi\/wp-json\/wp\/v2\/product_cat?post=38493"},{"taxonomy":"product_tag","embeddable":true,"href":"https:\/\/harma.ee\/fi\/wp-json\/wp\/v2\/product_tag?post=38493"}],"curies":[{"name":"wp","href":"https:\/\/api.w.org\/{rel}","templated":true}]}}