{"id":38506,"date":"2026-02-20T13:23:54","date_gmt":"2026-02-20T11:23:54","guid":{"rendered":"https:\/\/harma.ee\/dusialus-harma-sws90-90x90x15-cm-valge-kandiline-dusinurkadele-s28bh3013\/"},"modified":"2026-03-06T10:28:02","modified_gmt":"2026-03-06T08:28:02","slug":"dusialus-harma-sws90-90x90x15-cm-valge-kandiline-dusinurkadele-s28bh3013","status":"publish","type":"product","link":"https:\/\/harma.ee\/fi\/dusialus-harma-sws90-90x90x15-cm-valge-kandiline-dusinurkadele-s28bh3013\/","title":{"rendered":"Suihkuallas Harma SWS90 90x90x15 cm valkoinen neli\u00f6 suihkunurkille S28BH3013"},"content":{"rendered":"<p>Suihkuallas Harma SWS90 90x90x15 cm on valkoinen neli\u00f6n muotoinen suihkuallas, joka on suunniteltu suihkunurkille S28BH3013. Koko 90&#215;90 cm sopii tavalliseen kulma-asennukseen ja muodostaa tasapainoisen suihkutilan. 15 cm korkeus mahdollistaa vakaan lattia-asennuksen ja yhteensopivuuden kyseisen suihkunurkan kanssa. Neli\u00f6malli tukee tehokasta tilank\u00e4ytt\u00f6\u00e4 ja valkoinen v\u00e4ri antaa selke\u00e4n, modernin ilmeen.<\/p>\n","protected":false},"excerpt":{"rendered":"<p>Suihkuallas Harma SWS90 90x90x15 cm on valkoinen neli\u00f6 suihkunurkille S28BH3013. Koko 90&#215;90 cm, korkeus 15 cm, kulma-asennus.<\/p>\n","protected":false},"featured_media":38841,"template":"","meta":[],"product_cat":[367],"product_tag":[1134],"acf":[],"_links":{"self":[{"href":"https:\/\/harma.ee\/fi\/wp-json\/wp\/v2\/product\/38506"}],"collection":[{"href":"https:\/\/harma.ee\/fi\/wp-json\/wp\/v2\/product"}],"about":[{"href":"https:\/\/harma.ee\/fi\/wp-json\/wp\/v2\/types\/product"}],"wp:featuredmedia":[{"embeddable":true,"href":"https:\/\/harma.ee\/fi\/wp-json\/wp\/v2\/media\/38841"}],"wp:attachment":[{"href":"https:\/\/harma.ee\/fi\/wp-json\/wp\/v2\/media?parent=38506"}],"wp:term":[{"taxonomy":"product_cat","embeddable":true,"href":"https:\/\/harma.ee\/fi\/wp-json\/wp\/v2\/product_cat?post=38506"},{"taxonomy":"product_tag","embeddable":true,"href":"https:\/\/harma.ee\/fi\/wp-json\/wp\/v2\/product_tag?post=38506"}],"curies":[{"name":"wp","href":"https:\/\/api.w.org\/{rel}","templated":true}]}}