{"id":38519,"date":"2026-02-20T13:32:00","date_gmt":"2026-02-20T11:32:00","guid":{"rendered":"https:\/\/harma.ee\/dusialus-harma-swd90-90x90x15cm-valge-kandiline-dusinurkadele-s28bh3012\/"},"modified":"2026-03-06T10:26:19","modified_gmt":"2026-03-06T08:26:19","slug":"dusialus-harma-swd90-90x90x15cm-valge-kandiline-dusinurkadele-s28bh3012","status":"publish","type":"product","link":"https:\/\/harma.ee\/fi\/dusialus-harma-swd90-90x90x15cm-valge-kandiline-dusinurkadele-s28bh3012\/","title":{"rendered":"Suihkuallas Harma SWD90 90x90x15 cm valkoinen neli\u00f6 suihkunurkille S28BH3012"},"content":{"rendered":"<p>Suihkuallas Harma SWD90 90x90x15 cm on valkoinen neli\u00f6n muotoinen suihkuallas, joka on suunniteltu suihkunurkille S28BH3012. Mitat 90&#215;90 cm sopivat tavalliseen kulma-asennukseen ja muodostavat hyvin mitoitettun suihkutilan. 15 cm korkeus mahdollistaa tukevan lattia-asennuksen ja yhteensopivuuden kyseisen suihkunurkan kanssa. Neli\u00f6malli on k\u00e4yt\u00e4nn\u00f6llinen ratkaisu kylpyhuoneisiin, joissa tilank\u00e4ytt\u00f6 on tarkkaan suunniteltu.<\/p>\n","protected":false},"excerpt":{"rendered":"<p>Suihkuallas Harma SWD90 90x90x15 cm, valkoinen neli\u00f6, suihkunurkille S28BH3012. Koko 90&#215;90 cm, korkeus 15 cm, kulma-asennus.<\/p>\n","protected":false},"featured_media":38837,"template":"","meta":[],"product_cat":[367],"product_tag":[1134],"acf":[],"_links":{"self":[{"href":"https:\/\/harma.ee\/fi\/wp-json\/wp\/v2\/product\/38519"}],"collection":[{"href":"https:\/\/harma.ee\/fi\/wp-json\/wp\/v2\/product"}],"about":[{"href":"https:\/\/harma.ee\/fi\/wp-json\/wp\/v2\/types\/product"}],"wp:featuredmedia":[{"embeddable":true,"href":"https:\/\/harma.ee\/fi\/wp-json\/wp\/v2\/media\/38837"}],"wp:attachment":[{"href":"https:\/\/harma.ee\/fi\/wp-json\/wp\/v2\/media?parent=38519"}],"wp:term":[{"taxonomy":"product_cat","embeddable":true,"href":"https:\/\/harma.ee\/fi\/wp-json\/wp\/v2\/product_cat?post=38519"},{"taxonomy":"product_tag","embeddable":true,"href":"https:\/\/harma.ee\/fi\/wp-json\/wp\/v2\/product_tag?post=38519"}],"curies":[{"name":"wp","href":"https:\/\/api.w.org\/{rel}","templated":true}]}}