{"id":38532,"date":"2026-02-20T13:38:54","date_gmt":"2026-02-20T11:38:54","guid":{"rendered":"https:\/\/harma.ee\/dusialus-harma-sbs90-90x90x15cm-must-kandiline-dusinurkadele-s28bh3013\/"},"modified":"2026-03-06T10:22:12","modified_gmt":"2026-03-06T08:22:12","slug":"dusialus-harma-sbs90-90x90x15cm-must-kandiline-dusinurkadele-s28bh3013","status":"publish","type":"product","link":"https:\/\/harma.ee\/fi\/dusialus-harma-sbs90-90x90x15cm-must-kandiline-dusinurkadele-s28bh3013\/","title":{"rendered":"Suihkuallas Harma SBS90 90x90x15 cm musta neli\u00f6 suihkunurkille S28BH3013"},"content":{"rendered":"<p>Suihkuallas Harma SBS90 90x90x15 cm on musta neli\u00f6n muotoinen suihkuallas, joka on suunniteltu suihkunurkille S28BH3013. Koko 90&#215;90 cm sopii tavalliseen kulma-asennukseen ja muodostaa kompaktin mutta toimivan suihkutilan. 15 cm korkeus mahdollistaa tukevan lattia-asennuksen ja yhteensopivuuden kyseisen suihkunurkan kanssa. Musta v\u00e4ri tuo selke\u00e4n visuaalisen ilmeen ja sopii yhteen m\u00e4\u00e4ritellyn mallin kanssa.<\/p>\n","protected":false},"excerpt":{"rendered":"<p>Suihkuallas Harma SBS90 90x90x15 cm, musta neli\u00f6, suihkunurkille S28BH3013. Koko 90&#215;90 cm, korkeus 15 cm, kulma-asennus.<\/p>\n","protected":false},"featured_media":38833,"template":"","meta":[],"product_cat":[367],"product_tag":[1134],"acf":[],"_links":{"self":[{"href":"https:\/\/harma.ee\/fi\/wp-json\/wp\/v2\/product\/38532"}],"collection":[{"href":"https:\/\/harma.ee\/fi\/wp-json\/wp\/v2\/product"}],"about":[{"href":"https:\/\/harma.ee\/fi\/wp-json\/wp\/v2\/types\/product"}],"wp:featuredmedia":[{"embeddable":true,"href":"https:\/\/harma.ee\/fi\/wp-json\/wp\/v2\/media\/38833"}],"wp:attachment":[{"href":"https:\/\/harma.ee\/fi\/wp-json\/wp\/v2\/media?parent=38532"}],"wp:term":[{"taxonomy":"product_cat","embeddable":true,"href":"https:\/\/harma.ee\/fi\/wp-json\/wp\/v2\/product_cat?post=38532"},{"taxonomy":"product_tag","embeddable":true,"href":"https:\/\/harma.ee\/fi\/wp-json\/wp\/v2\/product_tag?post=38532"}],"curies":[{"name":"wp","href":"https:\/\/api.w.org\/{rel}","templated":true}]}}