{"id":38546,"date":"2026-02-20T13:42:53","date_gmt":"2026-02-20T11:42:53","guid":{"rendered":"https:\/\/harma.ee\/dusialus-harma-sbd90-90x90x15cm-must-kandiline-dusinurkadele-s28bh3012\/"},"modified":"2026-03-06T10:20:37","modified_gmt":"2026-03-06T08:20:37","slug":"dusialus-harma-sbd90-90x90x15cm-must-kandiline-dusinurkadele-s28bh3012","status":"publish","type":"product","link":"https:\/\/harma.ee\/fi\/dusialus-harma-sbd90-90x90x15cm-must-kandiline-dusinurkadele-s28bh3012\/","title":{"rendered":"Suihkuallas Harma SBD90 90x90x15 cm musta neli\u00f6 suihkunurkille S28BH3012"},"content":{"rendered":"<p>Suihkuallas Harma SBD90 90x90x15 cm on musta neli\u00f6n muotoinen suihkuallas, joka on suunniteltu suihkunurkille S28BH3012. Koko 90&#215;90 cm sopii tavalliseen kulmaratkaisuun ja muodostaa kompaktin, selke\u00e4sti rajatun suihkutilan. 15 cm korkeus mahdollistaa vakaan lattia-asennuksen ja yhteensopivuuden kyseisen suihkunurkan kanssa. Musta v\u00e4ri antaa altaalle vahvan ilmeen ja sopii yhteen m\u00e4\u00e4ritellyn mallin kanssa.<\/p>\n","protected":false},"excerpt":{"rendered":"<p>Suihkuallas Harma SBD90 90x90x15 cm, musta neli\u00f6, suihkunurkille S28BH3012. Koko 90&#215;90 cm, korkeus 15 cm, kulma-asennus.<\/p>\n","protected":false},"featured_media":38821,"template":"","meta":[],"product_cat":[367],"product_tag":[1134],"acf":[],"_links":{"self":[{"href":"https:\/\/harma.ee\/fi\/wp-json\/wp\/v2\/product\/38546"}],"collection":[{"href":"https:\/\/harma.ee\/fi\/wp-json\/wp\/v2\/product"}],"about":[{"href":"https:\/\/harma.ee\/fi\/wp-json\/wp\/v2\/types\/product"}],"wp:featuredmedia":[{"embeddable":true,"href":"https:\/\/harma.ee\/fi\/wp-json\/wp\/v2\/media\/38821"}],"wp:attachment":[{"href":"https:\/\/harma.ee\/fi\/wp-json\/wp\/v2\/media?parent=38546"}],"wp:term":[{"taxonomy":"product_cat","embeddable":true,"href":"https:\/\/harma.ee\/fi\/wp-json\/wp\/v2\/product_cat?post=38546"},{"taxonomy":"product_tag","embeddable":true,"href":"https:\/\/harma.ee\/fi\/wp-json\/wp\/v2\/product_tag?post=38546"}],"curies":[{"name":"wp","href":"https:\/\/api.w.org\/{rel}","templated":true}]}}