{"id":38558,"date":"2026-02-20T13:49:21","date_gmt":"2026-02-20T11:49:21","guid":{"rendered":"https:\/\/harma.ee\/dusinurk-harma-bh3012-90x90x195cm-must-raam-6mm-kirgas-turvaklaas\/"},"modified":"2026-03-06T10:17:36","modified_gmt":"2026-03-06T08:17:36","slug":"dusinurk-harma-bh3012-90x90x195cm-must-raam-6mm-kirgas-turvaklaas","status":"publish","type":"product","link":"https:\/\/harma.ee\/fi\/dusinurk-harma-bh3012-90x90x195cm-must-raam-6mm-kirgas-turvaklaas\/","title":{"rendered":"Suihkunurkka Harma BH3012 90x90x195 cm musta runko 6 mm kirkas turvalasi"},"content":{"rendered":"<p>Harma BH3012 -suihkunurkka 90\u00d790\u00d7195 cm on varustettu mattamustalla rungolla ja 6 mm kirkkaalla karkaistulla turvalasilla. K\u00e4\u00e4nt\u00f6ovi mahdollistaa helpon sis\u00e4\u00e4nk\u00e4ynnin ja joustavan asennuksen. Kirkas lasi pit\u00e4\u00e4 tilan avarana ja musta runko luo modernin ilmeen. Suihkualta ei sis\u00e4lly toimitukseen; yhteensopiva allas on saatavilla valkoisena ja mustana.<\/p>\n","protected":false},"excerpt":{"rendered":"<p>Harma BH3012 suihkunurkka 90\u00d790\u00d7195 cm mattamustalla rungolla ja 6 mm kirkkaalla karkaistulla lasilla. K\u00e4\u00e4nt\u00f6ovi helpottaa k\u00e4ytt\u00f6\u00e4. Suihkualta ei sis\u00e4lly, saatavana valkoisena tai mustana.<\/p>\n","protected":false},"featured_media":38793,"template":"","meta":[],"product_cat":[373],"product_tag":[1143],"acf":[],"_links":{"self":[{"href":"https:\/\/harma.ee\/fi\/wp-json\/wp\/v2\/product\/38558"}],"collection":[{"href":"https:\/\/harma.ee\/fi\/wp-json\/wp\/v2\/product"}],"about":[{"href":"https:\/\/harma.ee\/fi\/wp-json\/wp\/v2\/types\/product"}],"wp:featuredmedia":[{"embeddable":true,"href":"https:\/\/harma.ee\/fi\/wp-json\/wp\/v2\/media\/38793"}],"wp:attachment":[{"href":"https:\/\/harma.ee\/fi\/wp-json\/wp\/v2\/media?parent=38558"}],"wp:term":[{"taxonomy":"product_cat","embeddable":true,"href":"https:\/\/harma.ee\/fi\/wp-json\/wp\/v2\/product_cat?post=38558"},{"taxonomy":"product_tag","embeddable":true,"href":"https:\/\/harma.ee\/fi\/wp-json\/wp\/v2\/product_tag?post=38558"}],"curies":[{"name":"wp","href":"https:\/\/api.w.org\/{rel}","templated":true}]}}