{"id":38582,"date":"2026-02-20T14:49:14","date_gmt":"2026-02-20T12:49:14","guid":{"rendered":"https:\/\/harma.ee\/dusinurk-harma-dn040-120x80x190cm-6mm-kirgas-turvaklaas-alusele\/"},"modified":"2026-03-06T10:08:30","modified_gmt":"2026-03-06T08:08:30","slug":"dusinurk-harma-dn040-120x80x190cm-6mm-kirgas-turvaklaas-alusele","status":"publish","type":"product","link":"https:\/\/harma.ee\/fi\/dusinurk-harma-dn040-120x80x190cm-6mm-kirgas-turvaklaas-alusele\/","title":{"rendered":"Suihkunurkka Harma DN040 120x80x190 cm 6 mm kirkas turvalasi altaalle"},"content":{"rendered":"<p>Harma DN040 -suihkunurkka 120\u00d780\u00d7190 cm on valmistettu 6 mm kirkkaasta karkaistusta turvalasista ja varustettu kromiprofiililla. Rakenne on tarkoitettu asennettavaksi suihkualtaalle ja tarjoaa vakaan suihkutilan. Toimitukseen sis\u00e4ltyv\u00e4t suihkualta, vesilukko ja kahva. Kirkas lasi s\u00e4ilytt\u00e4\u00e4 tilan avarana ja kromiyksityiskohdat tuovat modernin ilmeen.<\/p>\n","protected":false},"excerpt":{"rendered":"<p>Harma DN040 suihkunurkka 120\u00d780\u00d7190 cm, 6 mm kirkas karkaistu lasi, kromiprofiili. Sis\u00e4lt\u00e4\u00e4 altaan, vesilukon ja kahvan.<\/p>\n","protected":false},"featured_media":38805,"template":"","meta":[],"product_cat":[373],"product_tag":[1143],"acf":[],"_links":{"self":[{"href":"https:\/\/harma.ee\/fi\/wp-json\/wp\/v2\/product\/38582"}],"collection":[{"href":"https:\/\/harma.ee\/fi\/wp-json\/wp\/v2\/product"}],"about":[{"href":"https:\/\/harma.ee\/fi\/wp-json\/wp\/v2\/types\/product"}],"wp:featuredmedia":[{"embeddable":true,"href":"https:\/\/harma.ee\/fi\/wp-json\/wp\/v2\/media\/38805"}],"wp:attachment":[{"href":"https:\/\/harma.ee\/fi\/wp-json\/wp\/v2\/media?parent=38582"}],"wp:term":[{"taxonomy":"product_cat","embeddable":true,"href":"https:\/\/harma.ee\/fi\/wp-json\/wp\/v2\/product_cat?post=38582"},{"taxonomy":"product_tag","embeddable":true,"href":"https:\/\/harma.ee\/fi\/wp-json\/wp\/v2\/product_tag?post=38582"}],"curies":[{"name":"wp","href":"https:\/\/api.w.org\/{rel}","templated":true}]}}