{"id":38598,"date":"2026-02-20T14:57:47","date_gmt":"2026-02-20T12:57:47","guid":{"rendered":"https:\/\/harma.ee\/harma-dusisein-90x200cm-5mm-kirgas-karastatud-klaas-matt-must-alumiinium-raam\/"},"modified":"2026-02-20T14:57:47","modified_gmt":"2026-02-20T12:57:47","slug":"harmaa-suihkuseina-90x200cm-5mm-chiral-karkaistua-lasimattoa-musta-alumiini-runko","status":"publish","type":"product","link":"https:\/\/harma.ee\/fi\/harmaa-suihkuseina-90x200cm-5mm-chiral-karkaistua-lasimattoa-musta-alumiini-runko\/","title":{"rendered":"Harma suihkusein\u00e4 90&#215;200 cm 5 mm kirkas karkaistu lasi matta musta alumiinirunko"},"content":{"rendered":"<p>Harma-suihkusein\u00e4 90\u00d7200 cm on valmistettu 5 mm kirkkaasta karkaistusta lasista ja varustettu mattamustalla alumiinirungolla. Kirkas lasi s\u00e4ilytt\u00e4\u00e4 avaran ilmeen ja musta runko tuo modernin ilmeen. Mukana toimitetaan mattamusta tukitanko, joka on s\u00e4\u00e4dett\u00e4viss\u00e4 70\u2013100 cm. Asennus on k\u00e4\u00e4nnett\u00e4v\u00e4 ja sein\u00e4profiili mahdollistaa +1 cm s\u00e4\u00e4d\u00f6n.   <\/p>\n","protected":false},"excerpt":{"rendered":"<p>Harma-suihkusein\u00e4 90\u00d7200 cm, 5 mm kirkas karkaistu lasi ja mattamusta runko. Tukitanko 70\u2013100 cm, k\u00e4\u00e4nnett\u00e4v\u00e4 asennus, +1 cm s\u00e4\u00e4t\u00f6. <\/p>\n","protected":false},"featured_media":38809,"template":"","meta":[],"product_cat":[373],"product_tag":[1145],"acf":[],"_links":{"self":[{"href":"https:\/\/harma.ee\/fi\/wp-json\/wp\/v2\/product\/38598"}],"collection":[{"href":"https:\/\/harma.ee\/fi\/wp-json\/wp\/v2\/product"}],"about":[{"href":"https:\/\/harma.ee\/fi\/wp-json\/wp\/v2\/types\/product"}],"wp:featuredmedia":[{"embeddable":true,"href":"https:\/\/harma.ee\/fi\/wp-json\/wp\/v2\/media\/38809"}],"wp:attachment":[{"href":"https:\/\/harma.ee\/fi\/wp-json\/wp\/v2\/media?parent=38598"}],"wp:term":[{"taxonomy":"product_cat","embeddable":true,"href":"https:\/\/harma.ee\/fi\/wp-json\/wp\/v2\/product_cat?post=38598"},{"taxonomy":"product_tag","embeddable":true,"href":"https:\/\/harma.ee\/fi\/wp-json\/wp\/v2\/product_tag?post=38598"}],"curies":[{"name":"wp","href":"https:\/\/api.w.org\/{rel}","templated":true}]}}