{"id":6226,"date":"2021-11-24T15:47:58","date_gmt":"2021-11-24T13:47:58","guid":{"rendered":"https:\/\/harma.ee\/massaazivann-harma-white-coral-150x150x61cm\/"},"modified":"2023-08-03T10:45:22","modified_gmt":"2023-08-03T08:45:22","slug":"harma-poreamme-white-coral-150x150x61cm","status":"publish","type":"product","link":"https:\/\/harma.ee\/fi\/harma-poreamme-white-coral-150x150x61cm\/","title":{"rendered":"Harma poreamme White Coral 150x150x61cm"},"content":{"rendered":"<p>Harma White Coral-poreammeeseen mahtuu 2 henkil\u00f6\u00e4 ja siin\u00e4 on sel\u00e4n ja sivun hierontasuuttimet sek\u00e4 LED-valot terapeuttista rentoutumista varten. Sis\u00e4lt\u00e4\u00e4 pumpun, n\u00e4yt\u00f6n ja ohjauspaneelin, selk\u00e4nojat, hanan, putoushanan ja k\u00e4sisuihkun. <\/p>\n<h3>Vesihieronta<\/h3>\n<p>Suuret vesihierontasuuttimet s\u00e4\u00e4dett\u00e4v\u00e4ll\u00e4 suihkun suunnalla ja voimakkuudella tarjoavat tarkan ja tehokkaan tavan nauttia hieronnasta.<\/p>\n<h3>LED-valaistusj\u00e4rjestelm\u00e4<\/h3>\n<p>Vedenalainen LED-valaistusj\u00e4rjestelm\u00e4 tarjoaa sinulle 7 eri v\u00e4rivalikoimaa rentouttavasta stimuloivaan.<\/p>\n<h3>Digitaalinen ohjauspaneeli<\/h3>\n<p>Aktivoi hierontasuuttimet, nauti ilmakuplaj\u00e4rjestelm\u00e4st\u00e4, aktivoi LED-valaistus jne. Sit\u00e4 kaikkea ohjataan yksinkertaisella napin painalluksella. <\/p>\n","protected":false},"excerpt":{"rendered":"<p>Harma White Coral-poreammeeseen mahtuu 2 henkil\u00f6\u00e4 ja siin\u00e4 on sel\u00e4n ja sivun hierontasuuttimet sek\u00e4 LED-valot terapeuttista rentoutumista varten. Sis\u00e4lt\u00e4\u00e4 pumpun, n\u00e4yt\u00f6n ja ohjauspaneelin, selk\u00e4nojat, hanan, putoushanan ja k\u00e4sisuihkun. <\/p>\n","protected":false},"featured_media":2940,"template":"","meta":[],"product_cat":[376],"product_tag":[333],"acf":[],"_links":{"self":[{"href":"https:\/\/harma.ee\/fi\/wp-json\/wp\/v2\/product\/6226"}],"collection":[{"href":"https:\/\/harma.ee\/fi\/wp-json\/wp\/v2\/product"}],"about":[{"href":"https:\/\/harma.ee\/fi\/wp-json\/wp\/v2\/types\/product"}],"wp:featuredmedia":[{"embeddable":true,"href":"https:\/\/harma.ee\/fi\/wp-json\/wp\/v2\/media\/2940"}],"wp:attachment":[{"href":"https:\/\/harma.ee\/fi\/wp-json\/wp\/v2\/media?parent=6226"}],"wp:term":[{"taxonomy":"product_cat","embeddable":true,"href":"https:\/\/harma.ee\/fi\/wp-json\/wp\/v2\/product_cat?post=6226"},{"taxonomy":"product_tag","embeddable":true,"href":"https:\/\/harma.ee\/fi\/wp-json\/wp\/v2\/product_tag?post=6226"}],"curies":[{"name":"wp","href":"https:\/\/api.w.org\/{rel}","templated":true}]}}