{"id":6227,"date":"2021-06-29T12:27:57","date_gmt":"2021-06-29T10:27:57","guid":{"rendered":"https:\/\/harma.ee\/massaazivann-harma-blue-wave-138x138x61cm\/"},"modified":"2023-08-03T10:43:38","modified_gmt":"2023-08-03T08:43:38","slug":"harma-poreamme-blue-wave-138x138x61cm","status":"publish","type":"product","link":"https:\/\/harma.ee\/fi\/harma-poreamme-blue-wave-138x138x61cm\/","title":{"rendered":"Harma poreamme Blue Wave 138x138x61cm"},"content":{"rendered":"<p>Harma Blue Wave poreammeeseen mahtuu 2 henkil\u00f6\u00e4, ja siin\u00e4 on selk\u00e4- ja sivuhierontasuuttimet, ilmahierontasuuttimet, LED-valot terapeuttiseen rentoutumiseen, bluetooth ja kaiuttimet. Sis\u00e4lt\u00e4\u00e4 pumpun, vedenl\u00e4mmittimen, n\u00e4yt\u00f6n ja ohjauspaneelin, tyynyt, termostaattihanan, putoushanan ja k\u00e4sisuihkun. <\/p>\n<h3>Vesihieronta<\/h3>\n<p>Suuret vesihierontasuuttimet s\u00e4\u00e4dett\u00e4v\u00e4ll\u00e4 suihkun suunnalla ja voimakkuudella tarjoavat tarkan ja tehokkaan tavan nauttia hieronnasta.<\/p>\n<h3>Ilmahieronta<\/h3>\n<p>Kylvyn pohjaan integroidut pienet ilmasuuttimet luovat miellytt\u00e4vi\u00e4 pieni\u00e4 ilmakuplia, joiden avulla voit nauttia pehme\u00e4st\u00e4 hierontakokemuksesta.<\/p>\n<h3>LED-valaistusj\u00e4rjestelm\u00e4<\/h3>\n<p>Vedenalainen LED-valaistusj\u00e4rjestelm\u00e4 tarjoaa sinulle 7 eri v\u00e4rivalikoimaa rentouttavasta stimuloivaan.<\/p>\n<h3>Akupunktio tai pistehieronta<\/h3>\n<p>Akupunktiohierontasuuttimien avulla voit osallistua keskittyneisiin hierontakokemuksiin. Sit\u00e4 k\u00e4ytet\u00e4\u00e4n yleens\u00e4 sel\u00e4n ja yl\u00e4vartalon alueen hierontaan. <\/p>\n<h3>Digitaalinen ohjauspaneeli<\/h3>\n<p>Aktivoi hierontasuuttimet, nauti ilmakuplaj\u00e4rjestelm\u00e4st\u00e4, aktivoi LED-valaistus jne. Sit\u00e4 kaikkea ohjataan yksinkertaisella napin painalluksella. <\/p>\n","protected":false},"excerpt":{"rendered":"<p>Harma Blue Lagoon poreammeeseen mahtuu 2 henkil\u00f6\u00e4, ja siin\u00e4 on selk\u00e4- ja sivuhierontasuuttimet, ilmahierontasuuttimet, LED-valot terapeuttiseen rentoutumiseen, bluetooth ja kaiuttimet. Sis\u00e4lt\u00e4\u00e4 pumpun, vedenl\u00e4mmittimen, n\u00e4yt\u00f6n ja ohjauspaneelin, tyynyt, termostaattihanan, putoushanan ja k\u00e4sisuihkun.<\/p>\n","protected":false},"featured_media":2952,"template":"","meta":[],"product_cat":[376],"product_tag":[269],"acf":[],"_links":{"self":[{"href":"https:\/\/harma.ee\/fi\/wp-json\/wp\/v2\/product\/6227"}],"collection":[{"href":"https:\/\/harma.ee\/fi\/wp-json\/wp\/v2\/product"}],"about":[{"href":"https:\/\/harma.ee\/fi\/wp-json\/wp\/v2\/types\/product"}],"wp:featuredmedia":[{"embeddable":true,"href":"https:\/\/harma.ee\/fi\/wp-json\/wp\/v2\/media\/2952"}],"wp:attachment":[{"href":"https:\/\/harma.ee\/fi\/wp-json\/wp\/v2\/media?parent=6227"}],"wp:term":[{"taxonomy":"product_cat","embeddable":true,"href":"https:\/\/harma.ee\/fi\/wp-json\/wp\/v2\/product_cat?post=6227"},{"taxonomy":"product_tag","embeddable":true,"href":"https:\/\/harma.ee\/fi\/wp-json\/wp\/v2\/product_tag?post=6227"}],"curies":[{"name":"wp","href":"https:\/\/api.w.org\/{rel}","templated":true}]}}