{"id":6228,"date":"2021-06-29T12:27:57","date_gmt":"2021-06-29T10:27:57","guid":{"rendered":"https:\/\/harma.ee\/massaazivann-harma-iseo-170x75x58cm\/"},"modified":"2023-08-03T10:44:33","modified_gmt":"2023-08-03T08:44:33","slug":"harma-poreamme-iseo-170x75x58cm","status":"publish","type":"product","link":"https:\/\/harma.ee\/fi\/harma-poreamme-iseo-170x75x58cm\/","title":{"rendered":"Harma poreamme ISEO 170x75x58cm"},"content":{"rendered":"<p>Harmaa ISEO-poreamme sis\u00e4lt\u00e4\u00e4 selk\u00e4- ja sivuhierontasuuttimet sek\u00e4 LED-lampun terapeuttista rentoutumista varten. Sis\u00e4lt\u00e4\u00e4 ohjauspaneelin, hanan, vesiputoussuuttimen ja k\u00e4sisuihkun. <\/p>\n<h3>LED-valaistusj\u00e4rjestelm\u00e4<\/h3>\n<p>Vedenalainen LED-valaistusj\u00e4rjestelm\u00e4 tarjoaa sinulle 7 eri v\u00e4rivalikoimaa rentouttavasta stimuloivaan.<\/p>\n<h3>Akupunktio tai pistehieronta<\/h3>\n<p>Akupunktiohierontasuuttimien avulla voit osallistua keskittyneisiin hierontakokemuksiin. Sit\u00e4 k\u00e4ytet\u00e4\u00e4n yleens\u00e4 sel\u00e4n ja yl\u00e4vartalon alueen hierontaan. <\/p>\n","protected":false},"excerpt":{"rendered":"<p>Harmaa ISEO-poreamme sis\u00e4lt\u00e4\u00e4 selk\u00e4- ja sivuhierontasuuttimet sek\u00e4 LED-lampun terapeuttista rentoutumista varten. Sis\u00e4lt\u00e4\u00e4 ohjauspaneelin, hanan, vesiputoussuuttimen ja k\u00e4sisuihkun. <\/p>\n","protected":false},"featured_media":3008,"template":"","meta":[],"product_cat":[376],"product_tag":[303],"acf":[],"_links":{"self":[{"href":"https:\/\/harma.ee\/fi\/wp-json\/wp\/v2\/product\/6228"}],"collection":[{"href":"https:\/\/harma.ee\/fi\/wp-json\/wp\/v2\/product"}],"about":[{"href":"https:\/\/harma.ee\/fi\/wp-json\/wp\/v2\/types\/product"}],"wp:featuredmedia":[{"embeddable":true,"href":"https:\/\/harma.ee\/fi\/wp-json\/wp\/v2\/media\/3008"}],"wp:attachment":[{"href":"https:\/\/harma.ee\/fi\/wp-json\/wp\/v2\/media?parent=6228"}],"wp:term":[{"taxonomy":"product_cat","embeddable":true,"href":"https:\/\/harma.ee\/fi\/wp-json\/wp\/v2\/product_cat?post=6228"},{"taxonomy":"product_tag","embeddable":true,"href":"https:\/\/harma.ee\/fi\/wp-json\/wp\/v2\/product_tag?post=6228"}],"curies":[{"name":"wp","href":"https:\/\/api.w.org\/{rel}","templated":true}]}}