{"id":6229,"date":"2021-06-29T12:27:56","date_gmt":"2021-06-29T10:27:56","guid":{"rendered":"https:\/\/harma.ee\/massaazivann-harma-blue-lagoon-180x90x56cm\/"},"modified":"2023-08-03T10:42:49","modified_gmt":"2023-08-03T08:42:49","slug":"harma-poreamme-blue-lagoon-180x90x56cm","status":"publish","type":"product","link":"https:\/\/harma.ee\/fi\/harma-poreamme-blue-lagoon-180x90x56cm\/","title":{"rendered":"Harma poreamme Blue Lagoon 180x90x56cm"},"content":{"rendered":"<p>Suorakaiteen muotoiseen Harma Blue Lagoon -hierontaammeeseen mahtuu 2 henkil\u00f6\u00e4 ja siin\u00e4 on selk\u00e4-, sivu- ja ilmahierontasuuttimet. Lis\u00e4ksi siell\u00e4 on LED-valot, bluetooth ja kaiuttimet, jotka auttavat sinua rentoutumaan. Sarja sis\u00e4lt\u00e4\u00e4 my\u00f6s pumpun, l\u00e4mmittimen veden l\u00e4mp\u00f6tilan yll\u00e4pit\u00e4miseksi, n\u00e4yt\u00f6n ja ohjauspaneelin, tyynyt, termostaattihanan, suihkusuuttimen ja k\u00e4sisuihkun.  <\/p>\n<h3>Vesihieronta<\/h3>\n<p>Suuret vesihierontasuuttimet s\u00e4\u00e4dett\u00e4v\u00e4ll\u00e4 suihkun suunnalla ja voimakkuudella tarjoavat tarkan ja tehokkaan tavan nauttia hieronnasta.<\/p>\n<h3>Ilmahieronta<\/h3>\n<p>Kylvyn pohjaan integroidut pienet ilmasuuttimet luovat miellytt\u00e4vi\u00e4 pieni\u00e4 ilmakuplia, joiden avulla voit nauttia pehme\u00e4st\u00e4 hierontakokemuksesta.<\/p>\n<h3>LED-valaistusj\u00e4rjestelm\u00e4<\/h3>\n<p>Vedenalainen LED-valaistusj\u00e4rjestelm\u00e4 tarjoaa sinulle 7 eri v\u00e4rivalikoimaa rentouttavasta stimuloivaan.<\/p>\n<h3>Akupunktio tai pistehieronta<\/h3>\n<p>Akupunktiohierontasuuttimien avulla voit osallistua keskittyneisiin hierontakokemuksiin. Sit\u00e4 k\u00e4ytet\u00e4\u00e4n yleens\u00e4 sel\u00e4n ja yl\u00e4vartalon alueen hierontaan. <\/p>\n<h3>Digitaalinen ohjauspaneeli<\/h3>\n<p>Aktivoi hierontasuuttimet, nauti ilmakuplaj\u00e4rjestelm\u00e4st\u00e4, aktivoi LED-valaistus jne. Sit\u00e4 kaikkea ohjataan yksinkertaisella napin painalluksella. <\/p>\n<h3>L\u00e4mmitysj\u00e4rjestelm\u00e4<\/h3>\n<p>Valinnainen vedenl\u00e4mmitysvaihtoehto huolehtii valitsemasi veden l\u00e4mp\u00f6tilan yll\u00e4pit\u00e4misest\u00e4. Nojaa taaksep\u00e4in ja \u00e4l\u00e4 v\u00e4lit\u00e4 kuuman veden lis\u00e4\u00e4misest\u00e4. <\/p>\n<h3>Otsoni-desinfiointij\u00e4rjestelm\u00e4<\/h3>\n<p>Kylpytynnyri on loistava paikka rentoutua. Otsonoitu ilma desinfioi tehokkaasti kylpyveden. <\/p>\n","protected":false},"excerpt":{"rendered":"<p>Suorakaiteen muotoiseen Harma Blue Lagoon -hierontaammeeseen mahtuu 2 henkil\u00f6\u00e4 ja siin\u00e4 on selk\u00e4-, sivu- ja ilmahierontasuuttimet.<\/p>\n","protected":false},"featured_media":2990,"template":"","meta":[],"product_cat":[376],"product_tag":[267],"acf":[],"_links":{"self":[{"href":"https:\/\/harma.ee\/fi\/wp-json\/wp\/v2\/product\/6229"}],"collection":[{"href":"https:\/\/harma.ee\/fi\/wp-json\/wp\/v2\/product"}],"about":[{"href":"https:\/\/harma.ee\/fi\/wp-json\/wp\/v2\/types\/product"}],"wp:featuredmedia":[{"embeddable":true,"href":"https:\/\/harma.ee\/fi\/wp-json\/wp\/v2\/media\/2990"}],"wp:attachment":[{"href":"https:\/\/harma.ee\/fi\/wp-json\/wp\/v2\/media?parent=6229"}],"wp:term":[{"taxonomy":"product_cat","embeddable":true,"href":"https:\/\/harma.ee\/fi\/wp-json\/wp\/v2\/product_cat?post=6229"},{"taxonomy":"product_tag","embeddable":true,"href":"https:\/\/harma.ee\/fi\/wp-json\/wp\/v2\/product_tag?post=6229"}],"curies":[{"name":"wp","href":"https:\/\/api.w.org\/{rel}","templated":true}]}}