{"id":6287,"date":"2021-06-29T12:28:32","date_gmt":"2021-06-29T10:28:32","guid":{"rendered":"https:\/\/harma.ee\/dusialus-harma-dna06-120x85x15cm-parem-poolne-dusinurgale-dn020\/"},"modified":"2026-01-28T15:31:18","modified_gmt":"2026-01-28T13:31:18","slug":"suihkuallas-harma-dna06-120x85x15cm-oikea-suihkunurkkaa-varten-dn038","status":"publish","type":"product","link":"https:\/\/harma.ee\/fi\/suihkuallas-harma-dna06-120x85x15cm-oikea-suihkunurkkaa-varten-dn038\/","title":{"rendered":"Suihkuallas Harma DNA06 120x85x15 cm, oikea (suihkunurkkaan DN038)"},"content":{"rendered":"<p data-start=\"271\" data-end=\"569\">Ep\u00e4symmetrinen Harma DNA06 -suihkuallas. Oikeak\u00e4tinen, valkoinen, s\u00e4\u00e4dett\u00e4vill\u00e4 jaloilla ja helposti asennettavalla viem\u00e4rimekanismilla, joka sis\u00e4ltyy toimitukseen. Sopii k\u00e4ytett\u00e4v\u00e4ksi Harma-suihkunurkan DN038 kanssa.<\/p>\n","protected":false},"excerpt":{"rendered":"<p data-start=\"271\" data-end=\"569\">Ep\u00e4symmetrinen Harma DNA06 -suihkuallas. Oikeak\u00e4tinen, valkoinen, s\u00e4\u00e4dett\u00e4vill\u00e4 jaloilla ja helposti asennettavalla viem\u00e4rimekanismilla, joka sis\u00e4ltyy toimitukseen. Sopii k\u00e4ytett\u00e4v\u00e4ksi Harma-suihkunurkan DN038 kanssa.<\/p>\n","protected":false},"featured_media":4011,"template":"","meta":[],"product_cat":[367],"product_tag":[],"acf":[],"_links":{"self":[{"href":"https:\/\/harma.ee\/fi\/wp-json\/wp\/v2\/product\/6287"}],"collection":[{"href":"https:\/\/harma.ee\/fi\/wp-json\/wp\/v2\/product"}],"about":[{"href":"https:\/\/harma.ee\/fi\/wp-json\/wp\/v2\/types\/product"}],"wp:featuredmedia":[{"embeddable":true,"href":"https:\/\/harma.ee\/fi\/wp-json\/wp\/v2\/media\/4011"}],"wp:attachment":[{"href":"https:\/\/harma.ee\/fi\/wp-json\/wp\/v2\/media?parent=6287"}],"wp:term":[{"taxonomy":"product_cat","embeddable":true,"href":"https:\/\/harma.ee\/fi\/wp-json\/wp\/v2\/product_cat?post=6287"},{"taxonomy":"product_tag","embeddable":true,"href":"https:\/\/harma.ee\/fi\/wp-json\/wp\/v2\/product_tag?post=6287"}],"curies":[{"name":"wp","href":"https:\/\/api.w.org\/{rel}","templated":true}]}}