{"id":6289,"date":"2021-06-29T12:28:32","date_gmt":"2021-06-29T10:28:32","guid":{"rendered":"https:\/\/harma.ee\/dusialus-harma-dna07-120x85x15cm-vasak-poolne-dusinurgale-dn020\/"},"modified":"2026-01-28T15:34:40","modified_gmt":"2026-01-28T13:34:40","slug":"suihkuallas-harma-dna07-120x85x15cm-vasen-suihkunurkkalle-dn038","status":"publish","type":"product","link":"https:\/\/harma.ee\/fi\/suihkuallas-harma-dna07-120x85x15cm-vasen-suihkunurkkalle-dn038\/","title":{"rendered":"Suihkuallas Harma DNA07 120x85x15 cm, vasen (suihkunurkkaan DN038)"},"content":{"rendered":"<p data-start=\"269\" data-end=\"567\">Ep\u00e4symmetrinen Harma DNA07 -suihkuallas. Vasenk\u00e4tinen, valkoinen, s\u00e4\u00e4dett\u00e4vill\u00e4 jaloilla ja helposti asennettavalla viem\u00e4rimekanismilla, joka sis\u00e4ltyy toimitukseen. Sopii k\u00e4ytett\u00e4v\u00e4ksi Harma-suihkunurkan DN038 kanssa.<\/p>\n","protected":false},"excerpt":{"rendered":"<p data-start=\"269\" data-end=\"567\">Ep\u00e4symmetrinen Harma DNA07 -suihkuallas. Vasenk\u00e4tinen, valkoinen, s\u00e4\u00e4dett\u00e4vill\u00e4 jaloilla ja helposti asennettavalla viem\u00e4rimekanismilla, joka sis\u00e4ltyy toimitukseen. Sopii k\u00e4ytett\u00e4v\u00e4ksi Harma-suihkunurkan DN038 kanssa.<\/p>\n","protected":false},"featured_media":4013,"template":"","meta":[],"product_cat":[367],"product_tag":[],"acf":[],"_links":{"self":[{"href":"https:\/\/harma.ee\/fi\/wp-json\/wp\/v2\/product\/6289"}],"collection":[{"href":"https:\/\/harma.ee\/fi\/wp-json\/wp\/v2\/product"}],"about":[{"href":"https:\/\/harma.ee\/fi\/wp-json\/wp\/v2\/types\/product"}],"wp:featuredmedia":[{"embeddable":true,"href":"https:\/\/harma.ee\/fi\/wp-json\/wp\/v2\/media\/4013"}],"wp:attachment":[{"href":"https:\/\/harma.ee\/fi\/wp-json\/wp\/v2\/media?parent=6289"}],"wp:term":[{"taxonomy":"product_cat","embeddable":true,"href":"https:\/\/harma.ee\/fi\/wp-json\/wp\/v2\/product_cat?post=6289"},{"taxonomy":"product_tag","embeddable":true,"href":"https:\/\/harma.ee\/fi\/wp-json\/wp\/v2\/product_tag?post=6289"}],"curies":[{"name":"wp","href":"https:\/\/api.w.org\/{rel}","templated":true}]}}