{"id":6304,"date":"2021-06-29T12:30:36","date_gmt":"2021-06-29T10:30:36","guid":{"rendered":"https:\/\/harma.ee\/dusikardin-180x200cm-rv-100-polyester\/"},"modified":"2022-04-11T12:15:05","modified_gmt":"2022-04-11T10:15:05","slug":"suihkuverho-180x200cm-rv001-100-polyesteri","status":"publish","type":"product","link":"https:\/\/harma.ee\/fi\/suihkuverho-180x200cm-rv001-100-polyesteri\/","title":{"rendered":"Suihkuverho 180x200cm RV001, 100% polyesteri"},"content":{"rendered":"<p>Tyylikkyys ja kest\u00e4vyys yhdistyv\u00e4t antamaan suihkunurkkaan ylellisemm\u00e4n ja puhtaamman tunteen, samalla kun estet\u00e4\u00e4n muun kylpyhuoneen kastuminen. Ihanteellisen kokoinen ja helppo puhdistaa. Saatavilla eri v\u00e4reiss\u00e4 kylpyhuoneen suunnitteluun sopivaksi. Harmaat suihkuverhot on valmistettu 100 % polyesterista.   <\/p>\n","protected":false},"excerpt":{"rendered":"<p>Tyylikkyys ja kest\u00e4vyys yhdistyv\u00e4t antamaan suihkunurkkaan ylellisemm\u00e4n ja puhtaamman tunteen, samalla kun estet\u00e4\u00e4n muun kylpyhuoneen kastuminen. Ihanteellisen kokoinen ja helppo puhdistaa. Saatavilla eri v\u00e4reiss\u00e4 kylpyhuoneen suunnitteluun sopivaksi. Harmaat suihkuverhot on valmistettu 100 % polyesterista.   <\/p>\n","protected":false},"featured_media":4556,"template":"","meta":[],"product_cat":[370],"product_tag":[340],"acf":[],"_links":{"self":[{"href":"https:\/\/harma.ee\/fi\/wp-json\/wp\/v2\/product\/6304"}],"collection":[{"href":"https:\/\/harma.ee\/fi\/wp-json\/wp\/v2\/product"}],"about":[{"href":"https:\/\/harma.ee\/fi\/wp-json\/wp\/v2\/types\/product"}],"wp:featuredmedia":[{"embeddable":true,"href":"https:\/\/harma.ee\/fi\/wp-json\/wp\/v2\/media\/4556"}],"wp:attachment":[{"href":"https:\/\/harma.ee\/fi\/wp-json\/wp\/v2\/media?parent=6304"}],"wp:term":[{"taxonomy":"product_cat","embeddable":true,"href":"https:\/\/harma.ee\/fi\/wp-json\/wp\/v2\/product_cat?post=6304"},{"taxonomy":"product_tag","embeddable":true,"href":"https:\/\/harma.ee\/fi\/wp-json\/wp\/v2\/product_tag?post=6304"}],"curies":[{"name":"wp","href":"https:\/\/api.w.org\/{rel}","templated":true}]}}