{"id":6320,"date":"2021-06-29T12:30:53","date_gmt":"2021-06-29T10:30:53","guid":{"rendered":"https:\/\/harma.ee\/harma-vannitoavaip-50x80cm-100-puuvill\/"},"modified":"2022-04-11T12:13:42","modified_gmt":"2022-04-11T10:13:42","slug":"harma-kylpyhuoneen-matto-5080cm-100-puuvilla","status":"publish","type":"product","link":"https:\/\/harma.ee\/fi\/harma-kylpyhuoneen-matto-5080cm-100-puuvilla\/","title":{"rendered":"Harma-kylpyhuoneen matto 50x80cm 100% puuvilla"},"content":{"rendered":"<p>Eritt\u00e4in mukavat ja liukumattomat kylpymatot ovat eritt\u00e4in pehmeit\u00e4 jalkojen alla ja esipesty lis\u00e4\u00e4m\u00e4\u00e4n imukyky\u00e4. Saatavilla eri v\u00e4reiss\u00e4 rikastuttamaan kylpyhuoneen muotoilua. Harma -kylpyhuonematot on valmistettu 100 % korkealaatuisesta puuvillasta.  <\/p>\n","protected":false},"excerpt":{"rendered":"<p>Eritt\u00e4in mukavat ja liukumattomat kylpymatot ovat eritt\u00e4in pehmeit\u00e4 jalkojen alla ja esipesty lis\u00e4\u00e4m\u00e4\u00e4n imukyky\u00e4. Saatavilla eri v\u00e4reiss\u00e4 rikastuttamaan kylpyhuoneen muotoilua. Harma -kylpyhuonematot on valmistettu 100 % korkealaatuisesta puuvillasta.  <\/p>\n","protected":false},"featured_media":4494,"template":"","meta":[],"product_cat":[421],"product_tag":[428],"acf":[],"_links":{"self":[{"href":"https:\/\/harma.ee\/fi\/wp-json\/wp\/v2\/product\/6320"}],"collection":[{"href":"https:\/\/harma.ee\/fi\/wp-json\/wp\/v2\/product"}],"about":[{"href":"https:\/\/harma.ee\/fi\/wp-json\/wp\/v2\/types\/product"}],"wp:featuredmedia":[{"embeddable":true,"href":"https:\/\/harma.ee\/fi\/wp-json\/wp\/v2\/media\/4494"}],"wp:attachment":[{"href":"https:\/\/harma.ee\/fi\/wp-json\/wp\/v2\/media?parent=6320"}],"wp:term":[{"taxonomy":"product_cat","embeddable":true,"href":"https:\/\/harma.ee\/fi\/wp-json\/wp\/v2\/product_cat?post=6320"},{"taxonomy":"product_tag","embeddable":true,"href":"https:\/\/harma.ee\/fi\/wp-json\/wp\/v2\/product_tag?post=6320"}],"curies":[{"name":"wp","href":"https:\/\/api.w.org\/{rel}","templated":true}]}}