{"id":6337,"date":"2021-06-29T12:30:53","date_gmt":"2021-06-29T10:30:53","guid":{"rendered":"https:\/\/harma.ee\/harma-vannitoavaip-50x80cm-memory-foam\/"},"modified":"2022-04-11T12:11:12","modified_gmt":"2022-04-11T10:11:12","slug":"harma-kylpyhuoneen-matto-5080cm-muistivaahto","status":"publish","type":"product","link":"https:\/\/harma.ee\/fi\/harma-kylpyhuoneen-matto-5080cm-muistivaahto\/","title":{"rendered":"Harma-kylpyhuoneen matto 50*80cm muistivaahto"},"content":{"rendered":"<p>Liukumaton harmaa kylpyhuonematto integroidulla muistivaahdolla on eritt\u00e4in mukava, eritt\u00e4in pehme\u00e4 jalan alla ja esipesty imukyvyn lis\u00e4\u00e4miseksi. <\/p>\n","protected":false},"excerpt":{"rendered":"<p>Liukumaton harmaa kylpyhuonematto integroidulla muistivaahdolla on eritt\u00e4in mukava, eritt\u00e4in pehme\u00e4 jalan alla ja esipesty imukyvyn lis\u00e4\u00e4miseksi. <\/p>\n","protected":false},"featured_media":4456,"template":"","meta":[],"product_cat":[421],"product_tag":[318],"acf":[],"_links":{"self":[{"href":"https:\/\/harma.ee\/fi\/wp-json\/wp\/v2\/product\/6337"}],"collection":[{"href":"https:\/\/harma.ee\/fi\/wp-json\/wp\/v2\/product"}],"about":[{"href":"https:\/\/harma.ee\/fi\/wp-json\/wp\/v2\/types\/product"}],"wp:featuredmedia":[{"embeddable":true,"href":"https:\/\/harma.ee\/fi\/wp-json\/wp\/v2\/media\/4456"}],"wp:attachment":[{"href":"https:\/\/harma.ee\/fi\/wp-json\/wp\/v2\/media?parent=6337"}],"wp:term":[{"taxonomy":"product_cat","embeddable":true,"href":"https:\/\/harma.ee\/fi\/wp-json\/wp\/v2\/product_cat?post=6337"},{"taxonomy":"product_tag","embeddable":true,"href":"https:\/\/harma.ee\/fi\/wp-json\/wp\/v2\/product_tag?post=6337"}],"curies":[{"name":"wp","href":"https:\/\/api.w.org\/{rel}","templated":true}]}}