{"id":6401,"date":"2022-03-17T15:38:03","date_gmt":"2022-03-17T13:38:03","guid":{"rendered":"https:\/\/harma.ee\/valamusegisti-harma-platinum-js02gr\/"},"modified":"2022-10-20T14:36:36","modified_gmt":"2022-10-20T12:36:36","slug":"pesuallashana-harma-platinum-js02gr","status":"publish","type":"product","link":"https:\/\/harma.ee\/fi\/pesuallashana-harma-platinum-js02gr\/","title":{"rendered":"Pesuallashana Harma Platinum JS02GR"},"content":{"rendered":"<p>Harman uusimman Platinum-sarjan hanat ovat minimalistisia, ylellisi\u00e4 ja kest\u00e4vi\u00e4. Valikoimasta l\u00f6yd\u00e4t sopivat hanat niin keitti\u00f6\u00f6n kuin kylpyhuoneeseenkin. <\/p>\n","protected":false},"excerpt":{"rendered":"<p>Harman uusimman Platinum-sarjan hanat ovat minimalistisia, ylellisi\u00e4 ja kest\u00e4vi\u00e4. Valikoimasta l\u00f6yd\u00e4t sopivat hanat niin keitti\u00f6\u00f6n kuin kylpyhuoneeseenkin. <\/p>\n","protected":false},"featured_media":6020,"template":"","meta":[],"product_cat":[1091,382,822],"product_tag":[825],"acf":[],"_links":{"self":[{"href":"https:\/\/harma.ee\/fi\/wp-json\/wp\/v2\/product\/6401"}],"collection":[{"href":"https:\/\/harma.ee\/fi\/wp-json\/wp\/v2\/product"}],"about":[{"href":"https:\/\/harma.ee\/fi\/wp-json\/wp\/v2\/types\/product"}],"wp:featuredmedia":[{"embeddable":true,"href":"https:\/\/harma.ee\/fi\/wp-json\/wp\/v2\/media\/6020"}],"wp:attachment":[{"href":"https:\/\/harma.ee\/fi\/wp-json\/wp\/v2\/media?parent=6401"}],"wp:term":[{"taxonomy":"product_cat","embeddable":true,"href":"https:\/\/harma.ee\/fi\/wp-json\/wp\/v2\/product_cat?post=6401"},{"taxonomy":"product_tag","embeddable":true,"href":"https:\/\/harma.ee\/fi\/wp-json\/wp\/v2\/product_tag?post=6401"}],"curies":[{"name":"wp","href":"https:\/\/api.w.org\/{rel}","templated":true}]}}