{"id":6403,"date":"2022-03-17T15:38:02","date_gmt":"2022-03-17T13:38:02","guid":{"rendered":"https:\/\/harma.ee\/dusikomplekt-harma-platinum-js09gr-segisti-kasiduss-voolik-kasidusi-hoidik\/"},"modified":"2023-04-21T10:52:43","modified_gmt":"2023-04-21T08:52:43","slug":"suihkusetti-harmaa-platina-js09gr-sekoitin-kasiduss-letku-kasidusi-pidike","status":"publish","type":"product","link":"https:\/\/harma.ee\/fi\/suihkusetti-harmaa-platina-js09gr-sekoitin-kasiduss-letku-kasidusi-pidike\/","title":{"rendered":"Suihkusetti Harma Platinum JS09GR (hana, k\u00e4sisuihku, letku, k\u00e4sisuihkuteline)"},"content":{"rendered":"<p>Harman uusimman Platinum-sarjan hanat ovat minimalistisia, ylellisi\u00e4 ja kest\u00e4vi\u00e4. Valikoimasta l\u00f6yd\u00e4t sopivat hanat niin keitti\u00f6\u00f6n kuin kylpyhuoneeseenkin. <\/p>\n","protected":false},"excerpt":{"rendered":"<p>Harman uusimmat Platinum-sarjan suihkusetit ovat minimalistisia, ylellisi\u00e4 ja kest\u00e4vi\u00e4. L\u00f6yd\u00e4t sopivat hanat niin keitti\u00f6\u00f6n kuin kylpyhuoneeseenkin.<\/p>\n","protected":false},"featured_media":6029,"template":"","meta":[],"product_cat":[382,822],"product_tag":[825],"acf":[],"_links":{"self":[{"href":"https:\/\/harma.ee\/fi\/wp-json\/wp\/v2\/product\/6403"}],"collection":[{"href":"https:\/\/harma.ee\/fi\/wp-json\/wp\/v2\/product"}],"about":[{"href":"https:\/\/harma.ee\/fi\/wp-json\/wp\/v2\/types\/product"}],"wp:featuredmedia":[{"embeddable":true,"href":"https:\/\/harma.ee\/fi\/wp-json\/wp\/v2\/media\/6029"}],"wp:attachment":[{"href":"https:\/\/harma.ee\/fi\/wp-json\/wp\/v2\/media?parent=6403"}],"wp:term":[{"taxonomy":"product_cat","embeddable":true,"href":"https:\/\/harma.ee\/fi\/wp-json\/wp\/v2\/product_cat?post=6403"},{"taxonomy":"product_tag","embeddable":true,"href":"https:\/\/harma.ee\/fi\/wp-json\/wp\/v2\/product_tag?post=6403"}],"curies":[{"name":"wp","href":"https:\/\/api.w.org\/{rel}","templated":true}]}}