{"id":6405,"date":"2022-03-17T15:38:02","date_gmt":"2022-03-17T13:38:02","guid":{"rendered":"https:\/\/harma.ee\/koogisegisti-harma-platinum-js04gr\/"},"modified":"2023-04-21T11:26:19","modified_gmt":"2023-04-21T09:26:19","slug":"keittion-hana-harma-platinum-js04gr","status":"publish","type":"product","link":"https:\/\/harma.ee\/fi\/keittion-hana-harma-platinum-js04gr\/","title":{"rendered":"Keitti\u00f6n hana Harma Platinum JS04GR"},"content":{"rendered":"<p>Harman uusimman Platinum-sarjan hanat ovat minimalistisia, ylellisi\u00e4 ja kest\u00e4vi\u00e4. Valikoimasta l\u00f6yd\u00e4t sopivat hanat niin keitti\u00f6\u00f6n kuin kylpyhuoneeseenkin. <\/p>\n","protected":false},"excerpt":{"rendered":"<p>Harman uusimmat Platinum-sarjan keitti\u00f6hanat ovat minimalistisia, ylellisi\u00e4 ja kest\u00e4vi\u00e4. L\u00f6yd\u00e4t sopivat hanat niin keitti\u00f6\u00f6n kuin kylpyhuoneeseenkin.<\/p>\n","protected":false},"featured_media":6026,"template":"","meta":[],"product_cat":[382,822],"product_tag":[825],"acf":[],"_links":{"self":[{"href":"https:\/\/harma.ee\/fi\/wp-json\/wp\/v2\/product\/6405"}],"collection":[{"href":"https:\/\/harma.ee\/fi\/wp-json\/wp\/v2\/product"}],"about":[{"href":"https:\/\/harma.ee\/fi\/wp-json\/wp\/v2\/types\/product"}],"wp:featuredmedia":[{"embeddable":true,"href":"https:\/\/harma.ee\/fi\/wp-json\/wp\/v2\/media\/6026"}],"wp:attachment":[{"href":"https:\/\/harma.ee\/fi\/wp-json\/wp\/v2\/media?parent=6405"}],"wp:term":[{"taxonomy":"product_cat","embeddable":true,"href":"https:\/\/harma.ee\/fi\/wp-json\/wp\/v2\/product_cat?post=6405"},{"taxonomy":"product_tag","embeddable":true,"href":"https:\/\/harma.ee\/fi\/wp-json\/wp\/v2\/product_tag?post=6405"}],"curies":[{"name":"wp","href":"https:\/\/api.w.org\/{rel}","templated":true}]}}