{"id":6406,"date":"2022-03-17T15:38:02","date_gmt":"2022-03-17T13:38:02","guid":{"rendered":"https:\/\/harma.ee\/valamusegisti-harma-platinum-js02hgr\/"},"modified":"2026-02-03T13:23:15","modified_gmt":"2026-02-03T11:23:15","slug":"pesuallashana-harma-platinum-js02hgr","status":"publish","type":"product","link":"https:\/\/harma.ee\/fi\/pesuallashana-harma-platinum-js02hgr\/","title":{"rendered":"Pesuallashana Harma Platinum JS02HGR"},"content":{"rendered":"<p>Harma uusimmat Platinum-hanat ovat minimalistisia, ylellisi\u00e4 ja kest\u00e4vi\u00e4. L\u00f6yd\u00e4t sopivat hanat niin keitti\u00f6\u00f6n kuin kylpyhuoneeseenkin. <\/p>\n","protected":false},"excerpt":{"rendered":"<p>Harman uusin Platinum-allasvalikoima on minimalistinen, ylellinen ja kest\u00e4v\u00e4. L\u00f6yd\u00e4t sopivat hanat niin keitti\u00f6\u00f6n kuin kylpyhuoneeseenkin.<\/p>\n","protected":false},"featured_media":6023,"template":"","meta":[],"product_cat":[1091,382,822],"product_tag":[825],"acf":[],"_links":{"self":[{"href":"https:\/\/harma.ee\/fi\/wp-json\/wp\/v2\/product\/6406"}],"collection":[{"href":"https:\/\/harma.ee\/fi\/wp-json\/wp\/v2\/product"}],"about":[{"href":"https:\/\/harma.ee\/fi\/wp-json\/wp\/v2\/types\/product"}],"wp:featuredmedia":[{"embeddable":true,"href":"https:\/\/harma.ee\/fi\/wp-json\/wp\/v2\/media\/6023"}],"wp:attachment":[{"href":"https:\/\/harma.ee\/fi\/wp-json\/wp\/v2\/media?parent=6406"}],"wp:term":[{"taxonomy":"product_cat","embeddable":true,"href":"https:\/\/harma.ee\/fi\/wp-json\/wp\/v2\/product_cat?post=6406"},{"taxonomy":"product_tag","embeddable":true,"href":"https:\/\/harma.ee\/fi\/wp-json\/wp\/v2\/product_tag?post=6406"}],"curies":[{"name":"wp","href":"https:\/\/api.w.org\/{rel}","templated":true}]}}