{"id":7290,"date":"2022-10-11T09:45:39","date_gmt":"2022-10-11T07:45:39","guid":{"rendered":"https:\/\/harma.ee\/dusikabiin-harma-cube-80x80x210-230cm-madal-alus-3-pakki\/"},"modified":"2023-10-05T13:24:11","modified_gmt":"2023-10-05T11:24:11","slug":"suihkukaappi-harma-cube-80x80x210-230cm-matala-pohja-3-kpl","status":"publish","type":"product","link":"https:\/\/harma.ee\/fi\/suihkukaappi-harma-cube-80x80x210-230cm-matala-pohja-3-kpl\/","title":{"rendered":"Suihkukaappi Harma Cube 80x80x210-230cm, matala pohja (3 kpl)"},"content":{"rendered":"<p>Harmaan matalapohjaisessa ja katottomassa Cube-suihkukaapissa on korkeuss\u00e4\u00e4dett\u00e4v\u00e4 suihku, lasihylly, hana, vaihdin ja k\u00e4sisuihku. Lasinen takapaneeli ja mattamustat profiilit antavat sille ainutlaatuisen ilmeen. <\/p>\n","protected":false},"excerpt":{"rendered":"<p>Harma Cube -suihkukaappi on tyylik\u00e4s ja toimiva valinta, joka tuo kylpyhuoneeseesi moderniutta ja eleganssia.<br \/>\n\u2022 Mitat: 80 x 80 x 210-230 cm<br \/>\n\u2022 Nykyaikaiset v\u00e4rit: musta ja valkoinen, jotka sopivat helposti eri sisustustyyleihin<br \/>\n\u2022 Laadukas l\u00e4pin\u00e4kyv\u00e4 turvalasi takaa turvallisen ja miellytt\u00e4v\u00e4n suihkukokemuksen<br \/>\n\u2022 Kest\u00e4v\u00e4 alumiinirunko takaa pitk\u00e4n k\u00e4ytt\u00f6i\u00e4n<br \/>\n\u2022 Lis\u00e4ominaisuudet parantavat suihkukokemustasi: k\u00e4sisuihku, magneettiset oven tiivisteet, laadukas sekoittajahana ja yl\u00e4suihku<br \/>\n\u2022 Matala alusta helpottaa kabiiniin menoa ja sielt\u00e4 poistumista<br \/>\n\u2022 Pakattu kolmeen laatikkoon helppoa kuljetusta ja asennusta varten.<\/p>\n","protected":false},"featured_media":17344,"template":"","meta":[],"product_cat":[365],"product_tag":[843],"acf":[],"_links":{"self":[{"href":"https:\/\/harma.ee\/fi\/wp-json\/wp\/v2\/product\/7290"}],"collection":[{"href":"https:\/\/harma.ee\/fi\/wp-json\/wp\/v2\/product"}],"about":[{"href":"https:\/\/harma.ee\/fi\/wp-json\/wp\/v2\/types\/product"}],"wp:featuredmedia":[{"embeddable":true,"href":"https:\/\/harma.ee\/fi\/wp-json\/wp\/v2\/media\/17344"}],"wp:attachment":[{"href":"https:\/\/harma.ee\/fi\/wp-json\/wp\/v2\/media?parent=7290"}],"wp:term":[{"taxonomy":"product_cat","embeddable":true,"href":"https:\/\/harma.ee\/fi\/wp-json\/wp\/v2\/product_cat?post=7290"},{"taxonomy":"product_tag","embeddable":true,"href":"https:\/\/harma.ee\/fi\/wp-json\/wp\/v2\/product_tag?post=7290"}],"curies":[{"name":"wp","href":"https:\/\/api.w.org\/{rel}","templated":true}]}}