{"id":7292,"date":"2022-10-11T09:33:27","date_gmt":"2022-10-11T07:33:27","guid":{"rendered":"https:\/\/harma.ee\/dusikabiin-harma-luuna-90x90x215cm-madal-alus-katusega-3-pakki\/"},"modified":"2023-10-04T22:16:26","modified_gmt":"2023-10-04T20:16:26","slug":"suihkukaappi-harma-luuna-90x90x215cm-matala-pohjala-katolla-3-kpl","status":"publish","type":"product","link":"https:\/\/harma.ee\/fi\/suihkukaappi-harma-luuna-90x90x215cm-matala-pohjala-katolla-3-kpl\/","title":{"rendered":"Suihkukaappi Harma Luuna 90x90x215cm, matala pohja, katolla (3 kpl)"},"content":{"rendered":"<p>Matalalla pohjalla ja katolla varustetussa Harma Luuna -suihkukaapissa on p\u00e4\u00e4suihku, k\u00e4sisuihku, lasihylly ja hana. Lasinen takapaneeli harmailla profiileilla antaa sille ainutlaatuisen ilmeen. <\/p>\n","protected":false},"excerpt":{"rendered":"<p>Harma Luuna suihkukaappi on laadukas ja tyylik\u00e4s valinta, joka sopii t\u00e4ydellisesti moderniin kylpyhuoneeseen, tuoden minimalistista eleganssia tilaan.<br \/>\n\u2022 Mitat: 90 x 90 x 215 cm<br \/>\n\u2022 Tyylikk\u00e4\u00e4sti muotoiltu harmaa runko, valmistettu kest\u00e4v\u00e4st\u00e4 alumiinista<br \/>\n\u2022 L\u00e4pin\u00e4kyv\u00e4 turvalasi takaa turvallisen ja ylellisen suihkukokemuksen<br \/>\n\u2022 Sarjaan kuuluu moderni yl\u00e4suihku ja k\u00e4yt\u00e4nn\u00f6llinen k\u00e4sisuihku, jotka tarjoavat joustavuutta suihkun aikana<br \/>\n\u2022 Lis\u00e4ksi kabiinissa on tyylik\u00e4s lasihylly s\u00e4ilytyst\u00e4 varten, magneettiset oven lukot ja laadukas sekoitin<br \/>\n\u2022 Matala pohja takaa helpon sis\u00e4\u00e4n- ja ulosk\u00e4ynnin suihkukaapista<br \/>\n\u2022 Suunnittelu sis\u00e4lt\u00e4\u00e4 katon, joka tarjoaa lis\u00e4suojaa ja yksityisyytt\u00e4<br \/>\n\u2022 Pakattu kolmeen laatikkoon helpompaa kuljetusta ja asennusta varten.<\/p>\n","protected":false},"featured_media":7240,"template":"","meta":[],"product_cat":[365],"product_tag":[845],"acf":[],"_links":{"self":[{"href":"https:\/\/harma.ee\/fi\/wp-json\/wp\/v2\/product\/7292"}],"collection":[{"href":"https:\/\/harma.ee\/fi\/wp-json\/wp\/v2\/product"}],"about":[{"href":"https:\/\/harma.ee\/fi\/wp-json\/wp\/v2\/types\/product"}],"wp:featuredmedia":[{"embeddable":true,"href":"https:\/\/harma.ee\/fi\/wp-json\/wp\/v2\/media\/7240"}],"wp:attachment":[{"href":"https:\/\/harma.ee\/fi\/wp-json\/wp\/v2\/media?parent=7292"}],"wp:term":[{"taxonomy":"product_cat","embeddable":true,"href":"https:\/\/harma.ee\/fi\/wp-json\/wp\/v2\/product_cat?post=7292"},{"taxonomy":"product_tag","embeddable":true,"href":"https:\/\/harma.ee\/fi\/wp-json\/wp\/v2\/product_tag?post=7292"}],"curies":[{"name":"wp","href":"https:\/\/api.w.org\/{rel}","templated":true}]}}