{"id":7294,"date":"2021-06-29T14:30:42","date_gmt":"2021-06-29T12:30:42","guid":{"rendered":"https:\/\/harma.ee\/dusikabiin-harma-dk0p4-90x90x230cm-korge-alus\/"},"modified":"2023-10-04T22:55:42","modified_gmt":"2023-10-04T20:55:42","slug":"suihkukaappi-harma-dk0p4-90x90x230cm-korkea-allas","status":"publish","type":"product","link":"https:\/\/harma.ee\/fi\/suihkukaappi-harma-dk0p4-90x90x230cm-korkea-allas\/","title":{"rendered":"Suihkukaappi Harma, DK0P4 90x90x230cm; korkea allas (4 pakkausta)"},"content":{"rendered":"<p>Harma-suihkukaapissa DK0P4 on korkea allas, ilman kattoa, korkeuss\u00e4\u00e4dett\u00e4v\u00e4 yl\u00e4suihku sek\u00e4 kuusi hierontasuutinta, lasihylly, hana, vaihdin ja k\u00e4sisuihku. Lasinen takapaneeli ja mattamustat profiilit antavat sille ainutlaatuisen ilmeen. <\/p>\n","protected":false},"excerpt":{"rendered":"<p>Harma DK0P4 -suihkukaappi on huippulaatuinen suihkuratkaisu, joka takaa parhaan suihkukokemuksen.<\/p>\n<p>\u2022 Mitat: 90 x 90 x 233 cm<br \/>\n\u2022 Syv\u00e4 musta s\u00e4vy antaa kylpyhuoneelle tyylikk\u00e4\u00e4n ja modernin ilmeen<br \/>\n\u2022 Lasi: kirkas turvalasi takaa turvallisuuden joka suihkukerralla<br \/>\n\u2022 Kest\u00e4v\u00e4 alumiinikehys takaa kaapin pitk\u00e4aikaisen k\u00e4yt\u00f6n<br \/>\n\u2022 Premium-ominaisuudet: irrotettava alusta, k\u00e4sik\u00e4ytt\u00f6inen suihku, lasihylly, magneettiset tiivisteet, korkealaatuinen sekoitin ja yl\u00e4suihku<br \/>\n\u2022 Korkea perusta takaa optimaalisen mukavuuden ja helpon p\u00e4\u00e4syn kaappiin<br \/>\n\u2022 Puhdistettavat hieronta-suuttimet tarjoavat lis\u00e4\u00e4 rentoutumista suihkun aikana<br \/>\n\u2022 Tuote on pakattu nelj\u00e4\u00e4n osaan helpompaa kuljetusta ja asennusta varten.<\/p>\n","protected":false},"featured_media":3714,"template":"","meta":[],"product_cat":[365],"product_tag":[280],"acf":[],"_links":{"self":[{"href":"https:\/\/harma.ee\/fi\/wp-json\/wp\/v2\/product\/7294"}],"collection":[{"href":"https:\/\/harma.ee\/fi\/wp-json\/wp\/v2\/product"}],"about":[{"href":"https:\/\/harma.ee\/fi\/wp-json\/wp\/v2\/types\/product"}],"wp:featuredmedia":[{"embeddable":true,"href":"https:\/\/harma.ee\/fi\/wp-json\/wp\/v2\/media\/3714"}],"wp:attachment":[{"href":"https:\/\/harma.ee\/fi\/wp-json\/wp\/v2\/media?parent=7294"}],"wp:term":[{"taxonomy":"product_cat","embeddable":true,"href":"https:\/\/harma.ee\/fi\/wp-json\/wp\/v2\/product_cat?post=7294"},{"taxonomy":"product_tag","embeddable":true,"href":"https:\/\/harma.ee\/fi\/wp-json\/wp\/v2\/product_tag?post=7294"}],"curies":[{"name":"wp","href":"https:\/\/api.w.org\/{rel}","templated":true}]}}