{"id":7296,"date":"2021-06-29T14:30:41","date_gmt":"2021-06-29T12:30:41","guid":{"rendered":"https:\/\/harma.ee\/dusikabiin-harma-dk0p3-90x90x237cm-madal-alus\/"},"modified":"2023-10-04T22:50:58","modified_gmt":"2023-10-04T20:50:58","slug":"suihkukaappi-harma-dk0p3-90x90x223cm-matala-allas","status":"publish","type":"product","link":"https:\/\/harma.ee\/fi\/suihkukaappi-harma-dk0p3-90x90x223cm-matala-allas\/","title":{"rendered":"Suihkukaappi Harma, DK0P3 90x90x223cm; matala allas (4 pakkausta)"},"content":{"rendered":"<p>Harma-suihkukaappi DK0P3, jossa on matala allas ja ilman kattoa, korkeuss\u00e4\u00e4dett\u00e4v\u00e4 yl\u00e4suihku sek\u00e4 kuusi hierontasuutinta, lasihylly, hana, vaihdin ja k\u00e4sisuihku. Lasinen takapaneeli ja mattamustat profiilit antavat sille ainutlaatuisen ilmeen. <\/p>\n","protected":false},"excerpt":{"rendered":"<p>Harma DK0P3 -suihkukaappi on tyylik\u00e4s ja moderni suihkuratkaisu, jonka Harma-asiantuntijat ovat suunnitelleet.<\/p>\n<p>\u2022 Mitat: 90 x 90 x 237 cm<br \/>\n\u2022 Kaapin syv\u00e4 musta s\u00e4vy luo ylellisen ja nykyaikaisen tunnelman kylpyhuoneessa<br \/>\n\u2022 Lasi: kirkas turvalasi takaa turvallisuuden ja l\u00e4pin\u00e4kyvyyden<br \/>\n\u2022 Alumiinikehys antaa tuotteelle poikkeuksellisen lujuuden ja kest\u00e4vyyden<br \/>\n\u2022 Varustettu premium-ominaisuuksilla: k\u00e4sik\u00e4ytt\u00f6inen suihku, lasihylly, magneettiset oven lukot, korkealaatuinen sekoitin ja yl\u00e4suihku<br \/>\n\u2022 Matala perusta helpottaa sis\u00e4\u00e4nk\u00e4ynti\u00e4 ja ulosk\u00e4ynti\u00e4<br \/>\n\u2022 Puhdistettavat hieronta-suuttimet tarjoavat lis\u00e4ksi rentoutumista ja mukavuutta suihkun aikana<br \/>\n\u2022 Tuote on pakattu nelj\u00e4\u00e4n osaan helpottaakseen kuljetusta ja asennusta.<\/p>\n","protected":false},"featured_media":3723,"template":"","meta":[],"product_cat":[365],"product_tag":[280],"acf":[],"_links":{"self":[{"href":"https:\/\/harma.ee\/fi\/wp-json\/wp\/v2\/product\/7296"}],"collection":[{"href":"https:\/\/harma.ee\/fi\/wp-json\/wp\/v2\/product"}],"about":[{"href":"https:\/\/harma.ee\/fi\/wp-json\/wp\/v2\/types\/product"}],"wp:featuredmedia":[{"embeddable":true,"href":"https:\/\/harma.ee\/fi\/wp-json\/wp\/v2\/media\/3723"}],"wp:attachment":[{"href":"https:\/\/harma.ee\/fi\/wp-json\/wp\/v2\/media?parent=7296"}],"wp:term":[{"taxonomy":"product_cat","embeddable":true,"href":"https:\/\/harma.ee\/fi\/wp-json\/wp\/v2\/product_cat?post=7296"},{"taxonomy":"product_tag","embeddable":true,"href":"https:\/\/harma.ee\/fi\/wp-json\/wp\/v2\/product_tag?post=7296"}],"curies":[{"name":"wp","href":"https:\/\/api.w.org\/{rel}","templated":true}]}}