{"id":7298,"date":"2021-06-29T14:30:39","date_gmt":"2021-06-29T12:30:39","guid":{"rendered":"https:\/\/harma.ee\/dusikabiin-harma-dk0p2-90x90x220cm-korge-alus-katusega\/"},"modified":"2023-10-04T22:43:53","modified_gmt":"2023-10-04T20:43:53","slug":"suihkukaappi-harma-dk0p2-90x90x220cm-korkea-allas-katto","status":"publish","type":"product","link":"https:\/\/harma.ee\/fi\/suihkukaappi-harma-dk0p2-90x90x220cm-korkea-allas-katto\/","title":{"rendered":"Suihkukaappi Harma, DK0P2 90x90x220cm; korkea allas, katto (4 pakkausta)"},"content":{"rendered":"<p>Harma-suihkukaappi DK0P2 korkealla altaalla ja katolla, yl\u00e4suihku, kuusi hierontasuutinta, kattovalaistus, FM-radio, lasihylly, hana, vaihdin ja k\u00e4sisuihku. Lasinen takapaneeli ja mattamustat profiilit antavat sille ainutlaatuisen ilmeen. <\/p>\n","protected":false},"excerpt":{"rendered":"<p>Harma DK0P2 -suihkukaappi on moderni ja monitoiminen ratkaisu, joka yhdist\u00e4\u00e4 k\u00e4yt\u00e4nn\u00f6llisyyden ja tyylin.<\/p>\n<p>\u2022 Mitat: 90 x 90 x 220 cm<br \/>\n\u2022 V\u00e4ri: syv\u00e4 musta, antaa kylpyhuoneellesi ylellisen ilmeen<br \/>\n\u2022 Laadukas l\u00e4pin\u00e4kyv\u00e4 turvalasi takaa turvallisen suihkukokemuksen<br \/>\n\u2022 Vahva ja tyylik\u00e4s alumiinirunko<br \/>\n\u2022 Uudenaikainen digitaalinen ohjauspaneeli k\u00e4tev\u00e4\u00e4n k\u00e4ytt\u00f6\u00f6n<br \/>\n\u2022 Premium-ominaisuudet, jotka nostavat suihkukokemuksesi uudelle tasolle: k\u00e4sisuihku, lasihylly, magneettiset oven lukot, radio viihteeksi, laadukas sekoitin, yl\u00e4suihku ja tuuletin<br \/>\n\u2022 Korotettu alusta takaa mukavan sis\u00e4\u00e4n- ja ulosk\u00e4ynnin<br \/>\n\u2022 Puhdistettavat hieronta-suuttimet lis\u00e4\u00e4v\u00e4t arvoa ja tekev\u00e4t suihkusta nautinnollisemman<br \/>\n\u2022 Miellytt\u00e4v\u00e4 ja tehokas LED-yl\u00e4valaistus luo rentouttavan tunnelman<br \/>\n\u2022 Pakattu nelj\u00e4\u00e4n laatikkoon, mik\u00e4 yksinkertaistaa kuljetusta ja asennusta.<\/p>\n","protected":false},"featured_media":3729,"template":"","meta":[],"product_cat":[365],"product_tag":[280],"acf":[],"_links":{"self":[{"href":"https:\/\/harma.ee\/fi\/wp-json\/wp\/v2\/product\/7298"}],"collection":[{"href":"https:\/\/harma.ee\/fi\/wp-json\/wp\/v2\/product"}],"about":[{"href":"https:\/\/harma.ee\/fi\/wp-json\/wp\/v2\/types\/product"}],"wp:featuredmedia":[{"embeddable":true,"href":"https:\/\/harma.ee\/fi\/wp-json\/wp\/v2\/media\/3729"}],"wp:attachment":[{"href":"https:\/\/harma.ee\/fi\/wp-json\/wp\/v2\/media?parent=7298"}],"wp:term":[{"taxonomy":"product_cat","embeddable":true,"href":"https:\/\/harma.ee\/fi\/wp-json\/wp\/v2\/product_cat?post=7298"},{"taxonomy":"product_tag","embeddable":true,"href":"https:\/\/harma.ee\/fi\/wp-json\/wp\/v2\/product_tag?post=7298"}],"curies":[{"name":"wp","href":"https:\/\/api.w.org\/{rel}","templated":true}]}}