{"id":7301,"date":"2021-06-29T14:30:38","date_gmt":"2021-06-29T12:30:38","guid":{"rendered":"https:\/\/harma.ee\/dusikabiin-harma-dk0p1-90x90x215cm-madal-alus-katusega\/"},"modified":"2023-10-06T16:00:44","modified_gmt":"2023-10-06T14:00:44","slug":"suihkukaappi-harma-dk0p1-90x90x220cm-matala-pohja-katolla","status":"publish","type":"product","link":"https:\/\/harma.ee\/fi\/suihkukaappi-harma-dk0p1-90x90x220cm-matala-pohja-katolla\/","title":{"rendered":"Suihkukaappi Harma, DK0P1 90x90x215cm; matala allas, katto (4 pakkausta)"},"content":{"rendered":"<p>Harma-suihkukaapissa DK0P1, jossa on matala allas ja katto, yl\u00e4suihku, kuusi hierontasuutinta, kattovalaistus, FM-radio, lasihylly, hana, vaihdin ja k\u00e4sisuihku. Lasinen takapaneeli ja mattamustat profiilit antavat sille ainutlaatuisen ilmeen. <\/p>\n","protected":false},"excerpt":{"rendered":"<p><span data-contrast=\"auto\">Harma DK0P1 -suihkukaappi on t\u00e4ydellinen yhdistelm\u00e4 modernia muotoilua ja todellista toiminnallisuutta, tehden jokaisesta suihkukokemuksesta erityisen.<\/span><span data-ccp-props=\"{\"201341983\":0,\"335559739\":160,\"335559740\":259}\"> <\/span><\/p>\n<ul>\n<li><span data-contrast=\"auto\"> Mitat: 90 x 90 x 220 cm;<\/span><\/li>\n<li><span data-contrast=\"auto\"> V\u00e4ri: Musta, antaen kylpyhuoneelle tyylikk\u00e4\u00e4n ja modernin ilmeen;<\/span><\/li>\n<li><span data-contrast=\"auto\"> Laatu: K\u00e4ytetty kirkas turvalasi ja kest\u00e4v\u00e4 alumiinikehys takaavat tuotteen kest\u00e4vyyden ja tyylikkyyden vuosiksi;<\/span><\/li>\n<li><span data-contrast=\"auto\"> Toiminnallisuus: Kaapissa on runsaasti lis\u00e4varusteita, kuten digitaalinen ohjauspaneeli, k\u00e4sisuihku, lasihylly, magneettiset tiivisteet, radio viihteeksi, laadukas sekoitin, yl\u00e4suihku ja ilmastointi;<\/span><\/li>\n<li><span data-contrast=\"auto\"> Design: Matala allas helpottaa kaapin sis\u00e4\u00e4n- ja ulosk\u00e4ynti\u00e4, tehden siit\u00e4 erityisen mukavan vanhemmille ihmisille, samalla kaapin katto antaa sille modernin ja minimalistisen ilmeen;<\/span><\/li>\n<li><span data-contrast=\"auto\"> Lis\u00e4ominaisuudet: Puhdistettavat hieronta-suuttimet tarjoavat lis\u00e4mukavuutta, tehden jokaisesta suihkuhetkest\u00e4 viel\u00e4kin rentouttavamman;<\/span><\/li>\n<li><span data-contrast=\"auto\"> Valaistus: Miellytt\u00e4v\u00e4 LED-kattavalaistus luo rauhoittavan ja kodikkaan tunnelman, t\u00e4ydent\u00e4en koko kaapin estetiikkaa;<\/span><\/li>\n<li><span data-contrast=\"auto\"> Kuljetus ja asennus: Kaappi on huolellisesti pakattu nelj\u00e4\u00e4n laatikkoon helpottamaan kuljetusta ja asennusta.<\/span><\/li>\n<\/ul>\n<p><span data-contrast=\"auto\"> <\/span><span data-ccp-props=\"{\"201341983\":0,\"335559739\":160,\"335559740\":259}\"> <\/span><\/p>\n<p><span data-contrast=\"auto\">Nauti tyylikk\u00e4\u00e4st\u00e4 ja toiminnallisesta Harma DK0P1 -\u2013suihkukaapin kylvyst\u00e4!<\/span><span data-ccp-props=\"{\"201341983\":0,\"335559739\":160,\"335559740\":259}\"> <\/span><\/p>\n","protected":false},"featured_media":3734,"template":"","meta":[],"product_cat":[365],"product_tag":[280],"acf":[],"_links":{"self":[{"href":"https:\/\/harma.ee\/fi\/wp-json\/wp\/v2\/product\/7301"}],"collection":[{"href":"https:\/\/harma.ee\/fi\/wp-json\/wp\/v2\/product"}],"about":[{"href":"https:\/\/harma.ee\/fi\/wp-json\/wp\/v2\/types\/product"}],"wp:featuredmedia":[{"embeddable":true,"href":"https:\/\/harma.ee\/fi\/wp-json\/wp\/v2\/media\/3734"}],"wp:attachment":[{"href":"https:\/\/harma.ee\/fi\/wp-json\/wp\/v2\/media?parent=7301"}],"wp:term":[{"taxonomy":"product_cat","embeddable":true,"href":"https:\/\/harma.ee\/fi\/wp-json\/wp\/v2\/product_cat?post=7301"},{"taxonomy":"product_tag","embeddable":true,"href":"https:\/\/harma.ee\/fi\/wp-json\/wp\/v2\/product_tag?post=7301"}],"curies":[{"name":"wp","href":"https:\/\/api.w.org\/{rel}","templated":true}]}}