{"id":7304,"date":"2021-06-29T12:27:57","date_gmt":"2021-06-29T10:27:57","guid":{"rendered":"https:\/\/harma.ee\/dusikabiin-harma-white-onyx-85x85x225cm\/"},"modified":"2023-10-06T10:51:44","modified_gmt":"2023-10-06T08:51:44","slug":"suihkukaappi-harma-white-onyx-85x85x225cm","status":"publish","type":"product","link":"https:\/\/harma.ee\/fi\/suihkukaappi-harma-white-onyx-85x85x225cm\/","title":{"rendered":"Suihkukaappi Harma White Onyx 85x85x225cm"},"content":{"rendered":"<p>Harma White Onyx -suihkukaappi matalalla alustalla ja ilman kattoa, korkeuss\u00e4\u00e4dett\u00e4v\u00e4 yl\u00e4suihku sek\u00e4 kuusi hierontasuutinta, hana, vaihdin ja k\u00e4sisuihku. Hopeanv\u00e4rinen takapaneeli ja mattavalkoiset profiilit antavat avaruuden tunteen. <\/p>\n","protected":false},"excerpt":{"rendered":"<p>Harma White Onyx -suihkukaappi on elegantisti muotoiltu suihkuratkaisu, joka korostaa kylpyhuoneesi parhaita puolia.<\/p>\n<p>\u2022 Mitat: 85 x 85 x 227 cm<br \/>\n\u2022 Vaalea valkoinen s\u00e4vy luo kevyen ja ilmavan tunnelman<br \/>\n\u2022 Lasi: kirkas turvalasi takaa turvallisuuden suihkussa k\u00e4ydess\u00e4.<br \/>\n\u2022 Kest\u00e4v\u00e4 alumiinirunko takaa pitk\u00e4n k\u00e4ytt\u00f6i\u00e4n kest\u00e4vyyden<br \/>\n\u2022 Laadukkaat ominaisuudet: k\u00e4sik\u00e4ytt\u00f6inen suihku, magneettiset tiivisteet, sekoitin ja yl\u00e4suihku<br \/>\n\u2022 Matala alusta takaa mukavuuden ja helpon sis\u00e4\u00e4np\u00e4\u00e4syn<br \/>\n\u2022 Kuusi hieronta-suutinta lis\u00e4\u00e4v\u00e4t rentouttavaa kokemusta<br \/>\n\u2022 S\u00e4\u00e4dett\u00e4v\u00e4t jalat mahdollistavat ohjaamon asentamisen erilaisille pinnoille.<br \/>\n\u2022 Tuote on pakattu nelj\u00e4\u00e4n osaan helpompaa kuljetusta ja asennusta varten.<\/p>\n","protected":false},"featured_media":3702,"template":"","meta":[],"product_cat":[365],"product_tag":[335],"acf":[],"_links":{"self":[{"href":"https:\/\/harma.ee\/fi\/wp-json\/wp\/v2\/product\/7304"}],"collection":[{"href":"https:\/\/harma.ee\/fi\/wp-json\/wp\/v2\/product"}],"about":[{"href":"https:\/\/harma.ee\/fi\/wp-json\/wp\/v2\/types\/product"}],"wp:featuredmedia":[{"embeddable":true,"href":"https:\/\/harma.ee\/fi\/wp-json\/wp\/v2\/media\/3702"}],"wp:attachment":[{"href":"https:\/\/harma.ee\/fi\/wp-json\/wp\/v2\/media?parent=7304"}],"wp:term":[{"taxonomy":"product_cat","embeddable":true,"href":"https:\/\/harma.ee\/fi\/wp-json\/wp\/v2\/product_cat?post=7304"},{"taxonomy":"product_tag","embeddable":true,"href":"https:\/\/harma.ee\/fi\/wp-json\/wp\/v2\/product_tag?post=7304"}],"curies":[{"name":"wp","href":"https:\/\/api.w.org\/{rel}","templated":true}]}}