{"id":7306,"date":"2021-06-29T12:27:57","date_gmt":"2021-06-29T10:27:57","guid":{"rendered":"https:\/\/harma.ee\/dusikabiin-harma-malta-85x85x225cm\/"},"modified":"2023-10-04T22:21:47","modified_gmt":"2023-10-04T20:21:47","slug":"suihkukaappi-harma-malta-85x85x230cm","status":"publish","type":"product","link":"https:\/\/harma.ee\/fi\/suihkukaappi-harma-malta-85x85x230cm\/","title":{"rendered":"Suihkukaappi Harma Malta 85x85x230cm"},"content":{"rendered":"<p>Harma matalalattiainen ja katoton suihkukaappi Malta on korkeuss\u00e4\u00e4dett\u00e4v\u00e4ll\u00e4 yl\u00e4suihkulla, lasihyllyll\u00e4, hanalla ja k\u00e4sisuihkulla. Lasinen takapaneeli mattamustilla profiileilla antaa sille ainutlaatuisen ilmeen. <\/p>\n","protected":false},"excerpt":{"rendered":"<p>Harma Malta -suihkukaappi on tyylik\u00e4s ja toiminnallinen valinta, joka on valmistettu korkealaatuisista materiaaleista ja takaa parhaan suihkukokemuksen.<br \/>\n\u2022 Mitat: 85 x 85 x 230 cm<br \/>\n\u2022 V\u00e4ri: syv\u00e4 musta, joka tuo kylpyhuoneeseesi modernin ja chic-ilmeen<br \/>\n\u2022 Kest\u00e4v\u00e4 ja selke\u00e4 turvalasi maksimaaliseen turvallisuuteen<br \/>\n\u2022 Kevyt ja vahva alumiinirunko lis\u00e4\u00e4 kaapin vakautta ja kest\u00e4vyytt\u00e4<br \/>\n\u2022 Premium-varusteet ylelliseen suihkukokemukseen: k\u00e4sik\u00e4ytt\u00f6inen suihku, lasihylly, magneettiset oven lukot, korkealaatuinen sekoitin, yl\u00e4suihku<br \/>\n\u2022 Matala pohja mukavaan sis\u00e4\u00e4n- ja ulosk\u00e4yntiin<br \/>\n\u2022 S\u00e4\u00e4dett\u00e4v\u00e4t jalat mahdollistavat kaapin korkeuden s\u00e4\u00e4t\u00e4misen ja varmistavat vakauden erilaisilla pinnoilla<br \/>\n\u2022 Pakattu nelj\u00e4\u00e4n laatikkoon, mik\u00e4 yksinkertaistaa kuljetusta ja asennusta.<\/p>\n","protected":false},"featured_media":3740,"template":"","meta":[],"product_cat":[365],"product_tag":[314],"acf":[],"_links":{"self":[{"href":"https:\/\/harma.ee\/fi\/wp-json\/wp\/v2\/product\/7306"}],"collection":[{"href":"https:\/\/harma.ee\/fi\/wp-json\/wp\/v2\/product"}],"about":[{"href":"https:\/\/harma.ee\/fi\/wp-json\/wp\/v2\/types\/product"}],"wp:featuredmedia":[{"embeddable":true,"href":"https:\/\/harma.ee\/fi\/wp-json\/wp\/v2\/media\/3740"}],"wp:attachment":[{"href":"https:\/\/harma.ee\/fi\/wp-json\/wp\/v2\/media?parent=7306"}],"wp:term":[{"taxonomy":"product_cat","embeddable":true,"href":"https:\/\/harma.ee\/fi\/wp-json\/wp\/v2\/product_cat?post=7306"},{"taxonomy":"product_tag","embeddable":true,"href":"https:\/\/harma.ee\/fi\/wp-json\/wp\/v2\/product_tag?post=7306"}],"curies":[{"name":"wp","href":"https:\/\/api.w.org\/{rel}","templated":true}]}}