{"id":7308,"date":"2021-06-29T12:27:57","date_gmt":"2021-06-29T10:27:57","guid":{"rendered":"https:\/\/harma.ee\/dusikabiin-harma-alaska-85x85x225cm\/"},"modified":"2023-10-04T21:59:36","modified_gmt":"2023-10-04T19:59:36","slug":"suihkukaappi-harma-alaska-85x85x225cm","status":"publish","type":"product","link":"https:\/\/harma.ee\/fi\/suihkukaappi-harma-alaska-85x85x225cm\/","title":{"rendered":"Suihkukaappi Harma Alaska 85x85x225cm"},"content":{"rendered":"<p>Harma Alaska -suihkukaappi on tyylik\u00e4s ja toimiva ratkaisu kylpyhuoneeseen, tarjoten mukavuutta ja muotoilua.<br \/>\n\u2022 Mitat: 85 x 85 x 227 cm<br \/>\n\u2022 Valkoinen v\u00e4ri lis\u00e4\u00e4 kylpyhuoneeseen tilavuutta ja puhtautta<br \/>\n\u2022 Lasi: kirkas turvalasi takaa turvallisuuden suihkun aikana<br \/>\n\u2022 Kest\u00e4v\u00e4 alumiinikehys takaa pitk\u00e4ik\u00e4isyyden<br \/>\n\u2022 K\u00e4yt\u00e4nn\u00f6lliset ominaisuudet: k\u00e4sik\u00e4ytt\u00f6inen suihku, magneettiset tiivisteet, sekoitin ja yl\u00e4suihku<br \/>\n\u2022 Matala alusta varmistaa helpon sis\u00e4\u00e4np\u00e4\u00e4syn suihkukaappiin<br \/>\n\u2022 Kaappi on pakattu kolmeen osaan helpompaa kuljetusta ja asennusta varten<br \/>\n\u2022 S\u00e4\u00e4dett\u00e4v\u00e4t jalat mahdollistavat asennuksen erilaisille pinnoille<\/p>\n","protected":false},"excerpt":{"rendered":"<p>Harma Alaska -suihkukaappi on tyylik\u00e4s ja toimiva ratkaisu kylpyhuoneeseen, tarjoten mukavuutta ja muotoilua.<br \/>\n\u2022 Mitat: 85 x 85 x 227 cm<br \/>\n\u2022 Valkoinen v\u00e4ri lis\u00e4\u00e4 kylpyhuoneeseen tilavuutta ja puhtautta<br \/>\n\u2022 Lasi: kirkas turvalasi takaa turvallisuuden suihkun aikana<br \/>\n\u2022 Kest\u00e4v\u00e4 alumiinikehys takaa pitk\u00e4ik\u00e4isyyden<br \/>\n\u2022 K\u00e4yt\u00e4nn\u00f6lliset ominaisuudet: k\u00e4sik\u00e4ytt\u00f6inen suihku, magneettiset tiivisteet, sekoitin ja yl\u00e4suihku<br \/>\n\u2022 Matala alusta varmistaa helpon sis\u00e4\u00e4np\u00e4\u00e4syn suihkukaappiin<br \/>\n\u2022 Kaappi on pakattu kolmeen osaan helpompaa kuljetusta ja asennusta varten<br \/>\n\u2022 S\u00e4\u00e4dett\u00e4v\u00e4t jalat mahdollistavat asennuksen erilaisille pinnoille<\/p>\n","protected":false},"featured_media":3746,"template":"","meta":[],"product_cat":[365],"product_tag":[254],"acf":[],"_links":{"self":[{"href":"https:\/\/harma.ee\/fi\/wp-json\/wp\/v2\/product\/7308"}],"collection":[{"href":"https:\/\/harma.ee\/fi\/wp-json\/wp\/v2\/product"}],"about":[{"href":"https:\/\/harma.ee\/fi\/wp-json\/wp\/v2\/types\/product"}],"wp:featuredmedia":[{"embeddable":true,"href":"https:\/\/harma.ee\/fi\/wp-json\/wp\/v2\/media\/3746"}],"wp:attachment":[{"href":"https:\/\/harma.ee\/fi\/wp-json\/wp\/v2\/media?parent=7308"}],"wp:term":[{"taxonomy":"product_cat","embeddable":true,"href":"https:\/\/harma.ee\/fi\/wp-json\/wp\/v2\/product_cat?post=7308"},{"taxonomy":"product_tag","embeddable":true,"href":"https:\/\/harma.ee\/fi\/wp-json\/wp\/v2\/product_tag?post=7308"}],"curies":[{"name":"wp","href":"https:\/\/api.w.org\/{rel}","templated":true}]}}