{"id":7318,"date":"2021-06-29T14:30:42","date_gmt":"2021-06-29T12:30:42","guid":{"rendered":"https:\/\/harma.ee\/dusinurk-harma-dn030-90x90x200cm-kandiline-6mm-kirgas-turvaklaas\/"},"modified":"2023-08-03T13:53:24","modified_gmt":"2023-08-03T11:53:24","slug":"suihku-suihku-nurkka-harma-dn030-90x90x200cm-reuna-6mm-kruunu-kruunu-painelasi","status":"publish","type":"product","link":"https:\/\/harma.ee\/fi\/suihku-suihku-nurkka-harma-dn030-90x90x200cm-reuna-6mm-kruunu-kruunu-painelasi\/","title":{"rendered":"Suihkunurkka Harma DN030 90x90x200cm neli\u00f6, 6mm kirkas turvalasi"},"content":{"rendered":"<p>Neli\u00f6n muotoinen Harma suihkunurkkaus DN030 kromiprofiileilla, k\u00e4\u00e4nt\u00f6ovilla ja 6 mm paksulla kirkkaalla karkaistulla lasilla on ihanteellinen moderni suihkuratkaisu mihin tahansa kylpyhuoneeseen. <\/p>\n","protected":false},"excerpt":{"rendered":"<p>Neli\u00f6n muotoinen Harma suihkunurkkaus DN030 kromiprofiileilla, k\u00e4\u00e4nt\u00f6ovilla ja 6 mm paksulla kirkkaalla karkaistulla lasilla on ihanteellinen moderni suihkuratkaisu mihin tahansa kylpyhuoneeseen. <\/p>\n","protected":false},"featured_media":3852,"template":"","meta":[],"product_cat":[373],"product_tag":[],"acf":[],"_links":{"self":[{"href":"https:\/\/harma.ee\/fi\/wp-json\/wp\/v2\/product\/7318"}],"collection":[{"href":"https:\/\/harma.ee\/fi\/wp-json\/wp\/v2\/product"}],"about":[{"href":"https:\/\/harma.ee\/fi\/wp-json\/wp\/v2\/types\/product"}],"wp:featuredmedia":[{"embeddable":true,"href":"https:\/\/harma.ee\/fi\/wp-json\/wp\/v2\/media\/3852"}],"wp:attachment":[{"href":"https:\/\/harma.ee\/fi\/wp-json\/wp\/v2\/media?parent=7318"}],"wp:term":[{"taxonomy":"product_cat","embeddable":true,"href":"https:\/\/harma.ee\/fi\/wp-json\/wp\/v2\/product_cat?post=7318"},{"taxonomy":"product_tag","embeddable":true,"href":"https:\/\/harma.ee\/fi\/wp-json\/wp\/v2\/product_tag?post=7318"}],"curies":[{"name":"wp","href":"https:\/\/api.w.org\/{rel}","templated":true}]}}