{"id":7320,"date":"2021-06-29T14:28:32","date_gmt":"2021-06-29T12:28:32","guid":{"rendered":"https:\/\/harma.ee\/dusinurk-harma-dn038-120x85x190cm-6mm-kirgas-turvaklaas-alusele-dna06-ja-dna07\/"},"modified":"2023-09-04T14:23:40","modified_gmt":"2023-09-04T12:23:40","slug":"suihkunurkkaus-harma-dn038-120x85x190cm-6mm-kirkas-karkaistu-lasi-alusta-dna06-ja-dna07","status":"publish","type":"product","link":"https:\/\/harma.ee\/fi\/suihkunurkkaus-harma-dn038-120x85x190cm-6mm-kirkas-karkaistu-lasi-alusta-dna06-ja-dna07\/","title":{"rendered":"Suihkunurkkaus Harma DN038 120x85x190cm, 6mm kirkas karkaistu lasi (alusta DNA06 ja DNA07)"},"content":{"rendered":"<p>Ep\u00e4symmetrisesti muotoiltu suihkunurkkaus Harma DN038 liukuovet, kromiprofiilit, 6 mm paksu, himme\u00e4 karkaistu lasi on ihanteellinen moderniin suihkuratkaisuun jokaiseen kylpyhuoneeseen. Voidaan asentaa joko vasemmalle tai oikealle k\u00e4\u00e4nt\u00e4m\u00e4ll\u00e4 yl\u00f6salaisin. Yhteensopiva Harma DNA06 tai DNA07 suihkualtaiden kanssa.  <\/p>\n","protected":false},"excerpt":{"rendered":"<p>Ep\u00e4symmetrisesti muotoiltu suihkunurkkaus Harma DN038 liukuovet, kromiprofiilit, 6 mm paksu, himme\u00e4 karkaistu lasi on ihanteellinen moderniin suihkuratkaisuun jokaiseen kylpyhuoneeseen. Voidaan asentaa joko vasemmalle tai oikealle k\u00e4\u00e4nt\u00e4m\u00e4ll\u00e4 yl\u00f6salaisin. Yhteensopiva Harma DNA06 tai DNA07 suihkualtaiden kanssa.<\/p>\n","protected":false},"featured_media":3854,"template":"","meta":[],"product_cat":[373],"product_tag":[],"acf":[],"_links":{"self":[{"href":"https:\/\/harma.ee\/fi\/wp-json\/wp\/v2\/product\/7320"}],"collection":[{"href":"https:\/\/harma.ee\/fi\/wp-json\/wp\/v2\/product"}],"about":[{"href":"https:\/\/harma.ee\/fi\/wp-json\/wp\/v2\/types\/product"}],"wp:featuredmedia":[{"embeddable":true,"href":"https:\/\/harma.ee\/fi\/wp-json\/wp\/v2\/media\/3854"}],"wp:attachment":[{"href":"https:\/\/harma.ee\/fi\/wp-json\/wp\/v2\/media?parent=7320"}],"wp:term":[{"taxonomy":"product_cat","embeddable":true,"href":"https:\/\/harma.ee\/fi\/wp-json\/wp\/v2\/product_cat?post=7320"},{"taxonomy":"product_tag","embeddable":true,"href":"https:\/\/harma.ee\/fi\/wp-json\/wp\/v2\/product_tag?post=7320"}],"curies":[{"name":"wp","href":"https:\/\/api.w.org\/{rel}","templated":true}]}}