{"id":7321,"date":"2021-06-29T14:28:32","date_gmt":"2021-06-29T12:28:32","guid":{"rendered":"https:\/\/harma.ee\/dusinurk-harma-dn036-90x90x190cm-umar-alumiiniumist-raam-5mm-karastatud-jaaklaas-alusele-dna10\/"},"modified":"2023-09-04T14:28:31","modified_gmt":"2023-09-04T12:28:31","slug":"suihkukaaret-ja-lasit-harma-dn036-90x90x190cm-pyorea-5mm-himmea-karkaistu-lasi-alusta-dna10","status":"publish","type":"product","link":"https:\/\/harma.ee\/fi\/suihkukaaret-ja-lasit-harma-dn036-90x90x190cm-pyorea-5mm-himmea-karkaistu-lasi-alusta-dna10\/","title":{"rendered":"Suihkukaaret ja lasit Harma DN036 90x90x190cm py\u00f6re\u00e4, 5mm himme\u00e4 karkaistu lasi (alusta DNA10)"},"content":{"rendered":"<p>Py\u00f6re\u00e4t suihkukaaret ja lasit Harma DN036 liukuovilla, kromiprofiileilla, 5 mm paksulla, himme\u00e4ll\u00e4 karkaistulla lasilla on ihanteellinen moderniin suihkuratkaisuun jokaiseen kylpyhuoneeseen. Yhteensopiva Harma DNA10 -suihkualtaan kanssa. <\/p>\n","protected":false},"excerpt":{"rendered":"<p>Py\u00f6re\u00e4t suihkukaaret ja lasit Harma DN036 liukuovilla, kromiprofiileilla, 5 mm paksulla, himme\u00e4ll\u00e4 karkaistulla lasilla on ihanteellinen moderniin suihkuratkaisuun jokaiseen kylpyhuoneeseen. Yhteensopiva Harma DNA10 -suihkualtaan kanssa. <\/p>\n","protected":false},"featured_media":3862,"template":"","meta":[],"product_cat":[373],"product_tag":[],"acf":[],"_links":{"self":[{"href":"https:\/\/harma.ee\/fi\/wp-json\/wp\/v2\/product\/7321"}],"collection":[{"href":"https:\/\/harma.ee\/fi\/wp-json\/wp\/v2\/product"}],"about":[{"href":"https:\/\/harma.ee\/fi\/wp-json\/wp\/v2\/types\/product"}],"wp:featuredmedia":[{"embeddable":true,"href":"https:\/\/harma.ee\/fi\/wp-json\/wp\/v2\/media\/3862"}],"wp:attachment":[{"href":"https:\/\/harma.ee\/fi\/wp-json\/wp\/v2\/media?parent=7321"}],"wp:term":[{"taxonomy":"product_cat","embeddable":true,"href":"https:\/\/harma.ee\/fi\/wp-json\/wp\/v2\/product_cat?post=7321"},{"taxonomy":"product_tag","embeddable":true,"href":"https:\/\/harma.ee\/fi\/wp-json\/wp\/v2\/product_tag?post=7321"}],"curies":[{"name":"wp","href":"https:\/\/api.w.org\/{rel}","templated":true}]}}