{"id":7323,"date":"2021-06-29T14:28:31","date_gmt":"2021-06-29T12:28:31","guid":{"rendered":"https:\/\/harma.ee\/dusinurk-harma-dn035-90x90x190cm-umar-alumiiniumist-raam-5mm-karastatud-hall-klaas-alusele-dna10\/"},"modified":"2023-09-08T14:40:32","modified_gmt":"2023-09-08T12:40:32","slug":"suihkukaaret-ja-lasit-harma-dn035-90x90x190cm-pyorea-5mm-harmaa-karkaistu-lasi-alusta-dna10","status":"publish","type":"product","link":"https:\/\/harma.ee\/fi\/suihkukaaret-ja-lasit-harma-dn035-90x90x190cm-pyorea-5mm-harmaa-karkaistu-lasi-alusta-dna10\/","title":{"rendered":"Suihkukaaret ja lasit Harma DN035 90x90x190cm py\u00f6re\u00e4, 5mm harmaa karkaistu lasi (alusta DNA10)"},"content":{"rendered":"<p>Py\u00f6re\u00e4t suihkukaaret ja lasit Harma DN035 liukuovilla, kromiprofiileilla, 5 mm paksulla, harmaalla karkaistulla lasilla on ihanteellinen moderniin suihkuratkaisuun jokaiseen kylpyhuoneeseen. Yhteensopiva Harma DNA10 -suihkualtaan kanssa. <\/p>\n","protected":false},"excerpt":{"rendered":"<p>Py\u00f6re\u00e4t suihkukaaret ja lasit Harma DN035 liukuovilla, kromiprofiileilla, 5 mm paksulla, harmaalla karkaistulla lasilla on ihanteellinen moderniin suihkuratkaisuun jokaiseen kylpyhuoneeseen. Yhteensopiva Harma DNA10 -suihkualtaan kanssa. <\/p>\n","protected":false},"featured_media":3868,"template":"","meta":[],"product_cat":[373],"product_tag":[],"acf":[],"_links":{"self":[{"href":"https:\/\/harma.ee\/fi\/wp-json\/wp\/v2\/product\/7323"}],"collection":[{"href":"https:\/\/harma.ee\/fi\/wp-json\/wp\/v2\/product"}],"about":[{"href":"https:\/\/harma.ee\/fi\/wp-json\/wp\/v2\/types\/product"}],"wp:featuredmedia":[{"embeddable":true,"href":"https:\/\/harma.ee\/fi\/wp-json\/wp\/v2\/media\/3868"}],"wp:attachment":[{"href":"https:\/\/harma.ee\/fi\/wp-json\/wp\/v2\/media?parent=7323"}],"wp:term":[{"taxonomy":"product_cat","embeddable":true,"href":"https:\/\/harma.ee\/fi\/wp-json\/wp\/v2\/product_cat?post=7323"},{"taxonomy":"product_tag","embeddable":true,"href":"https:\/\/harma.ee\/fi\/wp-json\/wp\/v2\/product_tag?post=7323"}],"curies":[{"name":"wp","href":"https:\/\/api.w.org\/{rel}","templated":true}]}}