{"id":7325,"date":"2021-06-29T14:28:30","date_gmt":"2021-06-29T12:28:30","guid":{"rendered":"https:\/\/harma.ee\/dusinurk-harma-dn034-90x90x190cm-umar-alumiiniumist-raam-5mm-karastatud-kirgas-klaas-alusele-dna10\/"},"modified":"2023-08-03T14:49:43","modified_gmt":"2023-08-03T12:49:43","slug":"suihkukaaret-ja-lasit-harma-dn034-90x90x190cm-pyorea-5mm-karaistu-kirkas-lasi-alusta-dna10","status":"publish","type":"product","link":"https:\/\/harma.ee\/fi\/suihkukaaret-ja-lasit-harma-dn034-90x90x190cm-pyorea-5mm-karaistu-kirkas-lasi-alusta-dna10\/","title":{"rendered":"Suihkukaaret ja lasit Harma DN034 90x90x190cm py\u00f6re\u00e4, 5mm karaistu kirkas lasi (alusta DNA10)"},"content":{"rendered":"<p>Py\u00f6re\u00e4t suihkukaaret ja lasit Harma DN034 liukuovilla, kromiprofiileilla, 5 mm paksulla kirkkaalla karkaistulla lasilla on ihanteellinen moderniin suihkuratkaisuun jokaiseen kylpyhuoneeseen. Yhteensopiva Harma DNA10 -suihkualtaan kanssa. <\/p>\n","protected":false},"excerpt":{"rendered":"<p>Py\u00f6re\u00e4t suihkukaaret ja lasit Harma DN034 liukuovilla, kromiprofiileilla, 5 mm paksulla kirkkaalla karkaistulla lasilla on ihanteellinen moderniin suihkuratkaisuun jokaiseen kylpyhuoneeseen. Yhteensopiva Harma DNA10 -suihkualtaan kanssa. <\/p>\n","protected":false},"featured_media":3876,"template":"","meta":[],"product_cat":[373],"product_tag":[],"acf":[],"_links":{"self":[{"href":"https:\/\/harma.ee\/fi\/wp-json\/wp\/v2\/product\/7325"}],"collection":[{"href":"https:\/\/harma.ee\/fi\/wp-json\/wp\/v2\/product"}],"about":[{"href":"https:\/\/harma.ee\/fi\/wp-json\/wp\/v2\/types\/product"}],"wp:featuredmedia":[{"embeddable":true,"href":"https:\/\/harma.ee\/fi\/wp-json\/wp\/v2\/media\/3876"}],"wp:attachment":[{"href":"https:\/\/harma.ee\/fi\/wp-json\/wp\/v2\/media?parent=7325"}],"wp:term":[{"taxonomy":"product_cat","embeddable":true,"href":"https:\/\/harma.ee\/fi\/wp-json\/wp\/v2\/product_cat?post=7325"},{"taxonomy":"product_tag","embeddable":true,"href":"https:\/\/harma.ee\/fi\/wp-json\/wp\/v2\/product_tag?post=7325"}],"curies":[{"name":"wp","href":"https:\/\/api.w.org\/{rel}","templated":true}]}}