{"id":7330,"date":"2021-06-29T14:28:28","date_gmt":"2021-06-29T12:28:28","guid":{"rendered":"https:\/\/harma.ee\/dusinurk-harma-dn032-80x80x190cm-umar-alumiiniumist-raam-5mm-karastatud-jaaklaas-alusele-dna09\/"},"modified":"2023-09-04T14:27:36","modified_gmt":"2023-09-04T12:27:36","slug":"suihkukaaret-ja-lasit-harma-dn032-80x80x190cm-pyorea-alumiinirunko5mm-himmea-karkaistu-lasi-alusta-dna09","status":"publish","type":"product","link":"https:\/\/harma.ee\/fi\/suihkukaaret-ja-lasit-harma-dn032-80x80x190cm-pyorea-alumiinirunko5mm-himmea-karkaistu-lasi-alusta-dna09\/","title":{"rendered":"Suihkukaaret ja lasit Harma DN032 80x80x190cm py\u00f6re\u00e4, alumiinirunko\/5mm himme\u00e4 karkaistu lasi (alusta DNA09)"},"content":{"rendered":"<p>Py\u00f6re\u00e4t suihkukaaret ja lasit Harma DN032 liukuovilla, kromiprofiileilla, 5 mm paksulla, himme\u00e4ll\u00e4 karkaistulla lasilla on ihanteellinen moderniin suihkuratkaisuun jokaiseen kylpyhuoneeseen. Yhteensopiva Harma DNA09 -suihkualtaan kanssa. <\/p>\n","protected":false},"excerpt":{"rendered":"<p>Py\u00f6re\u00e4t suihkukaaret ja lasit Harma DN032 liukuovilla, kromiprofiileilla, 5 mm paksulla, himme\u00e4ll\u00e4 karkaistulla lasilla on ihanteellinen moderniin suihkuratkaisuun jokaiseen kylpyhuoneeseen. Yhteensopiva Harma DNA09 -suihkualtaan kanssa. <\/p>\n","protected":false},"featured_media":3884,"template":"","meta":[],"product_cat":[373],"product_tag":[],"acf":[],"_links":{"self":[{"href":"https:\/\/harma.ee\/fi\/wp-json\/wp\/v2\/product\/7330"}],"collection":[{"href":"https:\/\/harma.ee\/fi\/wp-json\/wp\/v2\/product"}],"about":[{"href":"https:\/\/harma.ee\/fi\/wp-json\/wp\/v2\/types\/product"}],"wp:featuredmedia":[{"embeddable":true,"href":"https:\/\/harma.ee\/fi\/wp-json\/wp\/v2\/media\/3884"}],"wp:attachment":[{"href":"https:\/\/harma.ee\/fi\/wp-json\/wp\/v2\/media?parent=7330"}],"wp:term":[{"taxonomy":"product_cat","embeddable":true,"href":"https:\/\/harma.ee\/fi\/wp-json\/wp\/v2\/product_cat?post=7330"},{"taxonomy":"product_tag","embeddable":true,"href":"https:\/\/harma.ee\/fi\/wp-json\/wp\/v2\/product_tag?post=7330"}],"curies":[{"name":"wp","href":"https:\/\/api.w.org\/{rel}","templated":true}]}}