{"id":7334,"date":"2021-06-29T14:28:32","date_gmt":"2021-06-29T12:28:32","guid":{"rendered":"https:\/\/harma.ee\/dusialus-harma-dna11-90x90x15cm-kandiline-dusinurgale-dn026-dn027-ja-dn037\/"},"modified":"2023-08-03T10:30:45","modified_gmt":"2023-08-03T08:30:45","slug":"suihkuallas-harma-dna11-90x90x15cm-suora-suihkukulmille-dn026-dn027-ja-dn037","status":"publish","type":"product","link":"https:\/\/harma.ee\/fi\/suihkuallas-harma-dna11-90x90x15cm-suora-suihkukulmille-dn026-dn027-ja-dn037\/","title":{"rendered":"Suihkuallas Harma DNA11 90x90x15cm, suora (suihkukulmille DN026; DN027)"},"content":{"rendered":"<p>Neli\u00f6n muotoinen suihkuallas Harma DNA11. Valkoinen s\u00e4\u00e4dett\u00e4vill\u00e4 jaloilla ja helposti asennettavalla tyhjennysmekanismilla (toimitetaan altaan mukana). Ihanteellinen k\u00e4ytett\u00e4v\u00e4ksi Harma suihkunurkan DN037 kanssa.  <\/p>\n","protected":false},"excerpt":{"rendered":"<p>Neli\u00f6n muotoinen suihkuallas Harma DNA11. Valkoinen s\u00e4\u00e4dett\u00e4vill\u00e4 jaloilla ja helposti asennettavalla tyhjennysmekanismilla (toimitetaan altaan mukana). Ihanteellinen k\u00e4ytett\u00e4v\u00e4ksi Harma suihkunurkan DN037 kanssa.  <\/p>\n","protected":false},"featured_media":3991,"template":"","meta":[],"product_cat":[367],"product_tag":[],"acf":[],"_links":{"self":[{"href":"https:\/\/harma.ee\/fi\/wp-json\/wp\/v2\/product\/7334"}],"collection":[{"href":"https:\/\/harma.ee\/fi\/wp-json\/wp\/v2\/product"}],"about":[{"href":"https:\/\/harma.ee\/fi\/wp-json\/wp\/v2\/types\/product"}],"wp:featuredmedia":[{"embeddable":true,"href":"https:\/\/harma.ee\/fi\/wp-json\/wp\/v2\/media\/3991"}],"wp:attachment":[{"href":"https:\/\/harma.ee\/fi\/wp-json\/wp\/v2\/media?parent=7334"}],"wp:term":[{"taxonomy":"product_cat","embeddable":true,"href":"https:\/\/harma.ee\/fi\/wp-json\/wp\/v2\/product_cat?post=7334"},{"taxonomy":"product_tag","embeddable":true,"href":"https:\/\/harma.ee\/fi\/wp-json\/wp\/v2\/product_tag?post=7334"}],"curies":[{"name":"wp","href":"https:\/\/api.w.org\/{rel}","templated":true}]}}