{"id":7336,"date":"2021-06-29T14:28:13","date_gmt":"2021-06-29T12:28:13","guid":{"rendered":"https:\/\/harma.ee\/dusialus-harma-dna10-90x90x15cm-umar-dusinurgale-dn023-dn024-dn025-dn034-dn0356-dn037\/"},"modified":"2023-08-03T10:31:53","modified_gmt":"2023-08-03T08:31:53","slug":"suihkuallas-harma-dna10-90x90x15cm-kaareva-suihkukulmille-dn023-dn024-dn025-dn034-dn0356-dn037","status":"publish","type":"product","link":"https:\/\/harma.ee\/fi\/suihkuallas-harma-dna10-90x90x15cm-kaareva-suihkukulmille-dn023-dn024-dn025-dn034-dn0356-dn037\/","title":{"rendered":"Suihkuallas Harma DNA10 90x90x15cm, kaareva (suihkukulmille DN023; DN024; DN025)"},"content":{"rendered":"<p>Py\u00f6re\u00e4 suihkuallas Harma DNA10. Valkoinen s\u00e4\u00e4dett\u00e4vill\u00e4 jaloilla ja helposti asennettavalla tyhjennysmekanismilla (toimitetaan altaan mukana). Ihanteellinen k\u00e4ytett\u00e4v\u00e4ksi Harma suihkunurkan DN034, DN035 tai DN036 kanssa.  <\/p>\n","protected":false},"excerpt":{"rendered":"<p>Py\u00f6re\u00e4 suihkuallas Harma DNA10. Valkoinen s\u00e4\u00e4dett\u00e4vill\u00e4 jaloilla ja helposti asennettavalla tyhjennysmekanismilla (toimitetaan altaan mukana). Ihanteellinen k\u00e4ytett\u00e4v\u00e4ksi Harma suihkunurkan DN034, DN035 tai DN036 kanssa.  <\/p>\n","protected":false},"featured_media":3997,"template":"","meta":[],"product_cat":[367],"product_tag":[],"acf":[],"_links":{"self":[{"href":"https:\/\/harma.ee\/fi\/wp-json\/wp\/v2\/product\/7336"}],"collection":[{"href":"https:\/\/harma.ee\/fi\/wp-json\/wp\/v2\/product"}],"about":[{"href":"https:\/\/harma.ee\/fi\/wp-json\/wp\/v2\/types\/product"}],"wp:featuredmedia":[{"embeddable":true,"href":"https:\/\/harma.ee\/fi\/wp-json\/wp\/v2\/media\/3997"}],"wp:attachment":[{"href":"https:\/\/harma.ee\/fi\/wp-json\/wp\/v2\/media?parent=7336"}],"wp:term":[{"taxonomy":"product_cat","embeddable":true,"href":"https:\/\/harma.ee\/fi\/wp-json\/wp\/v2\/product_cat?post=7336"},{"taxonomy":"product_tag","embeddable":true,"href":"https:\/\/harma.ee\/fi\/wp-json\/wp\/v2\/product_tag?post=7336"}],"curies":[{"name":"wp","href":"https:\/\/api.w.org\/{rel}","templated":true}]}}